{"id":34982,"date":"2016-09-25T22:48:05","date_gmt":"2016-09-25T22:48:05","guid":{"rendered":"https:\/\/www.myaquastore.com\/product\/pompe-a-air-detang-jebao-super-silencieuse-25w-45l-min-pa45\/"},"modified":"2025-03-16T08:35:54","modified_gmt":"2025-03-16T08:35:54","slug":"pompe-a-air-detang-jebao-super-silencieuse-25w-45l-min-pa45","status":"publish","type":"product","link":"https:\/\/www.myaquastore.com\/fr\/product\/pompe-a-air-detang-jebao-super-silencieuse-25w-45l-min-pa45\/","title":{"rendered":"Pompe \u00e0 air d&rsquo;\u00e9tang Jebao super silencieuse, 25W, 45L\/min, PA45"},"content":{"rendered":"<article class=\"article richtext richtext-detail AE:disable\" id=\"richTextContainer\">\n<div style=\"clear:both\">\n<p><span style=\"font-family: 'times new roman', times;font-size: 24px\"> 25W 45L\/min Jebao super assez pompe \u00e0 air d&rsquo;\u00e9tang PA45<\/span><br \/><span style=\"font-family: 'times new roman', times\">1. Installation et maintenance faciles<\/span><br \/><span style=\"font-family: 'times new roman', times;font-size: 24px\">2. s\u00fbr<\/span><br \/><span style=\"font-family: 'times new roman', times;font-size: 24px\">3. le bruit est d&rsquo;environ 32 dBA<\/span><\/p>\n<p><span style=\"font-family: 'times new roman', times;font-size: 24px\">4. l&#8217;emballage est de 4 pi\u00e8ces\/carton<\/span><\/p>\n<p><span style=\"font-family: 'times new roman', times;font-size: 24px\">5. Petite taille<\/span><\/p>\n<p><span style=\"font-family: 'times new roman', times;font-size: 24px\">6.haute performance\u00a0: 40 % plus \u00e9lev\u00e9e que la pompe \u00e0 air normale<\/span><\/p>\n<p><span style=\"font-family: 'times new roman', times;font-size: 24px\">7.\u00e9conomie d&rsquo;\u00e9nergie 30%<\/span><\/p>\n<p><span style=\"font-family: 'times new roman', times;font-size: 24px\">8.avec arbre en c\u00e9ramique r\u00e9sistant \u00e0 l&rsquo;usure, dur\u00e9e de vie plus longue<\/span><\/p>\n<p><span style=\"font-family: 'times new roman', times\"><img decoding=\"async\" data-alt=\"25W 45L\/min Jebao super assez pompe \u00e0 air de bassin PA45\" data-src=\"http:\/\/localhost\/media\/import\/detail\/HTB1GHBsHFXXXXXFXFXXq6xXFXXX6.jpg\" src=\"\"><img decoding=\"async\" alt=\"25W 45L\/min Jebao super assez pompe \u00e0 air de bassin PA45\" src=\"http:\/\/localhost\/media\/import\/detail\/HTB1GHBsHFXXXXXFXFXXq6xXFXXX6.jpg\"><img decoding=\"async\" data-alt=\"25W 45L\/min Jebao super assez pompe \u00e0 air de bassin PA45\" data-src=\"http:\/\/localhost\/media\/import\/detail\/HTB1IkhpHFXXXXXeXVXXq6xXFXXXt.jpg\" src=\"\"><img decoding=\"async\" alt=\"25W 45L\/min Jebao super calme pompe \u00e0 air de bassin PA45\" src=\"http:\/\/localhost\/media\/import\/detail\/HTB1IkhpHFXXXXXeXVXXq6xXFXXXt.jpg\"><img decoding=\"async\" data-alt=\"25W 45L\/min Jebao super assez pompe \u00e0 air de bassin PA45\" data-src=\"http:\/\/localhost\/media\/import\/detail\/HTB1Dw4sHFXXXXXhXFXXq6xXFXXXY.jpg\" src=\"\"><img decoding=\"async\" alt=\"25W 45L\/min Jebao super calme pompe \u00e0 air de bassin PA45\" src=\"http:\/\/localhost\/media\/import\/detail\/HTB1Dw4sHFXXXXXhXFXXq6xXFXXXY.jpg\"><img decoding=\"async\" data-alt=\"25W 45L\/min Jebao super silencieux pompe \u00e0 air de bassin PA45\" data-src=\"http:\/\/localhost\/media\/import\/detail\/HTB1gF0oHFXXXXbGXVXXq6xXFXXX8.jpg\" src=\"\"><img alt=\"25W 45L\/min Jebao super silencieux pompe \u00e0 air de bassin PA45\"><\/span><\/p>\n<\/p>\n<div style=\"clear:both\"><\/div>\n<\/div>\n<\/article>\n","protected":false},"excerpt":{"rendered":"<p>Pompe \u00e0 air d&rsquo;\u00e9tang Jebao super silencieuse, 25W, 45L\/min, PA45<\/p>\n","protected":false},"featured_media":2155,"comment_status":"open","ping_status":"closed","template":"","meta":[],"product_brand":[],"product_cat":[1338],"product_tag":[],"class_list":{"0":"post-34982","1":"product","2":"type-product","3":"status-publish","4":"has-post-thumbnail","6":"product_cat-filtres-pour-aquariums","8":"first","9":"instock","10":"shipping-taxable","11":"purchasable","12":"product-type-simple"},"_links":{"self":[{"href":"https:\/\/www.myaquastore.com\/fr\/wp-json\/wp\/v2\/product\/34982","targetHints":{"allow":["GET"]}}],"collection":[{"href":"https:\/\/www.myaquastore.com\/fr\/wp-json\/wp\/v2\/product"}],"about":[{"href":"https:\/\/www.myaquastore.com\/fr\/wp-json\/wp\/v2\/types\/product"}],"replies":[{"embeddable":true,"href":"https:\/\/www.myaquastore.com\/fr\/wp-json\/wp\/v2\/comments?post=34982"}],"wp:featuredmedia":[{"embeddable":true,"href":"https:\/\/www.myaquastore.com\/fr\/wp-json\/wp\/v2\/media\/2155"}],"wp:attachment":[{"href":"https:\/\/www.myaquastore.com\/fr\/wp-json\/wp\/v2\/media?parent=34982"}],"wp:term":[{"taxonomy":"product_brand","embeddable":true,"href":"https:\/\/www.myaquastore.com\/fr\/wp-json\/wp\/v2\/product_brand?post=34982"},{"taxonomy":"product_cat","embeddable":true,"href":"https:\/\/www.myaquastore.com\/fr\/wp-json\/wp\/v2\/product_cat?post=34982"},{"taxonomy":"product_tag","embeddable":true,"href":"https:\/\/www.myaquastore.com\/fr\/wp-json\/wp\/v2\/product_tag?post=34982"}],"curies":[{"name":"wp","href":"https:\/\/api.w.org\/{rel}","templated":true}]}}