{"id":34990,"date":"2016-09-25T22:48:05","date_gmt":"2016-09-25T22:48:05","guid":{"rendered":"https:\/\/www.myaquastore.com\/product\/pompe-a-eau-submersible-jebao-675-w-dct8000-avec-controleur-de-vitesse\/"},"modified":"2025-03-16T08:35:56","modified_gmt":"2025-03-16T08:35:56","slug":"pompe-a-eau-submersible-jebao-675-w-dct8000-avec-controleur-de-vitesse","status":"publish","type":"product","link":"https:\/\/www.myaquastore.com\/fr\/product\/pompe-a-eau-submersible-jebao-675-w-dct8000-avec-controleur-de-vitesse\/","title":{"rendered":"Pompe \u00e0 eau submersible Jebao 67,5 W DCT8000 avec contr\u00f4leur de vitesse"},"content":{"rendered":"<article class=\"article richtext richtext-detail AE:disable\" id=\"richTextContainer\">\n<div style=\"clear:both\">\n<p><span style=\"font-family: 'times new roman', times;font-size: 24px\"> Pompe \u00e0 eau submersible Jebao 67,5 W DCT8000 avec contr\u00f4leur de vitesse<\/span><br \/><span style=\"font-family: 'times new roman', times\">1. Installation et maintenance faciles<\/span><br \/><span style=\"font-family: 'times new roman', times;font-size: 24px\">2. assez,s\u00fbr<\/span><br \/><span style=\"font-family: 'times new roman', times;font-size: 24px\">3. \u00e9conomique, \u00e9conomie d&rsquo;\u00e9nergie jusqu&rsquo;\u00e0 65\u00a0%<\/span><\/p>\n<p><span style=\"font-family: 'times new roman', times;font-size: 24px\">4. l&#8217;emballage est de 4 pi\u00e8ces\/carton<\/span><\/p>\n<p><span style=\"font-family: 'times new roman', times;font-size: 24px\">5. protection contre la mise hors tension automatique en cas d&rsquo;absence d&rsquo;eau<\/span><\/p>\n<p><span style=\"font-family: 'times new roman', times;font-size: 24px\">6.Hautes performances avec un moteur \u00e9lectronique innovant<\/span><\/p>\n<p><span style=\"font-family: 'times new roman', times;font-size: 24px\">7.<\/span><span style=\"line-height: 36px;font-family: 'times new roman', times;font-size: 24px\">avec arbre en c\u00e9ramique r\u00e9sistant \u00e0 l&rsquo;usure, dur\u00e9e de vie plus longue<\/span><\/p>\n<p><span style=\"line-height: 36px;font-family: 'times new roman', times\u00a0\"><img decoding=\"async\" data-alt=\"Pompe \u00e0 eau submersible Jebao 67,5 W DCT8000 avec contr\u00f4leur de vitesse\" data-src=\"http:\/\/localhost\/media\/import\/detail\/HTB1ld0dHFXXXXbkXpXXq6xXFXXXL.jpg\" src=\"\"><img><img decoding=\"async\" alt=\"Pompe \u00e0 eau submersible Jebao 67,5 W DCT8000 avec contr\u00f4leur de vitesse\" src=\"http:\/\/localhost\/media\/import\/detail\/HTB1JD8XHFXXXXcAXFXXq6xXFXXXJ.jpg\"><img decoding=\"async\" data-alt=\"Pompe \u00e0 eau submersible Jebao 67,5 W DCT8000 avec contr\u00f4leur de vitesse\" data-src=\"http:\/\/localhost\/media\/import\/detail\/HTB1.SA8HpXXXXXHaXXXq6xXFXXXL.jpg\" src=\"\"><img decoding=\"async\" alt=\"Pompe \u00e0 eau submersible Jebao 67,5 W DCT8000 avec r\u00e9gulateur de vitesse\" src=\"http:\/\/localhost\/media\/import\/detail\/HTB1.SA8HpXXXXXHaXXXq6xXFXXXL.jpg\"><\/span><\/p>\n<div style=\"clear:both\"><\/div>\n<\/div>\n<\/article>\n","protected":false},"excerpt":{"rendered":"<p>Pompe \u00e0 eau submersible Jebao 67,5 W DCT8000 avec contr\u00f4leur de vitesse<\/p>\n","protected":false},"featured_media":2170,"comment_status":"open","ping_status":"closed","template":"","meta":[],"product_brand":[],"product_cat":[1338],"product_tag":[],"class_list":{"0":"post-34990","1":"product","2":"type-product","3":"status-publish","4":"has-post-thumbnail","6":"product_cat-filtres-pour-aquariums","8":"first","9":"instock","10":"shipping-taxable","11":"purchasable","12":"product-type-simple"},"_links":{"self":[{"href":"https:\/\/www.myaquastore.com\/fr\/wp-json\/wp\/v2\/product\/34990","targetHints":{"allow":["GET"]}}],"collection":[{"href":"https:\/\/www.myaquastore.com\/fr\/wp-json\/wp\/v2\/product"}],"about":[{"href":"https:\/\/www.myaquastore.com\/fr\/wp-json\/wp\/v2\/types\/product"}],"replies":[{"embeddable":true,"href":"https:\/\/www.myaquastore.com\/fr\/wp-json\/wp\/v2\/comments?post=34990"}],"wp:featuredmedia":[{"embeddable":true,"href":"https:\/\/www.myaquastore.com\/fr\/wp-json\/wp\/v2\/media\/2170"}],"wp:attachment":[{"href":"https:\/\/www.myaquastore.com\/fr\/wp-json\/wp\/v2\/media?parent=34990"}],"wp:term":[{"taxonomy":"product_brand","embeddable":true,"href":"https:\/\/www.myaquastore.com\/fr\/wp-json\/wp\/v2\/product_brand?post=34990"},{"taxonomy":"product_cat","embeddable":true,"href":"https:\/\/www.myaquastore.com\/fr\/wp-json\/wp\/v2\/product_cat?post=34990"},{"taxonomy":"product_tag","embeddable":true,"href":"https:\/\/www.myaquastore.com\/fr\/wp-json\/wp\/v2\/product_tag?post=34990"}],"curies":[{"name":"wp","href":"https:\/\/api.w.org\/{rel}","templated":true}]}}