{"id":34994,"date":"2016-09-25T22:48:05","date_gmt":"2016-09-25T22:48:05","guid":{"rendered":"https:\/\/www.myaquastore.com\/product\/pompe-a-eau-submersible-jebao-70w-bp9000-avec-controleur-de-vitesse\/"},"modified":"2025-03-16T08:35:56","modified_gmt":"2025-03-16T08:35:56","slug":"pompe-a-eau-submersible-jebao-70w-bp9000-avec-controleur-de-vitesse","status":"publish","type":"product","link":"https:\/\/www.myaquastore.com\/fr\/product\/pompe-a-eau-submersible-jebao-70w-bp9000-avec-controleur-de-vitesse\/","title":{"rendered":"Pompe \u00e0 eau submersible Jebao 70W BP9000 avec contr\u00f4leur de vitesse"},"content":{"rendered":"<article class=\"article richtext richtext-detail AE:disable\" id=\"richTextContainer\">\n<div style=\"clear:both\">\n<p><span style=\"font-family: 'times new roman', times;font-size: 24px\"> Pompe \u00e0 eau submersible Jebao 70W BP9000 avec contr\u00f4leur de vitesse<\/span><br \/><span style=\"font-family: 'times new roman', times\">1. Installation et maintenance faciles<\/span><br \/><span style=\"font-family: 'times new roman', times;font-size: 24px\">2. assez,s\u00fbr<\/span><br \/><span style=\"font-family: 'times new roman', times;font-size: 24px\">3. \u00e9conomique, \u00e9conomie d&rsquo;\u00e9nergie jusqu&rsquo;\u00e0 65\u00a0%<\/span><\/p>\n<p><span style=\"font-family: 'times new roman', times;font-size: 24px\">4. l&#8217;emballage est de 4 pi\u00e8ces\/carton<\/span><\/p>\n<p><span style=\"font-family: 'times new roman', times;font-size: 24px\">5. protection de mise hors tension automatique en cas d&rsquo;absence d&rsquo;eau<\/span><\/p>\n<p><span style=\"font-family: 'times new roman', times;font-size: 24px\">6. protection du moteur si le rotor est bloqu\u00e9<\/span><\/p>\n<p><span style=\"font-family: 'times new roman', times;font-size: 24px\">7.aucun \u00e9l\u00e9ment en cuivre<\/span><\/p>\n<p><span style=\"font-family: 'times new roman', times;font-size: 24px\">8.avec arbre en c\u00e9ramique r\u00e9sistant \u00e0 l&rsquo;usure, dur\u00e9e de vie plus longue<\/span><\/p>\n<div style=\"clear:both\"><\/article>\n","protected":false},"excerpt":{"rendered":"<p>Pompe \u00e0 eau submersible Jebao 70W BP9000 avec contr\u00f4leur de vitesse<\/p>\n","protected":false},"featured_media":2177,"comment_status":"open","ping_status":"closed","template":"","meta":[],"product_brand":[],"product_cat":[1338],"product_tag":[],"class_list":{"0":"post-34994","1":"product","2":"type-product","3":"status-publish","4":"has-post-thumbnail","6":"product_cat-filtres-pour-aquariums","8":"first","9":"instock","10":"shipping-taxable","11":"purchasable","12":"product-type-simple"},"_links":{"self":[{"href":"https:\/\/www.myaquastore.com\/fr\/wp-json\/wp\/v2\/product\/34994","targetHints":{"allow":["GET"]}}],"collection":[{"href":"https:\/\/www.myaquastore.com\/fr\/wp-json\/wp\/v2\/product"}],"about":[{"href":"https:\/\/www.myaquastore.com\/fr\/wp-json\/wp\/v2\/types\/product"}],"replies":[{"embeddable":true,"href":"https:\/\/www.myaquastore.com\/fr\/wp-json\/wp\/v2\/comments?post=34994"}],"wp:featuredmedia":[{"embeddable":true,"href":"https:\/\/www.myaquastore.com\/fr\/wp-json\/wp\/v2\/media\/2177"}],"wp:attachment":[{"href":"https:\/\/www.myaquastore.com\/fr\/wp-json\/wp\/v2\/media?parent=34994"}],"wp:term":[{"taxonomy":"product_brand","embeddable":true,"href":"https:\/\/www.myaquastore.com\/fr\/wp-json\/wp\/v2\/product_brand?post=34994"},{"taxonomy":"product_cat","embeddable":true,"href":"https:\/\/www.myaquastore.com\/fr\/wp-json\/wp\/v2\/product_cat?post=34994"},{"taxonomy":"product_tag","embeddable":true,"href":"https:\/\/www.myaquastore.com\/fr\/wp-json\/wp\/v2\/product_tag?post=34994"}],"curies":[{"name":"wp","href":"https:\/\/api.w.org\/{rel}","templated":true}]}}