{"id":35013,"date":"2016-09-25T23:27:40","date_gmt":"2016-09-25T23:27:40","guid":{"rendered":"https:\/\/www.myaquastore.com\/product\/lumiere-led-submersible-a-double-ligne-de-couleur-blanche-18w-142cm-pour-arowana\/"},"modified":"2025-03-16T08:36:00","modified_gmt":"2025-03-16T08:36:00","slug":"lumiere-led-submersible-a-double-ligne-de-couleur-blanche-18w-142cm-pour-arowana","status":"publish","type":"product","link":"https:\/\/www.myaquastore.com\/fr\/product\/lumiere-led-submersible-a-double-ligne-de-couleur-blanche-18w-142cm-pour-arowana\/","title":{"rendered":"Lumi\u00e8re LED Submersible \u00e0 double ligne de couleur blanche, 18W, 142CM, pour arowana"},"content":{"rendered":"<article class=\"article richtext richtext-detail AE:disable\" id=\"richTextContainer\">\n<div style=\"clear:both\">\n<p><span style=\"font-family: 'times new roman', times;font-size: 24px\">18W 142CM Lumi\u00e8re LED submersible double ligne de couleur blanche pour arowana<\/span><br \/><span style=\"font-family: 'times new roman', times\">1.double ligne<\/span><br \/><span style=\"font-family: 'times new roman', times;font-size: 24px\">2.longueur diff\u00e9rente (55 cm 72 cm 92 cm 112 cm 142 cm 172 cm)<\/span><br \/><span style=\"font-family: 'times new roman', times;24px\">3.\u00e9conomie d&rsquo;\u00e9nergie<\/span><\/p>\n<p><span style=\"font-family: 'times new roman', times;font-size: 24px\">4. l&#8217;emballage est de 20 pi\u00e8ces\/carton<\/span><\/p>\n<p><span style=\"font-family: 'times new roman', times\">5. temp\u00e9rature de fonctionnement : de -20 \u00e0 60 degr\u00e9<\/span><\/p>\n<p><span style=\"font-family: 'times new roman', times;font-size: 24px\">6. tension d&rsquo;alimentation\u00a0: DC12V<\/span><\/p>\n<p><span style=\"font-family: 'times new roman', times;font-size: 24px\">7.longueur: 142 cm<\/span><\/p>\n<p><span style=\"font-family: 'times new romain', temps\">8.colors disponibles\u00a0: rouge, blanc<\/span><\/p>\n<div style=\"clear:both\"><\/article>\n","protected":false},"excerpt":{"rendered":"<p>Lumi\u00e8re LED Submersible \u00e0 double ligne de couleur blanche, 18W, 142CM, pour arowana<\/p>\n","protected":false},"featured_media":2215,"comment_status":"open","ping_status":"closed","template":"","meta":[],"product_brand":[],"product_cat":[1338],"product_tag":[],"class_list":{"0":"post-35013","1":"product","2":"type-product","3":"status-publish","4":"has-post-thumbnail","6":"product_cat-filtres-pour-aquariums","8":"first","9":"instock","10":"shipping-taxable","11":"purchasable","12":"product-type-simple"},"_links":{"self":[{"href":"https:\/\/www.myaquastore.com\/fr\/wp-json\/wp\/v2\/product\/35013","targetHints":{"allow":["GET"]}}],"collection":[{"href":"https:\/\/www.myaquastore.com\/fr\/wp-json\/wp\/v2\/product"}],"about":[{"href":"https:\/\/www.myaquastore.com\/fr\/wp-json\/wp\/v2\/types\/product"}],"replies":[{"embeddable":true,"href":"https:\/\/www.myaquastore.com\/fr\/wp-json\/wp\/v2\/comments?post=35013"}],"wp:featuredmedia":[{"embeddable":true,"href":"https:\/\/www.myaquastore.com\/fr\/wp-json\/wp\/v2\/media\/2215"}],"wp:attachment":[{"href":"https:\/\/www.myaquastore.com\/fr\/wp-json\/wp\/v2\/media?parent=35013"}],"wp:term":[{"taxonomy":"product_brand","embeddable":true,"href":"https:\/\/www.myaquastore.com\/fr\/wp-json\/wp\/v2\/product_brand?post=35013"},{"taxonomy":"product_cat","embeddable":true,"href":"https:\/\/www.myaquastore.com\/fr\/wp-json\/wp\/v2\/product_cat?post=35013"},{"taxonomy":"product_tag","embeddable":true,"href":"https:\/\/www.myaquastore.com\/fr\/wp-json\/wp\/v2\/product_tag?post=35013"}],"curies":[{"name":"wp","href":"https:\/\/api.w.org\/{rel}","templated":true}]}}