{"id":35023,"date":"2016-09-25T23:27:40","date_gmt":"2016-09-25T23:27:40","guid":{"rendered":"https:\/\/www.myaquastore.com\/product\/chauffage-rond-en-verre-hopar-100w-avec-couvercle-de-protection-yx-28\/"},"modified":"2025-03-16T08:36:02","modified_gmt":"2025-03-16T08:36:02","slug":"chauffage-rond-en-verre-hopar-100w-avec-couvercle-de-protection-yx-28","status":"publish","type":"product","link":"https:\/\/www.myaquastore.com\/fr\/product\/chauffage-rond-en-verre-hopar-100w-avec-couvercle-de-protection-yx-28\/","title":{"rendered":"Chauffage rond en verre HOPAR 100W avec couvercle de protection YX-28"},"content":{"rendered":"<article class=\"article richtext richtext-detail AE:disable\" id=\"richTextContainer\">\n<div style=\"clear:both\">\n<p><span style=\"font-family: 'times new roman', times;font-size: 24px\">Chauffage rond en verre HOPAR 100 W avec couvercle de protection YX-28 <\/span><\/p>\n<p><span style=\"font-family: 'times new roman', times;font-size: 24px\">1 Verre antid\u00e9flagrant<\/span><br \/><span style=\"font-family: 'times new roman', times;font-size: 24px\">2 Affichage num\u00e9rique LED de la temp\u00e9rature<\/span><br \/><span style=\"font-family: 'times new roman', times;'times new roman', times;font-size: 24px\">4 Pr\u00e9cision de temp\u00e9rature s\u00fbre et fiable<\/span><br \/><span style=\"font-family: 'times new roman', times;font-size: 24px\">5 Convient pour l&rsquo;eau douce et sal\u00e9e<\/span><\/p>\n<p><span style=\"font-family: 'times new roman', times;font-size: 24px\">6 Protection externe, am\u00e9lior\u00e9e ; s\u00e9curit\u00e9<\/span><\/p>\n<p><img decoding=\"async\" data-alt=\"R\u00e9chauffeur rond en verre HOPAR 100 W avec couvercle de protection YX-28\" data-src=\"http:\/\/localhost\/media\/import\/detail\/HTB1MzQAHpXXXXXcXpXXq6xXFXXXR.jpg\" src=\"\"><img decoding=\"async\" alt=\"R\u00e9chauffeur rond en verre HOPAR 100 W avec Couvercle de protection YX-28\" src=\"http:\/\/localhost\/media\/import\/detail\/HTB1MzQAHpXXXXXcXpXXq6xXFXXXR.jpg\"><img decoding=\"async\" data-alt=\"Chauffage rond en verre HOPAR 100 W avec couvercle de protection YX-28\" data-src=\"http:\/\/localhost\/media\/import\/detail\/HTB10wsyHpXXXXchXpXXq6xXFXXXf.jpg\" src=\"\"><img decoding=\"async\" alt=\"R\u00e9chauffeur rond en verre HOPAR 100 W avec couvercle de protection YX-28\" src=\"http:\/\/localhost\/media\/import\/detail\/HTB10wsyHpXXXXchXpXXq6xXFXXXf.jpg\"><\/p>\n<div style=\"clear:both\"><\/div>\n<\/div>\n<\/article>\n","protected":false},"excerpt":{"rendered":"<p>Chauffage rond en verre HOPAR 100W avec couvercle de protection YX-28<\/p>\n","protected":false},"featured_media":2235,"comment_status":"open","ping_status":"closed","template":"","meta":[],"product_brand":[],"product_cat":[1338],"product_tag":[],"class_list":{"0":"post-35023","1":"product","2":"type-product","3":"status-publish","4":"has-post-thumbnail","6":"product_cat-filtres-pour-aquariums","8":"first","9":"instock","10":"shipping-taxable","11":"purchasable","12":"product-type-simple"},"_links":{"self":[{"href":"https:\/\/www.myaquastore.com\/fr\/wp-json\/wp\/v2\/product\/35023","targetHints":{"allow":["GET"]}}],"collection":[{"href":"https:\/\/www.myaquastore.com\/fr\/wp-json\/wp\/v2\/product"}],"about":[{"href":"https:\/\/www.myaquastore.com\/fr\/wp-json\/wp\/v2\/types\/product"}],"replies":[{"embeddable":true,"href":"https:\/\/www.myaquastore.com\/fr\/wp-json\/wp\/v2\/comments?post=35023"}],"wp:featuredmedia":[{"embeddable":true,"href":"https:\/\/www.myaquastore.com\/fr\/wp-json\/wp\/v2\/media\/2235"}],"wp:attachment":[{"href":"https:\/\/www.myaquastore.com\/fr\/wp-json\/wp\/v2\/media?parent=35023"}],"wp:term":[{"taxonomy":"product_brand","embeddable":true,"href":"https:\/\/www.myaquastore.com\/fr\/wp-json\/wp\/v2\/product_brand?post=35023"},{"taxonomy":"product_cat","embeddable":true,"href":"https:\/\/www.myaquastore.com\/fr\/wp-json\/wp\/v2\/product_cat?post=35023"},{"taxonomy":"product_tag","embeddable":true,"href":"https:\/\/www.myaquastore.com\/fr\/wp-json\/wp\/v2\/product_tag?post=35023"}],"curies":[{"name":"wp","href":"https:\/\/api.w.org\/{rel}","templated":true}]}}