{"id":35031,"date":"2016-09-25T23:27:40","date_gmt":"2016-09-25T23:27:40","guid":{"rendered":"https:\/\/www.myaquastore.com\/product\/chauffage-tube-de-verre-aquarex-300w-avec-couvercle-de-protection-gh300\/"},"modified":"2025-03-16T08:36:03","modified_gmt":"2025-03-16T08:36:03","slug":"chauffage-tube-de-verre-aquarex-300w-avec-couvercle-de-protection-gh300","status":"publish","type":"product","link":"https:\/\/www.myaquastore.com\/fr\/product\/chauffage-tube-de-verre-aquarex-300w-avec-couvercle-de-protection-gh300\/","title":{"rendered":"Chauffage tube de verre Aquarex 300W avec couvercle de protection GH300"},"content":{"rendered":"<article class=\"article richtext richtext-detail AE:disable\" id=\"richTextContainer\">\n<div style=\"clear:both\">\n<p><span style=\"font-family: 'times new roman', times;font-size: 24px\">Chauffage \u00e0 tube de verre aquarex 300 W avec couvercle de protection GH300 <\/span><\/p>\n<p><span style=\"font-family: 'times new roman', times;font-size: 24px\">1 Verre antid\u00e9flagrant<\/span><br \/><span style=\"font-family: 'times new roman', times;font-size: 24px\">2 Double isolation<\/span><br \/><span style=\"font-family: 'times new roman', times;roman', times;font-size: 24px\">4 Pr\u00e9cision de temp\u00e9rature s\u00fbre et fiable<\/span><br \/><span style=\"font-family: 'times new roman', times;font-size: 24px\">5 Convient pour l&rsquo;eau douce et sal\u00e9e<\/span><\/p>\n<p><span style=\"font-family: 'times new roman', times;font-size: 24px\">6 Protection externe, am\u00e9lior\u00e9e ; s\u00e9curit\u00e9<\/span><\/p>\n<p><span style=\"font-family: 'times new roman', times;font-size: 24px\"><img decoding=\"async\" data-alt=\"Chauffage \u00e0 tube de verre Aquarex 300 W avec couvercle de protection GH300\" data-src=\"http:\/\/localhost\/media\/import\/detail\/HTB1nzEuHpXXXXaNXVXXq6xXFXXXX.jpg\" src=\"\"><img decoding=\"async\" alt=\"R\u00e9chauffeur \u00e0 tube de verre Aquarex 300W avec couvercle de protection GH300\" src=\"http:\/\/localhost\/media\/import\/detail\/HTB1nzEuHpXXXXaNXVXXq6xXFXXXX.jpg\"><img decoding=\"async\" data-alt=\"300W Chauffage \u00e0 tube de verre Aquarex avec couvercle de protection GH300\" data-src=\"http:\/\/localhost\/media\/import\/detail\/HTB1sg7yHpXXXXXyXpXXq6xXFXXXF.jpg\" src=\"\"><img decoding=\"async\" alt=\"R\u00e9chauffeur \u00e0 tube de verre Aquarex 300 W avec couvercle de protection GH300\" src=\"http:\/\/localhost\/media\/import\/detail\/HTB1sg7yHpXXXXXyXpXXq6xXFXXXF.jpg\"><img decoding=\"async\" data-alt=\"R\u00e9chauffeur \u00e0 tube de verre Aquarex 300 W avec couvercle de protection GH300\" data-src=\"http:\/\/localhost\/media\/import\/detail\/HTB1s8ovHpXXXXbOXFXXq6xXFXXXU.jpg\" src=\"\"><img decoding=\"async\" alt=\"R\u00e9chauffeur \u00e0 tube de verre Aquarex 300 W avec couvercle de protection GH300\" src=\"http:\/\/localhost\/media\/import\/detail\/HTB1s8ovHpXXXXbOXFXXq6xXFXXXU.jpg\"><img decoding=\"async\" data-alt=\"R\u00e9chauffeur \u00e0 tube de verre Aquarex 300 W avec couvercle de protection GH300\" data-src=\"http:\/\/localhost\/media\/import\/detail\/HTB14A7vHpXXXXa1XFXXq6xXFXXXK.jpg\" src=\"\"><img decoding=\"async\" alt=\"R\u00e9chauffeur \u00e0 tube de verre Aquarex 300 W avec couvercle de protection GH300\" src=\"http:\/\/localhost\/media\/import\/detail\/HTB14A7vHpXXXXa1XFXXq6xXFXXXK.jpg\"><img decoding=\"async\" data-alt=\"R\u00e9chauffeur \u00e0 tube de verre Aquarex 300 W avec couvercle de protection GH300\" data-src=\"http:\/\/localhost\/media\/import\/detail\/HTB1hnswHpXXXXbJXpXXq6xXFXXX9.jpg\" src=\"\"><img alt=\"R\u00e9chauffeur \u00e0 tube de verre Aquarex 300 W avec couvercle de protection GH300\"><img decoding=\"async\" alt=\"R\u00e9chauffeur tube en verre aquarex 300w avec couvercle de protection gh300\" src=\"\"><\/span><\/div>\n<\/article>\n","protected":false},"excerpt":{"rendered":"<p>Chauffage tube de verre Aquarex 300W avec couvercle de protection GH300<\/p>\n","protected":false},"featured_media":2245,"comment_status":"open","ping_status":"closed","template":"","meta":[],"product_brand":[],"product_cat":[1338],"product_tag":[],"class_list":{"0":"post-35031","1":"product","2":"type-product","3":"status-publish","4":"has-post-thumbnail","6":"product_cat-filtres-pour-aquariums","8":"first","9":"instock","10":"shipping-taxable","11":"purchasable","12":"product-type-simple"},"_links":{"self":[{"href":"https:\/\/www.myaquastore.com\/fr\/wp-json\/wp\/v2\/product\/35031","targetHints":{"allow":["GET"]}}],"collection":[{"href":"https:\/\/www.myaquastore.com\/fr\/wp-json\/wp\/v2\/product"}],"about":[{"href":"https:\/\/www.myaquastore.com\/fr\/wp-json\/wp\/v2\/types\/product"}],"replies":[{"embeddable":true,"href":"https:\/\/www.myaquastore.com\/fr\/wp-json\/wp\/v2\/comments?post=35031"}],"wp:featuredmedia":[{"embeddable":true,"href":"https:\/\/www.myaquastore.com\/fr\/wp-json\/wp\/v2\/media\/2245"}],"wp:attachment":[{"href":"https:\/\/www.myaquastore.com\/fr\/wp-json\/wp\/v2\/media?parent=35031"}],"wp:term":[{"taxonomy":"product_brand","embeddable":true,"href":"https:\/\/www.myaquastore.com\/fr\/wp-json\/wp\/v2\/product_brand?post=35031"},{"taxonomy":"product_cat","embeddable":true,"href":"https:\/\/www.myaquastore.com\/fr\/wp-json\/wp\/v2\/product_cat?post=35031"},{"taxonomy":"product_tag","embeddable":true,"href":"https:\/\/www.myaquastore.com\/fr\/wp-json\/wp\/v2\/product_tag?post=35031"}],"curies":[{"name":"wp","href":"https:\/\/api.w.org\/{rel}","templated":true}]}}