{"id":36074,"date":"2016-09-25T23:27:40","date_gmt":"2016-09-25T23:27:40","guid":{"rendered":"https:\/\/www.myaquastore.com\/product\/chauffage-en-verre-resistant-a-lexposition-300-w-bt805\/"},"modified":"2025-03-16T08:42:02","modified_gmt":"2025-03-16T08:42:02","slug":"chauffage-en-verre-resistant-a-lexposition-300-w-bt805","status":"publish","type":"product","link":"https:\/\/www.myaquastore.com\/fr\/product\/chauffage-en-verre-resistant-a-lexposition-300-w-bt805\/","title":{"rendered":"Chauffage en verre r\u00e9sistant \u00e0 l&rsquo;exposition 300 W BT805"},"content":{"rendered":"<article class=\"article richtext richtext-detail AE:disable\" id=\"richTextContainer\">\n<div style=\"clear:both\">\n<p><span style=\"font-family: 'times new roman', times;font-size: 24px\">R\u00e9chauffeur en verre r\u00e9sistant \u00e0 l&rsquo;exposition BT805 300 W <\/span><\/p>\n<p><span style=\"font-family: 'times new roman', times;font-size: 24px\">1 Verre antid\u00e9flagrant<\/span><br \/><span style=\"font-family: 'times new roman', times;font-size: 24px\">2 Double isolation<\/span><br \/><span style=\"font-family: 'times new roman', times\">3 Conception compacte, haute r\u00e9sistance<\/span><br \/><span style=\"font-family: 'times new roman', times\u00a0\">4 Pr\u00e9cision de temp\u00e9rature s\u00fbre et fiable<\/span><br \/><span style=\"font-family: 'times new roman', times;font-size: 24px\">5 Convient \u00e0 l&rsquo;eau douce et sal\u00e9e<\/span><\/p>\n<div style=\"clear:both\"><\/article>\n","protected":false},"excerpt":{"rendered":"<p>Chauffage en verre r\u00e9sistant \u00e0 l&rsquo;exposition 300 W BT805<\/p>\n","protected":false},"featured_media":2253,"comment_status":"open","ping_status":"closed","template":"","meta":[],"product_brand":[],"product_cat":[1338],"product_tag":[],"class_list":{"0":"post-36074","1":"product","2":"type-product","3":"status-publish","4":"has-post-thumbnail","6":"product_cat-filtres-pour-aquariums","8":"first","9":"instock","10":"shipping-taxable","11":"purchasable","12":"product-type-simple"},"_links":{"self":[{"href":"https:\/\/www.myaquastore.com\/fr\/wp-json\/wp\/v2\/product\/36074","targetHints":{"allow":["GET"]}}],"collection":[{"href":"https:\/\/www.myaquastore.com\/fr\/wp-json\/wp\/v2\/product"}],"about":[{"href":"https:\/\/www.myaquastore.com\/fr\/wp-json\/wp\/v2\/types\/product"}],"replies":[{"embeddable":true,"href":"https:\/\/www.myaquastore.com\/fr\/wp-json\/wp\/v2\/comments?post=36074"}],"wp:featuredmedia":[{"embeddable":true,"href":"https:\/\/www.myaquastore.com\/fr\/wp-json\/wp\/v2\/media\/2253"}],"wp:attachment":[{"href":"https:\/\/www.myaquastore.com\/fr\/wp-json\/wp\/v2\/media?parent=36074"}],"wp:term":[{"taxonomy":"product_brand","embeddable":true,"href":"https:\/\/www.myaquastore.com\/fr\/wp-json\/wp\/v2\/product_brand?post=36074"},{"taxonomy":"product_cat","embeddable":true,"href":"https:\/\/www.myaquastore.com\/fr\/wp-json\/wp\/v2\/product_cat?post=36074"},{"taxonomy":"product_tag","embeddable":true,"href":"https:\/\/www.myaquastore.com\/fr\/wp-json\/wp\/v2\/product_tag?post=36074"}],"curies":[{"name":"wp","href":"https:\/\/api.w.org\/{rel}","templated":true}]}}