{"id":36085,"date":"2016-09-25T23:27:40","date_gmt":"2016-09-25T23:27:40","guid":{"rendered":"https:\/\/www.myaquastore.com\/product\/nettoyant-grattoir-a-aimant-puissant-hakawin\/"},"modified":"2025-03-16T08:42:04","modified_gmt":"2025-03-16T08:42:04","slug":"nettoyant-grattoir-a-aimant-puissant-hakawin","status":"publish","type":"product","link":"https:\/\/www.myaquastore.com\/fr\/product\/nettoyant-grattoir-a-aimant-puissant-hakawin\/","title":{"rendered":"Nettoyant grattoir \u00e0 aimant puissant HAKAWIN"},"content":{"rendered":"<article class=\"article richtext richtext-detail AE:disable\" id=\"richTextContainer\">\n<div style=\"clear:both\">\n<p><span style=\"font-family: 'times new roman', times;font-size: 24px\"> Nettoyeur de grattoir \u00e0 aimant puissant HAKAWIN<\/span><\/p>\n<p><span style=\"font-family: 'times new roman', times\">1. Le jeu de couteaux en acier inoxydable peut \u00eatre assembl\u00e9 facilement<\/span><\/p>\n<p><span style=\"font-family: 'times new roman', times;font-size: 24px\">2. convient pour un r\u00e9servoir d&rsquo;aquarium de 3 \u00e0 10 mm d&rsquo;\u00e9paisseur<\/span><\/p>\n<p><span style=\"font-family: 'times new roman', times;font-size: 24px\">3.le couteau en plastique peut convenir \u00e0 l&rsquo;acrylique; aquarium<\/span><\/p>\n<p><span style=\"font-family: 'times new roman', times;font-size: 24px\">4. L&#8217;emballage est de 48 <\/span><span style=\"line-height: 36px;font-family: 'times new roman', times;font-size: 24px\">pcs\/bo\u00eete<\/span><\/p>\n<\/p>\n<p><span style=\"line-height: 36px\u00a0\">5.emballage \u00e9l\u00e9gant<\/span><\/p>\n<\/p>\n<p><span>6.couleurs au choix\u00a0: bleu.orange.et jaune<\/span><\/p>\n<p><img decoding=\"async\" data-alt=\"Nettoyeur \u00e0 grattoir \u00e0 aimant puissant HAKAWIN\" data-src=\"http:\/\/localhost\/media\/import\/detail\/HTB14dIyHpXXXXcRXXXXq6xXFXXXz.jpg\" src=\"\"><img decoding=\"async\" alt=\"Nettoyeur \u00e0 grattoir \u00e0 aimant puissant HAKAWIN\" src=\"http:\/\/localhost\/media\/import\/detail\/HTB14dIyHpXXXXcRXXXXq6xXFXXXz.jpg\"><img decoding=\"async\" data-alt=\"Nettoyeur \u00e0 grattoir \u00e0 aimant puissant HAKAWIN\" data-src=\"http:\/\/localhost\/media\/import\/detail\/HTB1JSorHpXXXXX2aXXXq6xXFXXXX.jpg\" src=\"\"><img decoding=\"async\" alt=\"Nettoyeur \u00e0 grattoir \u00e0 aimant puissant HAKAWIN\" src=\"http:\/\/localhost\/media\/import\/detail\/HTB1JSorHpXXXXX2aXXXq6xXFXXXX.jpg\"><img decoding=\"async\" data-alt=\"Nettoyeur \u00e0 grattoir \u00e0 aimant puissant HAKAWIN\" data-src=\"http:\/\/localhost\/media\/import\/detail\/HTB1IQczHpXXXXaqXXXXq6xXFXXXv.jpg\" src=\"\"><img decoding=\"async\" alt=\"Nettoyant pour grattoir \u00e0 aimant puissant HAKAWIN\" src=\"http:\/\/localhost\/media\/import\/detail\/HTB1IQczHpXXXXaqXXXXq6xXFXXXv.jpg\"><\/p>\n<div style=\"clear:both\"><\/div>\n<\/div>\n<\/article>\n","protected":false},"excerpt":{"rendered":"<p>Nettoyant grattoir \u00e0 aimant puissant HAKAWIN<\/p>\n","protected":false},"featured_media":2275,"comment_status":"open","ping_status":"closed","template":"","meta":[],"product_brand":[],"product_cat":[1338],"product_tag":[],"class_list":{"0":"post-36085","1":"product","2":"type-product","3":"status-publish","4":"has-post-thumbnail","6":"product_cat-filtres-pour-aquariums","8":"first","9":"instock","10":"shipping-taxable","11":"purchasable","12":"product-type-simple"},"_links":{"self":[{"href":"https:\/\/www.myaquastore.com\/fr\/wp-json\/wp\/v2\/product\/36085","targetHints":{"allow":["GET"]}}],"collection":[{"href":"https:\/\/www.myaquastore.com\/fr\/wp-json\/wp\/v2\/product"}],"about":[{"href":"https:\/\/www.myaquastore.com\/fr\/wp-json\/wp\/v2\/types\/product"}],"replies":[{"embeddable":true,"href":"https:\/\/www.myaquastore.com\/fr\/wp-json\/wp\/v2\/comments?post=36085"}],"wp:featuredmedia":[{"embeddable":true,"href":"https:\/\/www.myaquastore.com\/fr\/wp-json\/wp\/v2\/media\/2275"}],"wp:attachment":[{"href":"https:\/\/www.myaquastore.com\/fr\/wp-json\/wp\/v2\/media?parent=36085"}],"wp:term":[{"taxonomy":"product_brand","embeddable":true,"href":"https:\/\/www.myaquastore.com\/fr\/wp-json\/wp\/v2\/product_brand?post=36085"},{"taxonomy":"product_cat","embeddable":true,"href":"https:\/\/www.myaquastore.com\/fr\/wp-json\/wp\/v2\/product_cat?post=36085"},{"taxonomy":"product_tag","embeddable":true,"href":"https:\/\/www.myaquastore.com\/fr\/wp-json\/wp\/v2\/product_tag?post=36085"}],"curies":[{"name":"wp","href":"https:\/\/api.w.org\/{rel}","templated":true}]}}