{"id":36093,"date":"2016-09-25T23:27:41","date_gmt":"2016-09-25T23:27:41","guid":{"rendered":"https:\/\/www.myaquastore.com\/product\/lampes-submersibles-pour-aquarium-roxin-t4-rx1000\/"},"modified":"2025-03-16T08:42:05","modified_gmt":"2025-03-16T08:42:05","slug":"lampes-submersibles-pour-aquarium-roxin-t4-rx1000","status":"publish","type":"product","link":"https:\/\/www.myaquastore.com\/fr\/product\/lampes-submersibles-pour-aquarium-roxin-t4-rx1000\/","title":{"rendered":"Lampes submersibles pour aquarium Roxin T4 RX1000"},"content":{"rendered":"<article class=\"article richtext richtext-detail AE:disable\" id=\"richTextContainer\">\n<div style=\"clear:both\">\n<p><span style=\"font-family: 'times new roman', times;font-size: 24px\"> lumi\u00e8res submersibles pour aquarium Roxin T4 RX1000 <\/span><\/p>\n<p><span style=\"font-family: 'times new roman', times\">1. La longueur est de 100 cm<\/span><\/p>\n<p><span style=\"font-family : 'times new roman', times;font-size : 24px\">2. Longue p\u00e9riode de pr\u00e9chauffage au d\u00e9marrage : 2-3 secondes, ce qui peut prolonger la dur\u00e9e de vie du tube ;<\/span><br \/><span style=\"font-family : 'times new roman', times;24px\">3. Temp\u00e9rature basse et stable pendant le travail;<\/span><br \/><span style=\"font-family: 'times new roman', times;font-size: 24px\">4. Temp\u00e9rature inf\u00e9rieure \u00e0 43 ??Capr\u00e8s une longue p\u00e9riode de travail;<\/span><br \/>&lt;span style=&quot;font-family: &#039;times new roman&#039;, times; 240 V \/ 50 Hz-60 Hz ;<\/span><br \/><span style=\"font-family : 'times new roman', times;font-size : 24px\">6.Puissance : 25 W ;<\/span><br \/><span style=\"font-family : 'times new roman', times\">7.Couleur\u00a0: Rouge, Blanc, Bleu, Vert et Tricolore<\/span><img decoding=\"async\" data-alt=\"Lumi\u00e8res submersibles pour aquarium Roxin T4 RX1000\" data-height=\"279\" data-src=\"http:\/\/localhost\/media\/import\/detail\/711920284_610.jpg\" data-width=\"121\" src=\"\"><img loading=\"lazy\" decoding=\"async\" alt=\"roxin T4 lumi\u00e8res submersibles pour aquarium RX1000\" height=\"279\" src=\"http:\/\/localhost\/media\/import\/detail\/711920284_610.jpg\" width=\"121\"><\/p>\n<div style=\"clear:both\"><\/div>\n<\/div>\n<\/article>\n","protected":false},"excerpt":{"rendered":"<p>Lampes submersibles pour aquarium Roxin T4 RX1000<\/p>\n","protected":false},"featured_media":2291,"comment_status":"open","ping_status":"closed","template":"","meta":[],"product_brand":[],"product_cat":[1338],"product_tag":[],"class_list":{"0":"post-36093","1":"product","2":"type-product","3":"status-publish","4":"has-post-thumbnail","6":"product_cat-filtres-pour-aquariums","8":"first","9":"instock","10":"shipping-taxable","11":"purchasable","12":"product-type-simple"},"_links":{"self":[{"href":"https:\/\/www.myaquastore.com\/fr\/wp-json\/wp\/v2\/product\/36093","targetHints":{"allow":["GET"]}}],"collection":[{"href":"https:\/\/www.myaquastore.com\/fr\/wp-json\/wp\/v2\/product"}],"about":[{"href":"https:\/\/www.myaquastore.com\/fr\/wp-json\/wp\/v2\/types\/product"}],"replies":[{"embeddable":true,"href":"https:\/\/www.myaquastore.com\/fr\/wp-json\/wp\/v2\/comments?post=36093"}],"wp:featuredmedia":[{"embeddable":true,"href":"https:\/\/www.myaquastore.com\/fr\/wp-json\/wp\/v2\/media\/2291"}],"wp:attachment":[{"href":"https:\/\/www.myaquastore.com\/fr\/wp-json\/wp\/v2\/media?parent=36093"}],"wp:term":[{"taxonomy":"product_brand","embeddable":true,"href":"https:\/\/www.myaquastore.com\/fr\/wp-json\/wp\/v2\/product_brand?post=36093"},{"taxonomy":"product_cat","embeddable":true,"href":"https:\/\/www.myaquastore.com\/fr\/wp-json\/wp\/v2\/product_cat?post=36093"},{"taxonomy":"product_tag","embeddable":true,"href":"https:\/\/www.myaquastore.com\/fr\/wp-json\/wp\/v2\/product_tag?post=36093"}],"curies":[{"name":"wp","href":"https:\/\/api.w.org\/{rel}","templated":true}]}}