{"id":36110,"date":"2016-09-25T23:27:41","date_gmt":"2016-09-25T23:27:41","guid":{"rendered":"https:\/\/www.myaquastore.com\/product\/jecod-pompe-a-eau-submersible-marine-super-silencieuse-conversion-de-frequence-nouveau-produit-pompe-a-eau-de-mer-dt12000\/"},"modified":"2025-03-16T08:42:08","modified_gmt":"2025-03-16T08:42:08","slug":"jecod-pompe-a-eau-submersible-marine-super-silencieuse-conversion-de-frequence-nouveau-produit-pompe-a-eau-de-mer-dt12000","status":"publish","type":"product","link":"https:\/\/www.myaquastore.com\/fr\/product\/jecod-pompe-a-eau-submersible-marine-super-silencieuse-conversion-de-frequence-nouveau-produit-pompe-a-eau-de-mer-dt12000\/","title":{"rendered":"Jecod \u2013 pompe \u00e0 eau submersible marine super silencieuse, conversion de fr\u00e9quence, nouveau produit, pompe \u00e0 eau de mer DT12000"},"content":{"rendered":"<article class=\"article richtext richtext-detail AE:disable\" id=\"richTextContainer\">\n<div style=\"clear:both\">\n<p><span style=\"font-size: 18px\">Nouveau produit Jebao conversion de fr\u00e9quence pompe \u00e0 eau submersible marine super silencieuse pompe \u00e0 eau de mer DT12000 <\/span><\/p>\n<\/p>\n<p><span style=\"font-size: 18px\"> avantage:  <\/p>\n<p style=\"\u00a0alignement vertical\u00a0;\u00a0\"><span style=\"0px\u00a0;vertical-align: baseline\">1. Moteur asynchrone standard haute performance avec un nouveau design et une \u00e9conomie d&rsquo;\u00e9nergie de 50 % par rapport \u00e0 avant<\/span>;<\/span><\/p>\n<p style=\"border: 0px\">\n<p style=\"border: 0px\"><span style=\"vertical-align: baseline\"><span style=\"margin: 0px;vertical-align: baseline\"><span style=\"margin: 0px;vertical-align: baseline\">2. <span style=\"margin: 0px;vertical-align: baseline\">T\u00eates de pompe \u00e9lev\u00e9es et d\u00e9bit plus important<\/span><\/span><\/span><span style=\"margin: 0px;vertical-align: baseline\">;<\/span><br \/><\/span><\/p>\n<p style=\"border: 0px\">\n<p style=\"border: 0px\"><span style=\"vertical-align: baseline\">3. <span style=\"margin: 0px;vertical-align: baseline\">Peut pomper des particules de salet\u00e9 d&rsquo;une taille allant jusqu&rsquo;\u00e0 6 mm<\/span>;<\/span><\/p>\n<p style=\"border: 0px\">\n<p style=\"border: 0px\"><span style=\"vertical-align: baseline\">4. <span style=\"margin: 0px;vertical-align: baseline\">Adopter un arbre en c\u00e9ramique r\u00e9sistant \u00e0 l&rsquo;usure qui peut<\/p>\n","protected":false},"excerpt":{"rendered":"<p>Jecod \u2013 pompe \u00e0 eau submersible marine super silencieuse, conversion de fr\u00e9quence, nouveau produit, pompe \u00e0 eau de mer DT12000<\/p>\n","protected":false},"featured_media":2324,"comment_status":"open","ping_status":"closed","template":"","meta":[],"product_brand":[],"product_cat":[1338],"product_tag":[],"class_list":{"0":"post-36110","1":"product","2":"type-product","3":"status-publish","4":"has-post-thumbnail","6":"product_cat-filtres-pour-aquariums","8":"first","9":"instock","10":"shipping-taxable","11":"purchasable","12":"product-type-simple"},"_links":{"self":[{"href":"https:\/\/www.myaquastore.com\/fr\/wp-json\/wp\/v2\/product\/36110","targetHints":{"allow":["GET"]}}],"collection":[{"href":"https:\/\/www.myaquastore.com\/fr\/wp-json\/wp\/v2\/product"}],"about":[{"href":"https:\/\/www.myaquastore.com\/fr\/wp-json\/wp\/v2\/types\/product"}],"replies":[{"embeddable":true,"href":"https:\/\/www.myaquastore.com\/fr\/wp-json\/wp\/v2\/comments?post=36110"}],"wp:featuredmedia":[{"embeddable":true,"href":"https:\/\/www.myaquastore.com\/fr\/wp-json\/wp\/v2\/media\/2324"}],"wp:attachment":[{"href":"https:\/\/www.myaquastore.com\/fr\/wp-json\/wp\/v2\/media?parent=36110"}],"wp:term":[{"taxonomy":"product_brand","embeddable":true,"href":"https:\/\/www.myaquastore.com\/fr\/wp-json\/wp\/v2\/product_brand?post=36110"},{"taxonomy":"product_cat","embeddable":true,"href":"https:\/\/www.myaquastore.com\/fr\/wp-json\/wp\/v2\/product_cat?post=36110"},{"taxonomy":"product_tag","embeddable":true,"href":"https:\/\/www.myaquastore.com\/fr\/wp-json\/wp\/v2\/product_tag?post=36110"}],"curies":[{"name":"wp","href":"https:\/\/api.w.org\/{rel}","templated":true}]}}