{"id":36137,"date":"2016-09-25T23:27:42","date_gmt":"2016-09-25T23:27:42","guid":{"rendered":"https:\/\/www.myaquastore.com\/product\/chauffage-daquarium-en-verre-sobo-100w-a-economie-denergie-hf100\/"},"modified":"2025-03-16T08:42:12","modified_gmt":"2025-03-16T08:42:12","slug":"chauffage-daquarium-en-verre-sobo-100w-a-economie-denergie-hf100","status":"publish","type":"product","link":"https:\/\/www.myaquastore.com\/fr\/product\/chauffage-daquarium-en-verre-sobo-100w-a-economie-denergie-hf100\/","title":{"rendered":"Chauffage d&rsquo;aquarium en verre SOBO 100W \u00e0 \u00e9conomie d&rsquo;\u00e9nergie HF100"},"content":{"rendered":"<article class=\"article richtext richtext-detail AE:disable\" id=\"richTextContainer\">\n<div style=\"clear:both\">\n<p><strong><span style=\"line-height: 27.25694465637207px;font-size: 18.18181800842285px;font-family: Verdana, Arial, Helvetica, sans-serif\"><strong>Chauffage d&rsquo;aquarium en verre SOBO 100W \u00e0 \u00e9conomie d&rsquo;\u00e9nergie HF100<\/strong><\/span><\/strong><\/p>\n<p><strong><span style=\"line-height: 27.25694465637207px;sans-serif\"><strong><br \/><\/strong><\/span><\/strong><\/p>\n<p><span style=\"font-family: 'times new roman', times;font-size: 24px\">1. tube de chauffage enti\u00e8rement automatique, scellant assez bien<\/span><br \/><span style=\"font-family: 'times new roman', times;font-size: 24px\">2. lecture directe et affichage de la manifestation; temp\u00e9rature<\/span><\/p>\n<p><span style=\"font-family: 'times new roman', times;font-size: 24px\">3. type compl\u00e8tement submersible<\/span><\/p>\n<p><span style=\"font-family: 'times new roman', times;font-size: 24px\">4.tr\u00e8s pr\u00e9cis, pratique \u00e0 utiliser<\/span><\/p>\n<p><span style=\"font-family: 'times new romain', temps\">5.emballage\u00a0: 60 pi\u00e8ces\/carton<\/span><\/p>\n<div style=\"clear:both\"><\/article>\n","protected":false},"excerpt":{"rendered":"<p>Chauffage d&rsquo;aquarium en verre SOBO 100W \u00e0 \u00e9conomie d&rsquo;\u00e9nergie HF100<\/p>\n","protected":false},"featured_media":2367,"comment_status":"open","ping_status":"closed","template":"","meta":[],"product_brand":[],"product_cat":[1338],"product_tag":[],"class_list":{"0":"post-36137","1":"product","2":"type-product","3":"status-publish","4":"has-post-thumbnail","6":"product_cat-filtres-pour-aquariums","8":"first","9":"instock","10":"shipping-taxable","11":"purchasable","12":"product-type-simple"},"_links":{"self":[{"href":"https:\/\/www.myaquastore.com\/fr\/wp-json\/wp\/v2\/product\/36137","targetHints":{"allow":["GET"]}}],"collection":[{"href":"https:\/\/www.myaquastore.com\/fr\/wp-json\/wp\/v2\/product"}],"about":[{"href":"https:\/\/www.myaquastore.com\/fr\/wp-json\/wp\/v2\/types\/product"}],"replies":[{"embeddable":true,"href":"https:\/\/www.myaquastore.com\/fr\/wp-json\/wp\/v2\/comments?post=36137"}],"wp:featuredmedia":[{"embeddable":true,"href":"https:\/\/www.myaquastore.com\/fr\/wp-json\/wp\/v2\/media\/2367"}],"wp:attachment":[{"href":"https:\/\/www.myaquastore.com\/fr\/wp-json\/wp\/v2\/media?parent=36137"}],"wp:term":[{"taxonomy":"product_brand","embeddable":true,"href":"https:\/\/www.myaquastore.com\/fr\/wp-json\/wp\/v2\/product_brand?post=36137"},{"taxonomy":"product_cat","embeddable":true,"href":"https:\/\/www.myaquastore.com\/fr\/wp-json\/wp\/v2\/product_cat?post=36137"},{"taxonomy":"product_tag","embeddable":true,"href":"https:\/\/www.myaquastore.com\/fr\/wp-json\/wp\/v2\/product_tag?post=36137"}],"curies":[{"name":"wp","href":"https:\/\/api.w.org\/{rel}","templated":true}]}}