{"id":36139,"date":"2016-09-25T23:27:42","date_gmt":"2016-09-25T23:27:42","guid":{"rendered":"https:\/\/www.myaquastore.com\/product\/prix-le-moins-cher-50w-150w-rs-chauffe-aquarium-en-acier-inoxydable-rs149\/"},"modified":"2025-03-16T08:42:12","modified_gmt":"2025-03-16T08:42:12","slug":"prix-le-moins-cher-50w-150w-rs-chauffe-aquarium-en-acier-inoxydable-rs149","status":"publish","type":"product","link":"https:\/\/www.myaquastore.com\/fr\/product\/prix-le-moins-cher-50w-150w-rs-chauffe-aquarium-en-acier-inoxydable-rs149\/","title":{"rendered":"Prix \u200b\u200ble moins cher 50W-150W RS chauffe-aquarium en acier inoxydable RS149"},"content":{"rendered":"<article class=\"article richtext richtext-detail AE:disable\" id=\"richTextContainer\">\n<div style=\"clear:both\">\n<p><strong><span style=\"line-height: 27.25694465637207px;font-size: 18.18181800842285px;font-family: Verdana, Arial, Helvetica, sans-serif\"><strong>Prix le moins cher 50W-150W RS chauffe-aquarium en acier inoxydable RS149 <\/p>\n<p><\/strong><\/span><\/strong><span style=\"font-size: 18px\">Avantage <\/span><\/p>\n<p><span style=\"font-size: 18px\">1. contr\u00f4leur de temp\u00e9rature num\u00e9rique <br \/>2. Assurer un fonctionnement s\u00fbr<br \/>3. Protection contre la temp\u00e9rature maximale <\/span><\/p>\n<p><span style=\"font-size: 18px\">4. Contr\u00f4leur de temp\u00e9rature num\u00e9rique \u00e0 puce<\/span><\/p>\n<p><span style=\"font-size: 18px\">5. Arr\u00eat automatique sans eau<\/span><\/p>\n<p><span style=\"font-size: 18px\">6.Anti-explosion <\/span><\/p>\n<div style=\"clear:both\"><\/article>\n","protected":false},"excerpt":{"rendered":"<p>Prix \u200b\u200ble moins cher 50W-150W RS chauffe-aquarium en acier inoxydable RS149<\/p>\n","protected":false},"featured_media":2371,"comment_status":"open","ping_status":"closed","template":"","meta":[],"product_brand":[],"product_cat":[1338],"product_tag":[],"class_list":{"0":"post-36139","1":"product","2":"type-product","3":"status-publish","4":"has-post-thumbnail","6":"product_cat-filtres-pour-aquariums","8":"first","9":"instock","10":"shipping-taxable","11":"purchasable","12":"product-type-simple"},"_links":{"self":[{"href":"https:\/\/www.myaquastore.com\/fr\/wp-json\/wp\/v2\/product\/36139","targetHints":{"allow":["GET"]}}],"collection":[{"href":"https:\/\/www.myaquastore.com\/fr\/wp-json\/wp\/v2\/product"}],"about":[{"href":"https:\/\/www.myaquastore.com\/fr\/wp-json\/wp\/v2\/types\/product"}],"replies":[{"embeddable":true,"href":"https:\/\/www.myaquastore.com\/fr\/wp-json\/wp\/v2\/comments?post=36139"}],"wp:featuredmedia":[{"embeddable":true,"href":"https:\/\/www.myaquastore.com\/fr\/wp-json\/wp\/v2\/media\/2371"}],"wp:attachment":[{"href":"https:\/\/www.myaquastore.com\/fr\/wp-json\/wp\/v2\/media?parent=36139"}],"wp:term":[{"taxonomy":"product_brand","embeddable":true,"href":"https:\/\/www.myaquastore.com\/fr\/wp-json\/wp\/v2\/product_brand?post=36139"},{"taxonomy":"product_cat","embeddable":true,"href":"https:\/\/www.myaquastore.com\/fr\/wp-json\/wp\/v2\/product_cat?post=36139"},{"taxonomy":"product_tag","embeddable":true,"href":"https:\/\/www.myaquastore.com\/fr\/wp-json\/wp\/v2\/product_tag?post=36139"}],"curies":[{"name":"wp","href":"https:\/\/api.w.org\/{rel}","templated":true}]}}