{"id":36147,"date":"2016-09-25T23:27:43","date_gmt":"2016-09-25T23:27:43","guid":{"rendered":"https:\/\/www.myaquastore.com\/product\/sobo-500w-chauffage-electrique-daquarium-en-acier-inoxydable-chauffage-interieur-hg500\/"},"modified":"2025-03-16T08:42:14","modified_gmt":"2025-03-16T08:42:14","slug":"sobo-500w-chauffage-electrique-daquarium-en-acier-inoxydable-chauffage-interieur-hg500","status":"publish","type":"product","link":"https:\/\/www.myaquastore.com\/fr\/product\/sobo-500w-chauffage-electrique-daquarium-en-acier-inoxydable-chauffage-interieur-hg500\/","title":{"rendered":"SOBO 500w chauffage \u00e9lectrique d&rsquo;aquarium en acier inoxydable chauffage int\u00e9rieur HG500"},"content":{"rendered":"<article class=\"article richtext richtext-detail AE:disable\" id=\"richTextContainer\">\n<div style=\"clear:both\">\n<p><strong><span style=\"line-height: 27.25694465637207px;font-size: 18.18181800842285px;font-family: Verdana, Arial, Helvetica, sans-serif\">SOBO 500w chauffage \u00e9lectrique d&rsquo;aquarium en acier inoxydable chauffage d&rsquo;int\u00e9rieur HG500 <br \/><\/span><\/strong><\/p>\n<\/p>\n<p><span style=\"font-size: 18px\">Avantage <\/span><\/p>\n<p><span style=\"font-size: 18px\">1. contr\u00f4leur de temp\u00e9rature num\u00e9rique <br \/>2. Assurer un fonctionnement s\u00fbr<br \/>3. Protection contre la temp\u00e9rature maximale <\/span><\/p>\n<p><span style=\"font-size: 18px\">4. Contr\u00f4leur de temp\u00e9rature num\u00e9rique \u00e0 puce<\/span><\/p>\n<p><span style=\"font-size: 18px\">5. Arr\u00eat automatique sans eau<\/span><\/p>\n<p><span style=\"font-size: 18px\">6.Anti-explosion <\/span><\/p>\n<div style=\"clear:both\"><\/article>\n","protected":false},"excerpt":{"rendered":"<p>SOBO 500w chauffage \u00e9lectrique d&rsquo;aquarium en acier inoxydable chauffage int\u00e9rieur HG500<\/p>\n","protected":false},"featured_media":2387,"comment_status":"open","ping_status":"closed","template":"","meta":[],"product_brand":[],"product_cat":[1338],"product_tag":[],"class_list":{"0":"post-36147","1":"product","2":"type-product","3":"status-publish","4":"has-post-thumbnail","6":"product_cat-filtres-pour-aquariums","8":"first","9":"instock","10":"shipping-taxable","11":"purchasable","12":"product-type-simple"},"_links":{"self":[{"href":"https:\/\/www.myaquastore.com\/fr\/wp-json\/wp\/v2\/product\/36147","targetHints":{"allow":["GET"]}}],"collection":[{"href":"https:\/\/www.myaquastore.com\/fr\/wp-json\/wp\/v2\/product"}],"about":[{"href":"https:\/\/www.myaquastore.com\/fr\/wp-json\/wp\/v2\/types\/product"}],"replies":[{"embeddable":true,"href":"https:\/\/www.myaquastore.com\/fr\/wp-json\/wp\/v2\/comments?post=36147"}],"wp:featuredmedia":[{"embeddable":true,"href":"https:\/\/www.myaquastore.com\/fr\/wp-json\/wp\/v2\/media\/2387"}],"wp:attachment":[{"href":"https:\/\/www.myaquastore.com\/fr\/wp-json\/wp\/v2\/media?parent=36147"}],"wp:term":[{"taxonomy":"product_brand","embeddable":true,"href":"https:\/\/www.myaquastore.com\/fr\/wp-json\/wp\/v2\/product_brand?post=36147"},{"taxonomy":"product_cat","embeddable":true,"href":"https:\/\/www.myaquastore.com\/fr\/wp-json\/wp\/v2\/product_cat?post=36147"},{"taxonomy":"product_tag","embeddable":true,"href":"https:\/\/www.myaquastore.com\/fr\/wp-json\/wp\/v2\/product_tag?post=36147"}],"curies":[{"name":"wp","href":"https:\/\/api.w.org\/{rel}","templated":true}]}}