{"id":36164,"date":"2016-09-25T23:27:43","date_gmt":"2016-09-25T23:27:43","guid":{"rendered":"https:\/\/www.myaquastore.com\/product\/jebao-40w-5000l-h-pompe-a-eau-super-silencieuse-cm5000-gm5000\/"},"modified":"2025-03-16T08:42:17","modified_gmt":"2025-03-16T08:42:17","slug":"jebao-40w-5000l-h-pompe-a-eau-super-silencieuse-cm5000-gm5000","status":"publish","type":"product","link":"https:\/\/www.myaquastore.com\/fr\/product\/jebao-40w-5000l-h-pompe-a-eau-super-silencieuse-cm5000-gm5000\/","title":{"rendered":"Jebao 40W 5000L\/H pompe \u00e0 eau super silencieuse CM5000\/GM5000"},"content":{"rendered":"<article class=\"article richtext richtext-detail AE:disable\" id=\"richTextContainer\">\n<div style=\"clear:both\">\n<p><strong><span style=\"line-height: 27.25694465637207px;font-size: 18.18181800842285px;font-family: Verdana, Arial, Helvetica, sans-serif\">Pompe \u00e0 eau super silencieuse Jebao 40W 5000L\/H CM5000\/GM5000 <br \/><\/span><\/strong><\/p>\n<\/p>\n<p><span style=\"font-size: 18px\">Avantage\u00a0:<\/span><\/p>\n<p style=\"border: 0px;\u00a0\"><span style=\"des temps nouveaux roman', times\u00a0\">Moteur asynchrone standard haute performance avec un nouveau design et une \u00e9conomie d&rsquo;\u00e9nergie de 50\u00a0% par rapport \u00e0 avant<\/span>;<\/span><\/p>\n<p style=\"border: 0px;15 pixels\u00a0\"><span style=\"vertical-align: baseline\"><span style=\"font-family: Arial\"><span style=\"line-height: 24px\">2. <span style=\"color: #333333\">T\u00eates de pompe \u00e9lev\u00e9es et d\u00e9bit plus important<\/span><\/span><\/span><span style=\"color: #333333\">;<\/span><br \/><\/span><\/p>\n<p style=\"border: 0px\"><span style=\"vertical-align: baseline\">3. <span style=\"color: #333333\">Peut pomper des particules de salet\u00e9 d&rsquo;une taille allant jusqu&rsquo;\u00e0 6 mm<\/span>;<\/span><\/p>\n<p style=\"border: 0px\"><span style=\"vertical-align: baseline\">4. <span style=\"color: #333333;line-height: 35.45454406738281px\">Adopter un arbre en c\u00e9ramique r\u00e9sistant \u00e0 l&rsquo;usure qui peut \u00eatre utilis\u00e9 plus longtemps<\/span>;<\/span><\/p>\n<p style=\"border: 0px\"><span style=\"vertical-align: baseline\">5. M<span style=\"color: #333333\">le d\u00e9bit de la hache est de 5 000 L\/H <\/span>;<\/span><\/p>\n<p style=\"border: 0px\"><span style=\"vertical-align: baseline\">6. <span style=\"color: #333333\">Le jet maximum est de 3,5\u00a0m<\/span>.<\/span><\/p>\n<div style=\"clear:both\"><\/article>\n","protected":false},"excerpt":{"rendered":"<p>Jebao 40W 5000L\/H pompe \u00e0 eau super silencieuse CM5000\/GM5000<\/p>\n","protected":false},"featured_media":2417,"comment_status":"open","ping_status":"closed","template":"","meta":[],"product_brand":[],"product_cat":[1338],"product_tag":[],"class_list":{"0":"post-36164","1":"product","2":"type-product","3":"status-publish","4":"has-post-thumbnail","6":"product_cat-filtres-pour-aquariums","8":"first","9":"instock","10":"shipping-taxable","11":"purchasable","12":"product-type-simple"},"_links":{"self":[{"href":"https:\/\/www.myaquastore.com\/fr\/wp-json\/wp\/v2\/product\/36164","targetHints":{"allow":["GET"]}}],"collection":[{"href":"https:\/\/www.myaquastore.com\/fr\/wp-json\/wp\/v2\/product"}],"about":[{"href":"https:\/\/www.myaquastore.com\/fr\/wp-json\/wp\/v2\/types\/product"}],"replies":[{"embeddable":true,"href":"https:\/\/www.myaquastore.com\/fr\/wp-json\/wp\/v2\/comments?post=36164"}],"wp:featuredmedia":[{"embeddable":true,"href":"https:\/\/www.myaquastore.com\/fr\/wp-json\/wp\/v2\/media\/2417"}],"wp:attachment":[{"href":"https:\/\/www.myaquastore.com\/fr\/wp-json\/wp\/v2\/media?parent=36164"}],"wp:term":[{"taxonomy":"product_brand","embeddable":true,"href":"https:\/\/www.myaquastore.com\/fr\/wp-json\/wp\/v2\/product_brand?post=36164"},{"taxonomy":"product_cat","embeddable":true,"href":"https:\/\/www.myaquastore.com\/fr\/wp-json\/wp\/v2\/product_cat?post=36164"},{"taxonomy":"product_tag","embeddable":true,"href":"https:\/\/www.myaquastore.com\/fr\/wp-json\/wp\/v2\/product_tag?post=36164"}],"curies":[{"name":"wp","href":"https:\/\/api.w.org\/{rel}","templated":true}]}}