{"id":36201,"date":"2016-09-25T23:27:44","date_gmt":"2016-09-25T23:27:44","guid":{"rendered":"https:\/\/www.myaquastore.com\/product\/pompe-a-air-a-batterie-pour-aquarium-ac-dc-a-double-usage-rs-rs9000\/"},"modified":"2025-03-16T08:42:23","modified_gmt":"2025-03-16T08:42:23","slug":"pompe-a-air-a-batterie-pour-aquarium-ac-dc-a-double-usage-rs-rs9000","status":"publish","type":"product","link":"https:\/\/www.myaquastore.com\/fr\/product\/pompe-a-air-a-batterie-pour-aquarium-ac-dc-a-double-usage-rs-rs9000\/","title":{"rendered":"Pompe \u00e0 air \u00e0 batterie pour aquarium AC\/DC \u00e0 double usage RS RS9000"},"content":{"rendered":"<article class=\"article richtext richtext-detail AE:disable\" id=\"richTextContainer\">\n<div style=\"clear:both\">\n<p><span style=\"font-size: 18.18181800842285px;line-height: 27.27272605895996px\">RS Pompe \u00e0 air \u00e0 batterie AC\/DC \u00e0 double usage pour aquarium RS9000 <\/span><\/p>\n<\/p>\n<p><span style=\"font-size: 18px\">Avantage\u00a0:<\/span><\/p>\n<p style=\"border: 0px\"><span style=\"#333333\"><span style=\"24px\">2.<\/span><\/span><span>Consommation d&rsquo;\u00e9nergie tr\u00e8s faible, \u00e9conomie d&rsquo;\u00e9nergie de 30\u00a0%\u00a0;<\/span><br \/><\/span><\/p>\n<p style=\"border: 0px\"><span style=\"vertical-align: baseline\">3.<span style=\"color: #333333;line-height: 15px\">Excellente qualit\u00e9 au meilleur prix<\/span>;<\/span><\/p>\n<p style=\"border: 0px\"><span style=\"vertical-align: baseline\">4. <span style=\"color: #333333\">poss\u00e9der un syst\u00e8me de compression d&rsquo;air avanc\u00e9, un syst\u00e8me d&rsquo;amortissement et un silencieux \u00e0 plusieurs niveaux extr\u00eamement silencieux<\/span>;<\/span><\/p>\n<p style=\"border: 0px\"><span style=\"vertical-align: baseline\">5. <span style=\"color: #333333\">Adoptez un caoutchouc artificiel sp\u00e9cial pour maintenir un d\u00e9bit d&rsquo;air et une pression stables<\/span>;<\/span><\/p>\n<p style=\"border: 0px\"><span style=\"vertical-align: baseline\">6. Le micro-r\u00e9gulateur est disponible en mode de fonctionnement AC. La sortie d&rsquo;air peut \u00eatre ajust\u00e9e librement.<\/span><\/p>\n<p style=\"border: 0px\"><span style=\"vertical-align: baseline\">7. Conception \u00e0 double silencieux, faible bruit, grand d\u00e9bit d&rsquo;air et haute pression.<\/span><\/p>\n<p style=\"border: 0px\"><span style=\"vertical-align: baseline\">8. La batterie peut \u00eatre charg\u00e9e lorsqu&rsquo;elle est allum\u00e9e sur l&rsquo;alimentation secteur. Le circuit de protection soigneusement con\u00e7u peut permettre \u00e0 la batterie de se charger et de se d\u00e9charger en toute s\u00e9curit\u00e9.<\/span><\/p>\n<p style=\"border: 0px\">&lt;span st<\/p>\n","protected":false},"excerpt":{"rendered":"<p>Pompe \u00e0 air \u00e0 batterie pour aquarium AC\/DC \u00e0 double usage RS RS9000<\/p>\n","protected":false},"featured_media":2487,"comment_status":"open","ping_status":"closed","template":"","meta":[],"product_brand":[],"product_cat":[1338],"product_tag":[],"class_list":{"0":"post-36201","1":"product","2":"type-product","3":"status-publish","4":"has-post-thumbnail","6":"product_cat-filtres-pour-aquariums","8":"first","9":"instock","10":"shipping-taxable","11":"purchasable","12":"product-type-simple"},"_links":{"self":[{"href":"https:\/\/www.myaquastore.com\/fr\/wp-json\/wp\/v2\/product\/36201","targetHints":{"allow":["GET"]}}],"collection":[{"href":"https:\/\/www.myaquastore.com\/fr\/wp-json\/wp\/v2\/product"}],"about":[{"href":"https:\/\/www.myaquastore.com\/fr\/wp-json\/wp\/v2\/types\/product"}],"replies":[{"embeddable":true,"href":"https:\/\/www.myaquastore.com\/fr\/wp-json\/wp\/v2\/comments?post=36201"}],"wp:featuredmedia":[{"embeddable":true,"href":"https:\/\/www.myaquastore.com\/fr\/wp-json\/wp\/v2\/media\/2487"}],"wp:attachment":[{"href":"https:\/\/www.myaquastore.com\/fr\/wp-json\/wp\/v2\/media?parent=36201"}],"wp:term":[{"taxonomy":"product_brand","embeddable":true,"href":"https:\/\/www.myaquastore.com\/fr\/wp-json\/wp\/v2\/product_brand?post=36201"},{"taxonomy":"product_cat","embeddable":true,"href":"https:\/\/www.myaquastore.com\/fr\/wp-json\/wp\/v2\/product_cat?post=36201"},{"taxonomy":"product_tag","embeddable":true,"href":"https:\/\/www.myaquastore.com\/fr\/wp-json\/wp\/v2\/product_tag?post=36201"}],"curies":[{"name":"wp","href":"https:\/\/api.w.org\/{rel}","templated":true}]}}