{"id":36204,"date":"2016-09-25T23:27:44","date_gmt":"2016-09-25T23:27:44","guid":{"rendered":"https:\/\/www.myaquastore.com\/product\/distributeur-automatique-de-nourriture-pour-poissons-resun-af2005d-meilleur-prix\/"},"modified":"2025-03-16T08:42:24","modified_gmt":"2025-03-16T08:42:24","slug":"distributeur-automatique-de-nourriture-pour-poissons-resun-af2005d-meilleur-prix","status":"publish","type":"product","link":"https:\/\/www.myaquastore.com\/fr\/product\/distributeur-automatique-de-nourriture-pour-poissons-resun-af2005d-meilleur-prix\/","title":{"rendered":"Distributeur automatique de nourriture pour poissons RESUN AF2005D, meilleur prix"},"content":{"rendered":"<article class=\"article richtext richtext-detail AE:disable\" id=\"richTextContainer\">\n<div style=\"clear:both\">\n<p><strong><span style=\"font-size: 18px\">Meilleur prix RESUN distributeur automatique de nourriture pour poissons AF2005D <br \/><\/span><\/strong><\/p>\n<p><strong> <\/strong><\/p>\n<p><span>Avantage\u00a0:<\/span><\/p>\n<p style=\"#333333\">&lt;span style=&quot;marge : 0px ; remplissage : 0px ; famille de polices : &#039;times new roman&#039;, times ; style de police : h\u00e9riter ; hauteur de ligne : 35,45454406738281px ; Des aliments secs, en flocons et en granul\u00e9s peuvent \u00eatre utilis\u00e9s<\/span><\/p>\n<p style=\"border: 0px;font-family: Arial, Helvetica;font-size: 11.818181991577148px;line-height: 16.363636016845703px;vertical-align: baseline\">&lt;span style=&quot;marge : 0px ; remplissage : 0px ; famille de polices : &#039;times new roman&#039;, times ; style de police : h\u00e9riter ; hauteur de ligne : 35,45454406738281px ; Id\u00e9al pour diff\u00e9rentes tailles d&#039;aquariums<\/span><\/p>\n<p style=\"border: 0px;font-family: Arial, Helvetica;font-size: 11.818181991577148px;line-height: 16.363636016845703px;vertical-align: baseline\"><span>3. Minuterie num\u00e9rique pour configurer des programmes d&rsquo;alimentation r\u00e9guliers<\/span><\/p>\n<p style=\"border: 0px;font-family: Arial, Helvetica;font-size: 11.818181991577148px;line-height: 16.363636016845703px;vertical-align: baseline\">&lt;span style=&quot;marge : 0px ; remplissage : 0px ; famille de polices : &#039;times new roman&#039;, times ; style de police : h\u00e9riter ; hauteur de ligne : 35,45454406738281px ; Syst\u00e8me unique pour emp\u00eacher les aliments d&#039;\u00eatre hydrat\u00e9s ou bouch\u00e9s dans le distributeur<\/span><\/p>\n<p style=\"border: 0px;font-family: Arial, Helvetica;font-size: 11.818181991577148px;line-height: 16.363636016845703px;vertical-align: baseline\">&lt;span style=&quot;marge : 0px ; remplissage : 0px ; famille de polices : &#039;times new roman&#039;, times ; style de police : h\u00e9riter ; hauteur de ligne : 35,45454406738281px ; Peut \u00eatre utilis\u00e9 automatiquement ou manuellement, ce qui facilite la conservation du poisson<\/span><\/p>\n<p style=\"border: 0px;font-family: Arial, Helvetica;line-height: 15px;vertical-align: baseline;color: #333333\"><span style=\"margin: 0px;padding: 0px;border: 0px;font-family: Arial;font-size: 18px;font-style: heherit\"><br \/><\/span><\/p>\n<div style=\"clear:both\"><\/article>\n","protected":false},"excerpt":{"rendered":"<p>Distributeur automatique de nourriture pour poissons RESUN AF2005D, meilleur prix<\/p>\n","protected":false},"featured_media":2493,"comment_status":"open","ping_status":"closed","template":"","meta":[],"product_brand":[],"product_cat":[1338],"product_tag":[],"class_list":{"0":"post-36204","1":"product","2":"type-product","3":"status-publish","4":"has-post-thumbnail","6":"product_cat-filtres-pour-aquariums","8":"first","9":"instock","10":"shipping-taxable","11":"purchasable","12":"product-type-simple"},"_links":{"self":[{"href":"https:\/\/www.myaquastore.com\/fr\/wp-json\/wp\/v2\/product\/36204","targetHints":{"allow":["GET"]}}],"collection":[{"href":"https:\/\/www.myaquastore.com\/fr\/wp-json\/wp\/v2\/product"}],"about":[{"href":"https:\/\/www.myaquastore.com\/fr\/wp-json\/wp\/v2\/types\/product"}],"replies":[{"embeddable":true,"href":"https:\/\/www.myaquastore.com\/fr\/wp-json\/wp\/v2\/comments?post=36204"}],"wp:featuredmedia":[{"embeddable":true,"href":"https:\/\/www.myaquastore.com\/fr\/wp-json\/wp\/v2\/media\/2493"}],"wp:attachment":[{"href":"https:\/\/www.myaquastore.com\/fr\/wp-json\/wp\/v2\/media?parent=36204"}],"wp:term":[{"taxonomy":"product_brand","embeddable":true,"href":"https:\/\/www.myaquastore.com\/fr\/wp-json\/wp\/v2\/product_brand?post=36204"},{"taxonomy":"product_cat","embeddable":true,"href":"https:\/\/www.myaquastore.com\/fr\/wp-json\/wp\/v2\/product_cat?post=36204"},{"taxonomy":"product_tag","embeddable":true,"href":"https:\/\/www.myaquastore.com\/fr\/wp-json\/wp\/v2\/product_tag?post=36204"}],"curies":[{"name":"wp","href":"https:\/\/api.w.org\/{rel}","templated":true}]}}