{"id":36226,"date":"2016-09-25T23:27:45","date_gmt":"2016-09-25T23:27:45","guid":{"rendered":"https:\/\/www.myaquastore.com\/product\/atman-filtre-bio-pour-bassin-filtre-externe-ef5000\/"},"modified":"2025-03-16T08:42:28","modified_gmt":"2025-03-16T08:42:28","slug":"atman-filtre-bio-pour-bassin-filtre-externe-ef5000","status":"publish","type":"product","link":"https:\/\/www.myaquastore.com\/fr\/product\/atman-filtre-bio-pour-bassin-filtre-externe-ef5000\/","title":{"rendered":"Atman filtre bio pour bassin filtre externe EF5000"},"content":{"rendered":"<article class=\"article richtext richtext-detail AE:disable\" id=\"richTextContainer\">\n<div style=\"clear:both\">\n<p><span style=\"font-size: 18px\"> Filtre externe pour filtre biologique pour bassin Atman EF5000 <br \/><\/span><\/p>\n<\/p>\n<p><span style=\"font-size: 18px\">Sp\u00e9cification\u00a0:<\/span><\/p>\n<p> <span>1.<span style=\"color: #333333\u00a0\">Convient au filtrage des aquariums de poissons marins et d&rsquo;eau douce <\/span><\/span><\/p>\n<p><span style=\"line-height: 28.171875px;font-family: 'Times New Roman'\">2. E<\/span><span style=\"11,818181991577148px\"><span style=\"font-size : 18px\">3. Cet appareil est notre filtre \u00e0 cartouche externe le plus r\u00e9cent. il pr\u00e9sente les caract\u00e9ristiques d&rsquo;un rendement \u00e9lev\u00e9, d&rsquo;une grande capacit\u00e9 et d&rsquo;une multifonctionnalit\u00e9\u00a0: avec st\u00e9rilisation UV int\u00e9gr\u00e9e. <\/span><br \/><span style=\"font-size: 18px\">4. Fonction de filtrage multicouche, commande de commutateur s\u00e9par\u00e9e du st\u00e9rilisateur UV.<\/span><br \/><span style=\"font-size: 18px\">5. L&rsquo;entr\u00e9e et la sortie d&rsquo;eau sont int\u00e9gr\u00e9es dans la commande de la vanne, facile \u00e0 entretenir.<\/span><\/p>\n<p style=\"border: 0px;font-family: Arial, Helvetica;font-size: 11.818181991577148px;line-height: 16.363636016845703px;vertical-align: baseline\"><span style=\"0px\u00a0;17,27272605895996px\">6. Convient pour le filtrage des aquariums de poissons d&rsquo;eau douce et marine<\/span><\/span><\/span><\/p>\n<p style=\"border : 0px\"><span><span><span>7. Int\u00e9gr\u00e9 dans une pompe \u00e0 grand d\u00e9bit et de haute qualit\u00e9, silencieuse pendant le fonctionnement.<br \/>8. Anneau rond en caoutchouc s\u00fbr et pince de verrouillage du couvercle, sans fuite.<br \/>9. Pieds en caoutchouc pour r\u00e9duire les vibrations.<\/span><\/span><\/span><\/p>\n<p><span><span><span><br \/><\/span><\/span><\/span><\/p>\n<p style=\"border: 0px\"><span style=\"vertical-align: baseline\"><br \/><\/span><\/p>\n<div style=\"clear:both\"><\/article>\n","protected":false},"excerpt":{"rendered":"<p>Atman filtre bio pour bassin filtre externe EF5000<\/p>\n","protected":false},"featured_media":2537,"comment_status":"open","ping_status":"closed","template":"","meta":[],"product_brand":[],"product_cat":[1338],"product_tag":[],"class_list":{"0":"post-36226","1":"product","2":"type-product","3":"status-publish","4":"has-post-thumbnail","6":"product_cat-filtres-pour-aquariums","8":"first","9":"instock","10":"shipping-taxable","11":"purchasable","12":"product-type-simple"},"_links":{"self":[{"href":"https:\/\/www.myaquastore.com\/fr\/wp-json\/wp\/v2\/product\/36226","targetHints":{"allow":["GET"]}}],"collection":[{"href":"https:\/\/www.myaquastore.com\/fr\/wp-json\/wp\/v2\/product"}],"about":[{"href":"https:\/\/www.myaquastore.com\/fr\/wp-json\/wp\/v2\/types\/product"}],"replies":[{"embeddable":true,"href":"https:\/\/www.myaquastore.com\/fr\/wp-json\/wp\/v2\/comments?post=36226"}],"wp:featuredmedia":[{"embeddable":true,"href":"https:\/\/www.myaquastore.com\/fr\/wp-json\/wp\/v2\/media\/2537"}],"wp:attachment":[{"href":"https:\/\/www.myaquastore.com\/fr\/wp-json\/wp\/v2\/media?parent=36226"}],"wp:term":[{"taxonomy":"product_brand","embeddable":true,"href":"https:\/\/www.myaquastore.com\/fr\/wp-json\/wp\/v2\/product_brand?post=36226"},{"taxonomy":"product_cat","embeddable":true,"href":"https:\/\/www.myaquastore.com\/fr\/wp-json\/wp\/v2\/product_cat?post=36226"},{"taxonomy":"product_tag","embeddable":true,"href":"https:\/\/www.myaquastore.com\/fr\/wp-json\/wp\/v2\/product_tag?post=36226"}],"curies":[{"name":"wp","href":"https:\/\/api.w.org\/{rel}","templated":true}]}}