{"id":36247,"date":"2016-09-25T23:27:47","date_gmt":"2016-09-25T23:27:47","guid":{"rendered":"https:\/\/www.myaquastore.com\/product\/thermometre-numerique-precis-pour-aquarium-kt902\/"},"modified":"2025-03-16T08:42:32","modified_gmt":"2025-03-16T08:42:32","slug":"thermometre-numerique-precis-pour-aquarium-kt902","status":"publish","type":"product","link":"https:\/\/www.myaquastore.com\/fr\/product\/thermometre-numerique-precis-pour-aquarium-kt902\/","title":{"rendered":"thermom\u00e8tre num\u00e9rique pr\u00e9cis pour aquarium kt902"},"content":{"rendered":"<article class=\"article richtext richtext-detail AE:disable\" id=\"richTextContainer\">\n<div style=\"clear:both\">\n<p><span style=\"font-family: 'times new roman', times;font-size: 24px\"> thermom\u00e8tre num\u00e9rique pr\u00e9cis pour aquarium kt902<\/span><br \/><span style=\"font-family: 'times new roman', times;font-size: 24px\">1 .TAILLE 42*78*10mm<\/span><br \/><span style=\"font-family: 'times new roman', times;font-size: 24px\">2. Pr\u00e9cision\u00a0:\u00a0? \/&gt;<span style=\"font-family : 'times new roman', times;font-size : 24px\">4.100pi\u00e8ces\/carton<\/span><\/p>\n<p><span style=\"font-family : 'times new roman', times;font-size : 24px\">5.weight : env. 35g<\/span><\/p>\n<p><span style=\"font-family: 'times new roman', times;font-size: 24px\">6. Grand \u00e9cran LCD affichant simultan\u00e9ment l&rsquo;aquarium et la temp\u00e9rature ambiante<\/span><\/p>\n<p><span style=\"font-family: 'times new roman', times;font-size: 24px\">7.avec ruban adh\u00e9sif \u00e0 l&rsquo;arri\u00e8re pour une mise en place facile de l&rsquo;aquarium r\u00e9servoir<\/span><\/p>\n<div style=\"clear:both\"><\/article>\n","protected":false},"excerpt":{"rendered":"<p>thermom\u00e8tre num\u00e9rique pr\u00e9cis pour aquarium kt902<\/p>\n","protected":false},"featured_media":2581,"comment_status":"open","ping_status":"closed","template":"","meta":[],"product_brand":[],"product_cat":[1338],"product_tag":[],"class_list":{"0":"post-36247","1":"product","2":"type-product","3":"status-publish","4":"has-post-thumbnail","6":"product_cat-filtres-pour-aquariums","8":"first","9":"instock","10":"shipping-taxable","11":"purchasable","12":"product-type-simple"},"_links":{"self":[{"href":"https:\/\/www.myaquastore.com\/fr\/wp-json\/wp\/v2\/product\/36247","targetHints":{"allow":["GET"]}}],"collection":[{"href":"https:\/\/www.myaquastore.com\/fr\/wp-json\/wp\/v2\/product"}],"about":[{"href":"https:\/\/www.myaquastore.com\/fr\/wp-json\/wp\/v2\/types\/product"}],"replies":[{"embeddable":true,"href":"https:\/\/www.myaquastore.com\/fr\/wp-json\/wp\/v2\/comments?post=36247"}],"wp:featuredmedia":[{"embeddable":true,"href":"https:\/\/www.myaquastore.com\/fr\/wp-json\/wp\/v2\/media\/2581"}],"wp:attachment":[{"href":"https:\/\/www.myaquastore.com\/fr\/wp-json\/wp\/v2\/media?parent=36247"}],"wp:term":[{"taxonomy":"product_brand","embeddable":true,"href":"https:\/\/www.myaquastore.com\/fr\/wp-json\/wp\/v2\/product_brand?post=36247"},{"taxonomy":"product_cat","embeddable":true,"href":"https:\/\/www.myaquastore.com\/fr\/wp-json\/wp\/v2\/product_cat?post=36247"},{"taxonomy":"product_tag","embeddable":true,"href":"https:\/\/www.myaquastore.com\/fr\/wp-json\/wp\/v2\/product_tag?post=36247"}],"curies":[{"name":"wp","href":"https:\/\/api.w.org\/{rel}","templated":true}]}}