{"id":36256,"date":"2016-09-25T23:27:48","date_gmt":"2016-09-25T23:27:48","guid":{"rendered":"https:\/\/www.myaquastore.com\/product\/2015-nouveau-produit-180g-bonus-haute-teneur-en-proteines-tortue-batons-alimentaire-b01072\/"},"modified":"2025-03-16T08:42:34","modified_gmt":"2025-03-16T08:42:34","slug":"2015-nouveau-produit-180g-bonus-haute-teneur-en-proteines-tortue-batons-alimentaire-b01072","status":"publish","type":"product","link":"https:\/\/www.myaquastore.com\/fr\/product\/2015-nouveau-produit-180g-bonus-haute-teneur-en-proteines-tortue-batons-alimentaire-b01072\/","title":{"rendered":"2015 nouveau produit 180G BONUS haute teneur en prot\u00e9ines tortue b\u00e2tons alimentaire B01072"},"content":{"rendered":"<article class=\"article richtext richtext-detail AE:disable\" id=\"richTextContainer\">\n<div style=\"clear:both\">\n<p><span style=\"font-size: 18px\">2015 nouveau produit 180G BONUS b\u00e2tonnets de tortue \u00e0 haute teneur en prot\u00e9ines nourriture B01072 <br \/><\/span><\/p>\n<\/p>\n<p><span>Avantage\u00a0:<\/span><\/p>\n<p><span style=\"color: #333333;font-family: Arial;font-size: large\"><span style=\"line-height: 24px\">1. La formule qui contient de grandes quantit\u00e9s de prot\u00e9ines animales am\u00e9liore la croissance des tortues\u00a0;<\/span><\/span><\/p>\n<p><span style=\"color: #333333;font-size: large\"><span style=\"line-height: 24px\">2. Un calcium appropri\u00e9 renforce la carapace et les os des tortues.<\/span><\/span><\/p>\n<\/p>\n<p><\/span><\/p>\n<div style=\"clear:both\"><\/article>\n","protected":false},"excerpt":{"rendered":"<p>2015 nouveau produit 180G BONUS haute teneur en prot\u00e9ines tortue b\u00e2tons alimentaire B01072<\/p>\n","protected":false},"featured_media":2605,"comment_status":"open","ping_status":"closed","template":"","meta":[],"product_brand":[],"product_cat":[1338],"product_tag":[],"class_list":{"0":"post-36256","1":"product","2":"type-product","3":"status-publish","4":"has-post-thumbnail","6":"product_cat-filtres-pour-aquariums","8":"first","9":"instock","10":"shipping-taxable","11":"purchasable","12":"product-type-simple"},"_links":{"self":[{"href":"https:\/\/www.myaquastore.com\/fr\/wp-json\/wp\/v2\/product\/36256","targetHints":{"allow":["GET"]}}],"collection":[{"href":"https:\/\/www.myaquastore.com\/fr\/wp-json\/wp\/v2\/product"}],"about":[{"href":"https:\/\/www.myaquastore.com\/fr\/wp-json\/wp\/v2\/types\/product"}],"replies":[{"embeddable":true,"href":"https:\/\/www.myaquastore.com\/fr\/wp-json\/wp\/v2\/comments?post=36256"}],"wp:featuredmedia":[{"embeddable":true,"href":"https:\/\/www.myaquastore.com\/fr\/wp-json\/wp\/v2\/media\/2605"}],"wp:attachment":[{"href":"https:\/\/www.myaquastore.com\/fr\/wp-json\/wp\/v2\/media?parent=36256"}],"wp:term":[{"taxonomy":"product_brand","embeddable":true,"href":"https:\/\/www.myaquastore.com\/fr\/wp-json\/wp\/v2\/product_brand?post=36256"},{"taxonomy":"product_cat","embeddable":true,"href":"https:\/\/www.myaquastore.com\/fr\/wp-json\/wp\/v2\/product_cat?post=36256"},{"taxonomy":"product_tag","embeddable":true,"href":"https:\/\/www.myaquastore.com\/fr\/wp-json\/wp\/v2\/product_tag?post=36256"}],"curies":[{"name":"wp","href":"https:\/\/api.w.org\/{rel}","templated":true}]}}