{"id":36279,"date":"2016-09-25T23:27:48","date_gmt":"2016-09-25T23:27:48","guid":{"rendered":"https:\/\/www.myaquastore.com\/product\/bonus-430g-koi-ajouter-de-la-nourriture-pour-poissons-colorante-b01055\/"},"modified":"2025-03-16T08:42:39","modified_gmt":"2025-03-16T08:42:39","slug":"bonus-430g-koi-ajouter-de-la-nourriture-pour-poissons-colorante-b01055","status":"publish","type":"product","link":"https:\/\/www.myaquastore.com\/fr\/product\/bonus-430g-koi-ajouter-de-la-nourriture-pour-poissons-colorante-b01055\/","title":{"rendered":"BONUS 430G KOI ajouter de la nourriture pour poissons colorante B01055"},"content":{"rendered":"<article class=\"article richtext richtext-detail AE:disable\" id=\"richTextContainer\">\n<div style=\"clear:both\">\n<p><span style=\"font-size: 18px\">BONUS 430G KOI ajouter de la nourriture pour poissons colorante B01055 <br \/><\/span><\/p>\n<\/p>\n<p><span>Avantage\u00a0:<\/span><\/p>\n<p><span style=\"color: #333333;font-family: Arial;font-size: large\"><span style=\"line-height: 24px\">1. Les crevettes et la spiruline sont bonnes pour le poisson\u00a0;<\/span><\/span><\/p>\n<p><span style=\"color: #333333;font-size: large\"><span style=\"line-height: 24px\">2.Les pr\u00e9biotiques am\u00e9liorent l&rsquo;immunit\u00e9 des poissons.<\/span><\/span><\/p>\n<p style=\"border: 0px;font-family: Arial, Helvetica;line-height: 15px;vertical-align: baseline color: #333333\"><span style=\"margin: 0px;0px\u00a0\"><br \/><\/span><\/p>\n<div style=\"clear:both\"><\/article>\n","protected":false},"excerpt":{"rendered":"<p>BONUS 430G KOI ajouter de la nourriture pour poissons colorante B01055<\/p>\n","protected":false},"featured_media":2655,"comment_status":"open","ping_status":"closed","template":"","meta":[],"product_brand":[],"product_cat":[1338],"product_tag":[],"class_list":{"0":"post-36279","1":"product","2":"type-product","3":"status-publish","4":"has-post-thumbnail","6":"product_cat-filtres-pour-aquariums","8":"first","9":"instock","10":"shipping-taxable","11":"purchasable","12":"product-type-simple"},"_links":{"self":[{"href":"https:\/\/www.myaquastore.com\/fr\/wp-json\/wp\/v2\/product\/36279","targetHints":{"allow":["GET"]}}],"collection":[{"href":"https:\/\/www.myaquastore.com\/fr\/wp-json\/wp\/v2\/product"}],"about":[{"href":"https:\/\/www.myaquastore.com\/fr\/wp-json\/wp\/v2\/types\/product"}],"replies":[{"embeddable":true,"href":"https:\/\/www.myaquastore.com\/fr\/wp-json\/wp\/v2\/comments?post=36279"}],"wp:featuredmedia":[{"embeddable":true,"href":"https:\/\/www.myaquastore.com\/fr\/wp-json\/wp\/v2\/media\/2655"}],"wp:attachment":[{"href":"https:\/\/www.myaquastore.com\/fr\/wp-json\/wp\/v2\/media?parent=36279"}],"wp:term":[{"taxonomy":"product_brand","embeddable":true,"href":"https:\/\/www.myaquastore.com\/fr\/wp-json\/wp\/v2\/product_brand?post=36279"},{"taxonomy":"product_cat","embeddable":true,"href":"https:\/\/www.myaquastore.com\/fr\/wp-json\/wp\/v2\/product_cat?post=36279"},{"taxonomy":"product_tag","embeddable":true,"href":"https:\/\/www.myaquastore.com\/fr\/wp-json\/wp\/v2\/product_tag?post=36279"}],"curies":[{"name":"wp","href":"https:\/\/api.w.org\/{rel}","templated":true}]}}