{"id":36298,"date":"2016-09-25T23:27:49","date_gmt":"2016-09-25T23:27:49","guid":{"rendered":"https:\/\/www.myaquastore.com\/product\/offre-speciale-jecod-super-tout-a-fait-pompe-a-eau-daquarium-pompe-a-eau-submersible-fa4000\/"},"modified":"2025-03-16T08:42:42","modified_gmt":"2025-03-16T08:42:42","slug":"offre-speciale-jecod-super-tout-a-fait-pompe-a-eau-daquarium-pompe-a-eau-submersible-fa4000","status":"publish","type":"product","link":"https:\/\/www.myaquastore.com\/fr\/product\/offre-speciale-jecod-super-tout-a-fait-pompe-a-eau-daquarium-pompe-a-eau-submersible-fa4000\/","title":{"rendered":"Offre sp\u00e9ciale Jecod super tout \u00e0 fait pompe \u00e0 eau d&rsquo;aquarium pompe \u00e0 eau submersible FA4000"},"content":{"rendered":"<article class=\"article richtext richtext-detail AE:disable\" id=\"richTextContainer\">\n<div style=\"clear:both\">\n<p><span style=\"font-size: 18px\">Offre sp\u00e9ciale Jecod super assez pompe \u00e0 eau d&rsquo;aquarium pompe \u00e0 eau submersible FA4000 <\/span><\/p>\n<\/p>\n<p><span style=\"font-size: 18px\">Consommation d&rsquo;\u00e9nergie tr\u00e8s faible, \u00e9conomie d&rsquo;\u00e9nergie de 30\u00a0%\u00a0;<\/span><br \/><\/span><\/p>\n<p style=\"border: 0px\"><span style=\"vertical-align: baseline\">3.<span style=\"color: #333333;line-height: 15px\">Excellente qualit\u00e9 au meilleur prix<\/span>;<\/span><\/p>\n<p style=\"border: 0px\"><span>4. Rotor \u00e0 arbre en c\u00e9ramique fixe, silencieux et portable\u00a0;<\/span><\/p>\n<p style=\"border: 0px\"><span style=\"vertical-align: baseline\">5.Entra\u00eenement magn\u00e9tique sans huile;<\/span><\/p>\n<p style=\"border: 0px\"><span style=\"vertical-align: baseline\">6. Convient \u00e0 l&rsquo;eau douce et \u00e0 l&rsquo;eau de mer.<\/span><\/p>\n<div style=\"clear:both\"><\/article>\n","protected":false},"excerpt":{"rendered":"<p>Offre sp\u00e9ciale Jecod super tout \u00e0 fait pompe \u00e0 eau d&rsquo;aquarium pompe \u00e0 eau submersible FA4000<\/p>\n","protected":false},"featured_media":2690,"comment_status":"open","ping_status":"closed","template":"","meta":[],"product_brand":[],"product_cat":[1338],"product_tag":[],"class_list":{"0":"post-36298","1":"product","2":"type-product","3":"status-publish","4":"has-post-thumbnail","6":"product_cat-filtres-pour-aquariums","8":"first","9":"instock","10":"shipping-taxable","11":"purchasable","12":"product-type-simple"},"_links":{"self":[{"href":"https:\/\/www.myaquastore.com\/fr\/wp-json\/wp\/v2\/product\/36298","targetHints":{"allow":["GET"]}}],"collection":[{"href":"https:\/\/www.myaquastore.com\/fr\/wp-json\/wp\/v2\/product"}],"about":[{"href":"https:\/\/www.myaquastore.com\/fr\/wp-json\/wp\/v2\/types\/product"}],"replies":[{"embeddable":true,"href":"https:\/\/www.myaquastore.com\/fr\/wp-json\/wp\/v2\/comments?post=36298"}],"wp:featuredmedia":[{"embeddable":true,"href":"https:\/\/www.myaquastore.com\/fr\/wp-json\/wp\/v2\/media\/2690"}],"wp:attachment":[{"href":"https:\/\/www.myaquastore.com\/fr\/wp-json\/wp\/v2\/media?parent=36298"}],"wp:term":[{"taxonomy":"product_brand","embeddable":true,"href":"https:\/\/www.myaquastore.com\/fr\/wp-json\/wp\/v2\/product_brand?post=36298"},{"taxonomy":"product_cat","embeddable":true,"href":"https:\/\/www.myaquastore.com\/fr\/wp-json\/wp\/v2\/product_cat?post=36298"},{"taxonomy":"product_tag","embeddable":true,"href":"https:\/\/www.myaquastore.com\/fr\/wp-json\/wp\/v2\/product_tag?post=36298"}],"curies":[{"name":"wp","href":"https:\/\/api.w.org\/{rel}","templated":true}]}}