{"id":36313,"date":"2016-09-25T23:27:49","date_gmt":"2016-09-25T23:27:49","guid":{"rendered":"https:\/\/www.myaquastore.com\/product\/135g-250ml-sera-granule-nourriture-pour-poissons-daquarium-pour-cichlides\/"},"modified":"2025-03-16T08:42:45","modified_gmt":"2025-03-16T08:42:45","slug":"135g-250ml-sera-granule-nourriture-pour-poissons-daquarium-pour-cichlides","status":"publish","type":"product","link":"https:\/\/www.myaquastore.com\/fr\/product\/135g-250ml-sera-granule-nourriture-pour-poissons-daquarium-pour-cichlides\/","title":{"rendered":"135g 250ml sera granul\u00e9 nourriture pour poissons d&rsquo;aquarium pour cichlid\u00e9s"},"content":{"rendered":"<article class=\"article richtext richtext-detail AE:disable\" id=\"richTextContainer\">\n<div style=\"clear:both\">\n<p><span style=\"font-family: 'times new roman', times;font-size: 24px\"> 135g 250ml sera granured nourriture pour poissons d&rsquo;aquarium pour cichlid\u00e9s<\/span><br \/><span style=\"font-family: 'times new roman', fois\u00a0;\u00a0\">1. excellente qualit\u00e9<\/span><br \/><span style=\"font-family: 'times new roman', times;font-size: 24px;color: #000000\">2. prix raisonnable<\/span><br \/><span style=\"font-family: 'times new roman', times;font-size: 24px;color: #000000\">3. le volume est de 135G\/250ML<\/span><\/p>\n<p><span style=\"font-family: 'times new roman', times;font-size: 24px;color: #000000\">4. <span style=\"line-height: 18.1875px\">Cet aliment granul\u00e9 contient un pourcentage \u00e9lev\u00e9 de prot\u00e9ines de haute qualit\u00e9 provenant d&rsquo;organismes aquatiques et est donc destin\u00e9 principalement aux cichlid\u00e9s pr\u00e9dateurs. En combinaison avec le granugreen, le granured constitue \u00e9galement une variante int\u00e9ressante pour les poissons omnivores. Les poissons nouvellement import\u00e9s acceptent facilement la nourriture. Il conserve sa forme et reste donc attrayant m\u00eame apr\u00e8s avoir coul\u00e9.<\/span><br \/><\/span><\/p>\n<p><span style=\"font-family: 'times new roman', times;font-size: 24px;color: #000000\">5. L&#8217;emballage est de 24 barils\/carton <\/span><\/p>\n<div style=\"clear:both\"><\/article>\n","protected":false},"excerpt":{"rendered":"<p>135g 250ml sera granul\u00e9 nourriture pour poissons d&rsquo;aquarium pour cichlid\u00e9s<\/p>\n","protected":false},"featured_media":2716,"comment_status":"open","ping_status":"closed","template":"","meta":[],"product_brand":[],"product_cat":[1338],"product_tag":[],"class_list":{"0":"post-36313","1":"product","2":"type-product","3":"status-publish","4":"has-post-thumbnail","6":"product_cat-filtres-pour-aquariums","8":"first","9":"instock","10":"shipping-taxable","11":"purchasable","12":"product-type-simple"},"_links":{"self":[{"href":"https:\/\/www.myaquastore.com\/fr\/wp-json\/wp\/v2\/product\/36313","targetHints":{"allow":["GET"]}}],"collection":[{"href":"https:\/\/www.myaquastore.com\/fr\/wp-json\/wp\/v2\/product"}],"about":[{"href":"https:\/\/www.myaquastore.com\/fr\/wp-json\/wp\/v2\/types\/product"}],"replies":[{"embeddable":true,"href":"https:\/\/www.myaquastore.com\/fr\/wp-json\/wp\/v2\/comments?post=36313"}],"wp:featuredmedia":[{"embeddable":true,"href":"https:\/\/www.myaquastore.com\/fr\/wp-json\/wp\/v2\/media\/2716"}],"wp:attachment":[{"href":"https:\/\/www.myaquastore.com\/fr\/wp-json\/wp\/v2\/media?parent=36313"}],"wp:term":[{"taxonomy":"product_brand","embeddable":true,"href":"https:\/\/www.myaquastore.com\/fr\/wp-json\/wp\/v2\/product_brand?post=36313"},{"taxonomy":"product_cat","embeddable":true,"href":"https:\/\/www.myaquastore.com\/fr\/wp-json\/wp\/v2\/product_cat?post=36313"},{"taxonomy":"product_tag","embeddable":true,"href":"https:\/\/www.myaquastore.com\/fr\/wp-json\/wp\/v2\/product_tag?post=36313"}],"curies":[{"name":"wp","href":"https:\/\/api.w.org\/{rel}","templated":true}]}}