{"id":36316,"date":"2016-09-25T23:27:49","date_gmt":"2016-09-25T23:27:49","guid":{"rendered":"https:\/\/www.myaquastore.com\/product\/lumieres-led-colorees-de-113cm-couleur-variable-avec-controleur-infrarouge\/"},"modified":"2025-03-16T08:42:45","modified_gmt":"2025-03-16T08:42:45","slug":"lumieres-led-colorees-de-113cm-couleur-variable-avec-controleur-infrarouge","status":"publish","type":"product","link":"https:\/\/www.myaquastore.com\/fr\/product\/lumieres-led-colorees-de-113cm-couleur-variable-avec-controleur-infrarouge\/","title":{"rendered":"Lumi\u00e8res LED color\u00e9es de 113CM, couleur variable avec contr\u00f4leur infrarouge"},"content":{"rendered":"<article class=\"article richtext richtext-detail AE:disable\" id=\"richTextContainer\">\n<div style=\"clear:both\">\n<p><span style=\"font-family: 'times new roman', times;font-size: 24px\">113CM lumi\u00e8res LED color\u00e9es couleur variable avec contr\u00f4leur infrarouge<\/span><br \/><span style=\"font-family: 'times new roman', times\">1.peut changer de couleur<\/span><br \/><span style=\"font-family: 'times new roman', times;font-size: 24px\">2. longueur diff\u00e9rente (18cm 23cm 33cm 43cm 53cm 73cm 93cm 113cm)<\/span><br \/><span style=\"font-family: 'times new roman', times;24px\">3.\u00e9conomie d&rsquo;\u00e9nergie<\/span><\/p>\n<p><span style=\"font-family: 'times new roman', times;font-size: 24px\">4. l&#8217;emballage est de 20 pi\u00e8ces\/carton<\/span><\/p>\n<p><span style=\"font-family: 'times new roman', times\">5. temp\u00e9rature de fonctionnement : de -20 \u00e0 60 degr\u00e9<\/span><\/p>\n<p><span style=\"font-size : 24px\">6. tension d&rsquo;alimentation : DC12V<\/span><\/p>\n<p><span style=\"font-family : 'times new roman', times\">7. Taille du produit : 1130*22*12mm<\/span><\/p>\n<p><span style=\"font-family : 'times new roman', times\">8.output\u00a0: trois sorties CMOS drain-open<\/span><\/p>\n<p><span>9.mode de connexion\u00a0: anode commune<\/span><\/p>\n<p><span>10.courant de sortie\u00a0:&lt;2A par couleur<\/span><\/p>\n<p><span>11.Connectez le contr\u00f4leur RGS \u00e0 la t\u00eate de bande LED via la fl\u00e8che vers la fl\u00e8che.<\/span><\/p>\n<div style=\"clear:both\"><\/article>\n","protected":false},"excerpt":{"rendered":"<p>Lumi\u00e8res LED color\u00e9es de 113CM, couleur variable avec contr\u00f4leur infrarouge<\/p>\n","protected":false},"featured_media":2722,"comment_status":"open","ping_status":"closed","template":"","meta":[],"product_brand":[],"product_cat":[1338],"product_tag":[],"class_list":{"0":"post-36316","1":"product","2":"type-product","3":"status-publish","4":"has-post-thumbnail","6":"product_cat-filtres-pour-aquariums","8":"first","9":"instock","10":"shipping-taxable","11":"purchasable","12":"product-type-simple"},"_links":{"self":[{"href":"https:\/\/www.myaquastore.com\/fr\/wp-json\/wp\/v2\/product\/36316","targetHints":{"allow":["GET"]}}],"collection":[{"href":"https:\/\/www.myaquastore.com\/fr\/wp-json\/wp\/v2\/product"}],"about":[{"href":"https:\/\/www.myaquastore.com\/fr\/wp-json\/wp\/v2\/types\/product"}],"replies":[{"embeddable":true,"href":"https:\/\/www.myaquastore.com\/fr\/wp-json\/wp\/v2\/comments?post=36316"}],"wp:featuredmedia":[{"embeddable":true,"href":"https:\/\/www.myaquastore.com\/fr\/wp-json\/wp\/v2\/media\/2722"}],"wp:attachment":[{"href":"https:\/\/www.myaquastore.com\/fr\/wp-json\/wp\/v2\/media?parent=36316"}],"wp:term":[{"taxonomy":"product_brand","embeddable":true,"href":"https:\/\/www.myaquastore.com\/fr\/wp-json\/wp\/v2\/product_brand?post=36316"},{"taxonomy":"product_cat","embeddable":true,"href":"https:\/\/www.myaquastore.com\/fr\/wp-json\/wp\/v2\/product_cat?post=36316"},{"taxonomy":"product_tag","embeddable":true,"href":"https:\/\/www.myaquastore.com\/fr\/wp-json\/wp\/v2\/product_tag?post=36316"}],"curies":[{"name":"wp","href":"https:\/\/api.w.org\/{rel}","templated":true}]}}