{"id":36324,"date":"2016-09-25T23:27:49","date_gmt":"2016-09-25T23:27:49","guid":{"rendered":"https:\/\/www.myaquastore.com\/product\/aquarex-combinaison-chauffante-pour-aquarium-pour-eau-douce-et-chauffe-eau-de-mer-nouveau-produit-gh100\/"},"modified":"2025-03-16T08:42:47","modified_gmt":"2025-03-16T08:42:47","slug":"aquarex-combinaison-chauffante-pour-aquarium-pour-eau-douce-et-chauffe-eau-de-mer-nouveau-produit-gh100","status":"publish","type":"product","link":"https:\/\/www.myaquastore.com\/fr\/product\/aquarex-combinaison-chauffante-pour-aquarium-pour-eau-douce-et-chauffe-eau-de-mer-nouveau-produit-gh100\/","title":{"rendered":"AQUAREX \u2013 combinaison chauffante pour aquarium, pour eau douce et chauffe-eau de mer, nouveau produit GH100"},"content":{"rendered":"<article class=\"article richtext richtext-detail AE:disable\" id=\"richTextContainer\">\n<div style=\"clear:both\">\n<p><span style=\"font-size: 18px\">Nouveau produit AQUAREX combinaison de chauffage d&rsquo;aquarium pour chauffe-eau douce et eau de mer GH100 <\/span><\/p>\n<\/p>\n<p><span style=\"font-size: 18px\">Aquarium <span style=\"font-size: 18px;line-height: 27px\">combinaison chauffante pour chauffe-eau douce et eau de mer GH100<\/span><\/p>\n<p><\/span><\/p>\n<\/p>\n<p><span style=\"font-size: 18px\">Avantage\u00a0:<\/span><\/p>\n<p style=\"border: 0px;\u00a0alignement vertical\u00a0;\u00a0\"><span><span style=\"margin: 0px;padding: 0px;border: 0px;vertical-align: baseline\">2.\u00c9tanche et ajuste automatiquement la temp\u00e9rature;<\/span><\/p>\n<p style=\"border: 0px\"><span style=\"vertical-align: baseline\">3. Conception de drainage \u00e0 double \u00e9tanch\u00e9it\u00e9;<\/span><\/p>\n<p style=\"border: 0px\"><span style=\"vertical-align: baseline\">4. Convient pour le chauffage de l&rsquo;eau douce et de l&rsquo;eau de mer.<\/span><\/p>\n<div style=\"clear:both\"><\/article>\n","protected":false},"excerpt":{"rendered":"<p>AQUAREX \u2013 combinaison chauffante pour aquarium, pour eau douce et chauffe-eau de mer, nouveau produit GH100<\/p>\n","protected":false},"featured_media":2738,"comment_status":"open","ping_status":"closed","template":"","meta":[],"product_brand":[],"product_cat":[1338],"product_tag":[],"class_list":{"0":"post-36324","1":"product","2":"type-product","3":"status-publish","4":"has-post-thumbnail","6":"product_cat-filtres-pour-aquariums","8":"first","9":"instock","10":"shipping-taxable","11":"purchasable","12":"product-type-simple"},"_links":{"self":[{"href":"https:\/\/www.myaquastore.com\/fr\/wp-json\/wp\/v2\/product\/36324","targetHints":{"allow":["GET"]}}],"collection":[{"href":"https:\/\/www.myaquastore.com\/fr\/wp-json\/wp\/v2\/product"}],"about":[{"href":"https:\/\/www.myaquastore.com\/fr\/wp-json\/wp\/v2\/types\/product"}],"replies":[{"embeddable":true,"href":"https:\/\/www.myaquastore.com\/fr\/wp-json\/wp\/v2\/comments?post=36324"}],"wp:featuredmedia":[{"embeddable":true,"href":"https:\/\/www.myaquastore.com\/fr\/wp-json\/wp\/v2\/media\/2738"}],"wp:attachment":[{"href":"https:\/\/www.myaquastore.com\/fr\/wp-json\/wp\/v2\/media?parent=36324"}],"wp:term":[{"taxonomy":"product_brand","embeddable":true,"href":"https:\/\/www.myaquastore.com\/fr\/wp-json\/wp\/v2\/product_brand?post=36324"},{"taxonomy":"product_cat","embeddable":true,"href":"https:\/\/www.myaquastore.com\/fr\/wp-json\/wp\/v2\/product_cat?post=36324"},{"taxonomy":"product_tag","embeddable":true,"href":"https:\/\/www.myaquastore.com\/fr\/wp-json\/wp\/v2\/product_tag?post=36324"}],"curies":[{"name":"wp","href":"https:\/\/api.w.org\/{rel}","templated":true}]}}