{"id":36326,"date":"2016-09-25T23:27:49","date_gmt":"2016-09-25T23:27:49","guid":{"rendered":"https:\/\/www.myaquastore.com\/product\/2015-mode-nouveau-design-hakawin-lumiere-led-daquarium-lampe-en-verre-transparent-cr9000\/"},"modified":"2025-03-16T08:42:47","modified_gmt":"2025-03-16T08:42:47","slug":"2015-mode-nouveau-design-hakawin-lumiere-led-daquarium-lampe-en-verre-transparent-cr9000","status":"publish","type":"product","link":"https:\/\/www.myaquastore.com\/fr\/product\/2015-mode-nouveau-design-hakawin-lumiere-led-daquarium-lampe-en-verre-transparent-cr9000\/","title":{"rendered":"2015 mode nouveau design HAKAWIN lumi\u00e8re LED d&rsquo;aquarium lampe en verre transparent CR9000"},"content":{"rendered":"<article class=\"article richtext richtext-detail AE:disable\" id=\"richTextContainer\">\n<div style=\"clear:both\">\n<p><span style=\"font-size: 18px\"> 2015 mode nouveau design HAKAWIN LED lampe d&rsquo;aquarium lampe en verre transparent CR-9000 <\/span><\/p>\n<\/p>\n<p><span style=\"font-size: 18px\">Aquarium <span style=\"font-size: 18px;line-height: 27px\">LED <span style=\"font-size: 18px;line-height: 27px\">Lampe en verre transparent<\/span><br \/><\/span><br \/><\/span><\/p>\n<\/p>\n<p><span>Avantage\u00a0:<\/span><\/p>\n<p><span style=\"font-size: 18px\">1. Fabriqu\u00e9 \u00e0 partir d&rsquo;aluminium de haute qualit\u00e9\u00a0;<\/span><\/p>\n<p><span style=\"font-size: 18px\">2. Le refroidissement rapide\u00a0;<\/span><\/p>\n<p><span style=\"font-size: 18px\">3. \u00c9conomie d&rsquo;\u00e9nergie\u00a0;<\/span><\/p>\n<p><span style=\"font-size: large\"><span style=\"line-height: 27px\">4. Conception \u00e9tanche.<\/span><\/span><\/p>\n<p><span style=\"font-size: large\"><span style=\"line-height: 27px\"><br \/><\/span><\/span><\/p>\n<p><span> .<\/span><\/p>\n<div style=\"clear:both\"><\/article>\n","protected":false},"excerpt":{"rendered":"<p>2015 mode nouveau design HAKAWIN lumi\u00e8re LED d&rsquo;aquarium lampe en verre transparent CR9000<\/p>\n","protected":false},"featured_media":2741,"comment_status":"open","ping_status":"closed","template":"","meta":[],"product_brand":[],"product_cat":[1338],"product_tag":[],"class_list":{"0":"post-36326","1":"product","2":"type-product","3":"status-publish","4":"has-post-thumbnail","6":"product_cat-filtres-pour-aquariums","8":"first","9":"instock","10":"shipping-taxable","11":"purchasable","12":"product-type-simple"},"_links":{"self":[{"href":"https:\/\/www.myaquastore.com\/fr\/wp-json\/wp\/v2\/product\/36326","targetHints":{"allow":["GET"]}}],"collection":[{"href":"https:\/\/www.myaquastore.com\/fr\/wp-json\/wp\/v2\/product"}],"about":[{"href":"https:\/\/www.myaquastore.com\/fr\/wp-json\/wp\/v2\/types\/product"}],"replies":[{"embeddable":true,"href":"https:\/\/www.myaquastore.com\/fr\/wp-json\/wp\/v2\/comments?post=36326"}],"wp:featuredmedia":[{"embeddable":true,"href":"https:\/\/www.myaquastore.com\/fr\/wp-json\/wp\/v2\/media\/2741"}],"wp:attachment":[{"href":"https:\/\/www.myaquastore.com\/fr\/wp-json\/wp\/v2\/media?parent=36326"}],"wp:term":[{"taxonomy":"product_brand","embeddable":true,"href":"https:\/\/www.myaquastore.com\/fr\/wp-json\/wp\/v2\/product_brand?post=36326"},{"taxonomy":"product_cat","embeddable":true,"href":"https:\/\/www.myaquastore.com\/fr\/wp-json\/wp\/v2\/product_cat?post=36326"},{"taxonomy":"product_tag","embeddable":true,"href":"https:\/\/www.myaquastore.com\/fr\/wp-json\/wp\/v2\/product_tag?post=36326"}],"curies":[{"name":"wp","href":"https:\/\/api.w.org\/{rel}","templated":true}]}}