{"id":36342,"date":"2016-09-25T23:27:51","date_gmt":"2016-09-25T23:27:51","guid":{"rendered":"https:\/\/www.myaquastore.com\/product\/pompe-a-air-super-silencieuse-pour-aquarium-atman-45-w-pp400\/"},"modified":"2025-03-16T08:42:50","modified_gmt":"2025-03-16T08:42:50","slug":"pompe-a-air-super-silencieuse-pour-aquarium-atman-45-w-pp400","status":"publish","type":"product","link":"https:\/\/www.myaquastore.com\/fr\/product\/pompe-a-air-super-silencieuse-pour-aquarium-atman-45-w-pp400\/","title":{"rendered":"Pompe \u00e0 air super silencieuse pour aquarium Atman 4,5 W PP400"},"content":{"rendered":"<article class=\"article richtext richtext-detail AE:disable\" id=\"richTextContainer\">\n<div style=\"clear:both\">\n<p><span style=\"font-family: 'times new roman', times;font-size: 24px\"> Pompe \u00e0 air super silencieuse PP400 pour aquarium Atman 4,5 w<\/span><br \/><span style=\"font-family: 'times new roman', times\">1. longue dur\u00e9e de vie<\/span><br \/><span style=\"font-family: 'times new roman', times;font-size: 24px\">2. tout \u00e0 fait, \u00e9conomie d&rsquo;\u00e9nergie<\/span><br \/><span style=\"font-family: 'times new roman', times;font-size: 24px\">3. Hautes performances<\/span><br \/><span style=\"font-family: 'times new roman', times;font-size: 24px\">4. Ventouses pour s&rsquo;adapter \u00e0 n&rsquo;importe quel r\u00e9servoir<\/span><\/p>\n<p><span style=\"font-family : 'times new roman', times;font-size : 24px\">5.emballage : 30 pi\u00e8ces\/carton<\/span><\/p>\n<p><span style=\"font-family : 'times new roman', times;font-size : 24px\">6.double sortie<\/span><\/p>\n<div style=\"clear:les deux\"><\/article>\n","protected":false},"excerpt":{"rendered":"<p>Pompe \u00e0 air super silencieuse pour aquarium Atman 4,5 W PP400<\/p>\n","protected":false},"featured_media":2773,"comment_status":"open","ping_status":"closed","template":"","meta":[],"product_brand":[],"product_cat":[1338],"product_tag":[],"class_list":{"0":"post-36342","1":"product","2":"type-product","3":"status-publish","4":"has-post-thumbnail","6":"product_cat-filtres-pour-aquariums","8":"first","9":"instock","10":"shipping-taxable","11":"purchasable","12":"product-type-simple"},"_links":{"self":[{"href":"https:\/\/www.myaquastore.com\/fr\/wp-json\/wp\/v2\/product\/36342","targetHints":{"allow":["GET"]}}],"collection":[{"href":"https:\/\/www.myaquastore.com\/fr\/wp-json\/wp\/v2\/product"}],"about":[{"href":"https:\/\/www.myaquastore.com\/fr\/wp-json\/wp\/v2\/types\/product"}],"replies":[{"embeddable":true,"href":"https:\/\/www.myaquastore.com\/fr\/wp-json\/wp\/v2\/comments?post=36342"}],"wp:featuredmedia":[{"embeddable":true,"href":"https:\/\/www.myaquastore.com\/fr\/wp-json\/wp\/v2\/media\/2773"}],"wp:attachment":[{"href":"https:\/\/www.myaquastore.com\/fr\/wp-json\/wp\/v2\/media?parent=36342"}],"wp:term":[{"taxonomy":"product_brand","embeddable":true,"href":"https:\/\/www.myaquastore.com\/fr\/wp-json\/wp\/v2\/product_brand?post=36342"},{"taxonomy":"product_cat","embeddable":true,"href":"https:\/\/www.myaquastore.com\/fr\/wp-json\/wp\/v2\/product_cat?post=36342"},{"taxonomy":"product_tag","embeddable":true,"href":"https:\/\/www.myaquastore.com\/fr\/wp-json\/wp\/v2\/product_tag?post=36342"}],"curies":[{"name":"wp","href":"https:\/\/api.w.org\/{rel}","templated":true}]}}