{"id":36376,"date":"2016-09-25T23:27:51","date_gmt":"2016-09-25T23:27:51","guid":{"rendered":"https:\/\/www.myaquastore.com\/product\/minjiang-pompe-a-eau-electrique-submersible-pour-aquarium-ns803\/"},"modified":"2025-03-16T08:42:57","modified_gmt":"2025-03-16T08:42:57","slug":"minjiang-pompe-a-eau-electrique-submersible-pour-aquarium-ns803","status":"publish","type":"product","link":"https:\/\/www.myaquastore.com\/fr\/product\/minjiang-pompe-a-eau-electrique-submersible-pour-aquarium-ns803\/","title":{"rendered":"Minjiang \u2013 pompe \u00e0 eau \u00e9lectrique submersible pour aquarium, NS803"},"content":{"rendered":"<article class=\"article richtext richtext-detail AE:disable\" id=\"richTextContainer\">\n<div style=\"clear:both\">\n<p><span style=\"font-family: 'times new roman', times;font-size: 24px\"> pompe \u00e0 eau d&rsquo;aquarium \u00e9lectrique submersible minjiang NS803 <\/span><\/p>\n<p><span style=\"font-family: 'times new roman', times\">1.Adopte une c\u00e9ramique \u00e0 haute teneur en aluminium pour produire l&rsquo;arbre, pour une double utilisation en eau douce et en eau de mer. <\/span><br \/><span style=\"font-family: 'times new roman', times;font-size: 24px\">2. Adopte des particules originales ABS de qualit\u00e9 sup\u00e9rieure pour fa\u00e7onner le bo\u00eetier, qui ne s&rsquo;use jamais. <\/span><br \/><span style=\"font-family: 'times new roman', times;font-size: 24px\">3. Double usage sous ou au-dessus de l&rsquo;eau. <\/span><br \/><span style=\"font-family: 'times new roman', times;font-size: 24px\">4. Il s&rsquo;applique \u00e0 l&rsquo;\u00e9vacuation de l&rsquo;eau, \u00e0 l&rsquo;apport d&rsquo;oxyg\u00e8ne, \u00e0 la cr\u00e9ation de vagues, \u00e0 la filtration et \u00e0 la fontaine. <\/span><br \/><span style=\"font-family: 'times new roman', times;font-size: 24px\">5. Adopte une ventouse solide pour fixer la pompe de mani\u00e8re intensive, qui n&rsquo;est jamais gerc\u00e9e. <\/span><\/p>\n<\/p>\n<\/p>\n<div style=\"clear:both\"><\/article>\n","protected":false},"excerpt":{"rendered":"<p>Minjiang \u2013 pompe \u00e0 eau \u00e9lectrique submersible pour aquarium, NS803<\/p>\n","protected":false},"featured_media":2842,"comment_status":"open","ping_status":"closed","template":"","meta":[],"product_brand":[],"product_cat":[1338],"product_tag":[],"class_list":{"0":"post-36376","1":"product","2":"type-product","3":"status-publish","4":"has-post-thumbnail","6":"product_cat-filtres-pour-aquariums","8":"first","9":"instock","10":"shipping-taxable","11":"purchasable","12":"product-type-simple"},"_links":{"self":[{"href":"https:\/\/www.myaquastore.com\/fr\/wp-json\/wp\/v2\/product\/36376","targetHints":{"allow":["GET"]}}],"collection":[{"href":"https:\/\/www.myaquastore.com\/fr\/wp-json\/wp\/v2\/product"}],"about":[{"href":"https:\/\/www.myaquastore.com\/fr\/wp-json\/wp\/v2\/types\/product"}],"replies":[{"embeddable":true,"href":"https:\/\/www.myaquastore.com\/fr\/wp-json\/wp\/v2\/comments?post=36376"}],"wp:featuredmedia":[{"embeddable":true,"href":"https:\/\/www.myaquastore.com\/fr\/wp-json\/wp\/v2\/media\/2842"}],"wp:attachment":[{"href":"https:\/\/www.myaquastore.com\/fr\/wp-json\/wp\/v2\/media?parent=36376"}],"wp:term":[{"taxonomy":"product_brand","embeddable":true,"href":"https:\/\/www.myaquastore.com\/fr\/wp-json\/wp\/v2\/product_brand?post=36376"},{"taxonomy":"product_cat","embeddable":true,"href":"https:\/\/www.myaquastore.com\/fr\/wp-json\/wp\/v2\/product_cat?post=36376"},{"taxonomy":"product_tag","embeddable":true,"href":"https:\/\/www.myaquastore.com\/fr\/wp-json\/wp\/v2\/product_tag?post=36376"}],"curies":[{"name":"wp","href":"https:\/\/api.w.org\/{rel}","templated":true}]}}