{"id":36386,"date":"2016-09-25T23:27:52","date_gmt":"2016-09-25T23:27:52","guid":{"rendered":"https:\/\/www.myaquastore.com\/product\/pompe-a-air-detang-hailea-de-type-dlaphragm-20w-aco-9720\/"},"modified":"2025-03-16T08:42:59","modified_gmt":"2025-03-16T08:42:59","slug":"pompe-a-air-detang-hailea-de-type-dlaphragm-20w-aco-9720","status":"publish","type":"product","link":"https:\/\/www.myaquastore.com\/fr\/product\/pompe-a-air-detang-hailea-de-type-dlaphragm-20w-aco-9720\/","title":{"rendered":"Pompe \u00e0 air d&rsquo;\u00e9tang hailea de Type Dlaphragm 20w ACO-9720"},"content":{"rendered":"<article class=\"article richtext richtext-detail AE:disable\" id=\"richTextContainer\">\n<div style=\"clear:both\">\n<p><span style=\"font-family: 'times new roman', times;font-size: 24px\"> Pompe \u00e0 air pour \u00e9tang hailea type hailea 20w ACO-9720 <\/span><\/p>\n<p><span style=\"font-family: 'times new roman', times;font-size: 24px\">1 Double syst\u00e8me d&rsquo;amortissement et fonction d&rsquo;absorption du bruit, hautes performances et faible bruit.<\/span><\/p>\n<p><span style=\"font-family: 'times new roman', times;font-size: 24px\">2 barres \u00e0 double d\u00e9bit pour produire une grande quantit\u00e9 d&rsquo;air et la pression de l&rsquo;air est tr\u00e8s forte.<\/span><\/p>\n<p><span style=\"font-family: 'times new roman', times;font-size: 24px\">3 Conception respectueuse de l&rsquo;environnement pour produire de l&rsquo;air comprim\u00e9 pur.<\/span><\/p>\n<p><span style=\"font-family: 'times new roman', times;font-size: 24px\">4 Construction enti\u00e8rement \u00e9tanche, aucune fuite d&rsquo;eau.<\/span><\/p>\n<\/p>\n<div style=\"clear:both\"><\/article>\n","protected":false},"excerpt":{"rendered":"<p>Pompe \u00e0 air d&rsquo;\u00e9tang hailea de Type Dlaphragm 20w ACO-9720<\/p>\n","protected":false},"featured_media":2862,"comment_status":"open","ping_status":"closed","template":"","meta":[],"product_brand":[],"product_cat":[1338],"product_tag":[],"class_list":{"0":"post-36386","1":"product","2":"type-product","3":"status-publish","4":"has-post-thumbnail","6":"product_cat-filtres-pour-aquariums","8":"first","9":"instock","10":"shipping-taxable","11":"purchasable","12":"product-type-simple"},"_links":{"self":[{"href":"https:\/\/www.myaquastore.com\/fr\/wp-json\/wp\/v2\/product\/36386","targetHints":{"allow":["GET"]}}],"collection":[{"href":"https:\/\/www.myaquastore.com\/fr\/wp-json\/wp\/v2\/product"}],"about":[{"href":"https:\/\/www.myaquastore.com\/fr\/wp-json\/wp\/v2\/types\/product"}],"replies":[{"embeddable":true,"href":"https:\/\/www.myaquastore.com\/fr\/wp-json\/wp\/v2\/comments?post=36386"}],"wp:featuredmedia":[{"embeddable":true,"href":"https:\/\/www.myaquastore.com\/fr\/wp-json\/wp\/v2\/media\/2862"}],"wp:attachment":[{"href":"https:\/\/www.myaquastore.com\/fr\/wp-json\/wp\/v2\/media?parent=36386"}],"wp:term":[{"taxonomy":"product_brand","embeddable":true,"href":"https:\/\/www.myaquastore.com\/fr\/wp-json\/wp\/v2\/product_brand?post=36386"},{"taxonomy":"product_cat","embeddable":true,"href":"https:\/\/www.myaquastore.com\/fr\/wp-json\/wp\/v2\/product_cat?post=36386"},{"taxonomy":"product_tag","embeddable":true,"href":"https:\/\/www.myaquastore.com\/fr\/wp-json\/wp\/v2\/product_tag?post=36386"}],"curies":[{"name":"wp","href":"https:\/\/api.w.org\/{rel}","templated":true}]}}