{"id":36390,"date":"2016-09-25T23:27:52","date_gmt":"2016-09-25T23:27:52","guid":{"rendered":"https:\/\/www.myaquastore.com\/product\/pompe-a-air-detang-hailea-de-type-dlaphragm-10w-v10\/"},"modified":"2025-03-16T08:43:00","modified_gmt":"2025-03-16T08:43:00","slug":"pompe-a-air-detang-hailea-de-type-dlaphragm-10w-v10","status":"publish","type":"product","link":"https:\/\/www.myaquastore.com\/fr\/product\/pompe-a-air-detang-hailea-de-type-dlaphragm-10w-v10\/","title":{"rendered":"Pompe \u00e0 air d&rsquo;\u00e9tang hailea de type Dlaphragm 10w V10"},"content":{"rendered":"<article class=\"article richtext richtext-detail AE:disable\" id=\"richTextContainer\">\n<div style=\"clear:both\">\n<p><span style=\"font-family: 'times new roman', times;font-size: 24px\"> 10w Dlaphragm Type pompe \u00e0 air d&rsquo;\u00e9tang hailea V10 <\/span><\/p>\n<p><span style=\"font-family: 'times new roman', times;font-size: 24px\">1 Caoutchouc artificiel sp\u00e9cial pour maintenir un d\u00e9bit d&rsquo;air et une pression stables.<\/span><\/p>\n<p><span style=\"font-family: 'times new roman', times;font-size: 24px\">2 Syst\u00e8me de compression d&rsquo;air avanc\u00e9, syst\u00e8me d&rsquo;amortissement et silencieux \u00e0 plusieurs niveaux extr\u00eamement silencieux.<\/span><\/p>\n<p><span style=\"font-family: 'times new roman', times;font-size: 24px\">3 La structure est raisonnable et compacte, elle a une longue dur\u00e9e de vie et obtient le meilleur effet avec la plus faible consommation d&rsquo;\u00e9nergie.<\/span><\/p>\n<p><span style=\"font-family: 'times new roman', times;font-size: 24px\">4 Bo\u00eetier en alliage d&rsquo;aluminium, dissipation rapide de la chaleur et facile \u00e0 d\u00e9placer.<\/span><\/p>\n<div style=\"clear:both\"><\/article>\n","protected":false},"excerpt":{"rendered":"<p>Pompe \u00e0 air d&rsquo;\u00e9tang hailea de type Dlaphragm 10w V10<\/p>\n","protected":false},"featured_media":2870,"comment_status":"open","ping_status":"closed","template":"","meta":[],"product_brand":[],"product_cat":[1338],"product_tag":[],"class_list":{"0":"post-36390","1":"product","2":"type-product","3":"status-publish","4":"has-post-thumbnail","6":"product_cat-filtres-pour-aquariums","8":"first","9":"instock","10":"shipping-taxable","11":"purchasable","12":"product-type-simple"},"_links":{"self":[{"href":"https:\/\/www.myaquastore.com\/fr\/wp-json\/wp\/v2\/product\/36390","targetHints":{"allow":["GET"]}}],"collection":[{"href":"https:\/\/www.myaquastore.com\/fr\/wp-json\/wp\/v2\/product"}],"about":[{"href":"https:\/\/www.myaquastore.com\/fr\/wp-json\/wp\/v2\/types\/product"}],"replies":[{"embeddable":true,"href":"https:\/\/www.myaquastore.com\/fr\/wp-json\/wp\/v2\/comments?post=36390"}],"wp:featuredmedia":[{"embeddable":true,"href":"https:\/\/www.myaquastore.com\/fr\/wp-json\/wp\/v2\/media\/2870"}],"wp:attachment":[{"href":"https:\/\/www.myaquastore.com\/fr\/wp-json\/wp\/v2\/media?parent=36390"}],"wp:term":[{"taxonomy":"product_brand","embeddable":true,"href":"https:\/\/www.myaquastore.com\/fr\/wp-json\/wp\/v2\/product_brand?post=36390"},{"taxonomy":"product_cat","embeddable":true,"href":"https:\/\/www.myaquastore.com\/fr\/wp-json\/wp\/v2\/product_cat?post=36390"},{"taxonomy":"product_tag","embeddable":true,"href":"https:\/\/www.myaquastore.com\/fr\/wp-json\/wp\/v2\/product_tag?post=36390"}],"curies":[{"name":"wp","href":"https:\/\/api.w.org\/{rel}","templated":true}]}}