{"id":36395,"date":"2016-09-25T23:27:52","date_gmt":"2016-09-25T23:27:52","guid":{"rendered":"https:\/\/www.myaquastore.com\/product\/chauffe-aquarium-electrique-a-quartz-aquariland-500w\/"},"modified":"2025-03-16T08:43:01","modified_gmt":"2025-03-16T08:43:01","slug":"chauffe-aquarium-electrique-a-quartz-aquariland-500w","status":"publish","type":"product","link":"https:\/\/www.myaquastore.com\/fr\/product\/chauffe-aquarium-electrique-a-quartz-aquariland-500w\/","title":{"rendered":"Chauffe-aquarium \u00e9lectrique \u00e0 quartz Aquariland 500W"},"content":{"rendered":"<article class=\"article richtext richtext-detail AE:disable\" id=\"richTextContainer\">\n<div style=\"clear:both\">\n<p><span style=\"font-family: 'times new roman', times;font-size: 24px\"> Aquariland 500W chauffe-aquarium \u00e9lectrique \u00e0 quartz <\/span><\/p>\n<p><span style=\"font-family: 'times new roman', times;font-size: 24px\">1 r\u00e9glage facile et pr\u00e9cis de la temp\u00e9rature souhait\u00e9e<\/span><br \/><span style=\"font-family: 'times new roman', times;font-size: 24px\">2 indicateurs de temp\u00e9rature visibles, lecture num\u00e9rique LED<\/span><\/p>\n<p><span style=\"font-family: 'times new roman', times;font-size: 24px\">3 thermostats sensibles et rechargeables maintiennent l&rsquo;uniformit\u00e9 ; temp\u00e9rature<\/span><\/p>\n<p><span style=\"font-family: 'times new roman', times;font-size: 24px\">4 \u00e9l\u00e9ments chauffants tr\u00e8s efficaces et compacts<\/span><\/p>\n<p><span style=\"font-family: 'times new roman', times;font-size: 24px\">5 con\u00e7us pour une utilisation prolong\u00e9e et une s\u00e9curit\u00e9 totale<\/span><\/p>\n<div style=\"clear:both\"><\/article>\n","protected":false},"excerpt":{"rendered":"<p>Chauffe-aquarium \u00e9lectrique \u00e0 quartz Aquariland 500W<\/p>\n","protected":false},"featured_media":2880,"comment_status":"open","ping_status":"closed","template":"","meta":[],"product_brand":[],"product_cat":[1338],"product_tag":[],"class_list":{"0":"post-36395","1":"product","2":"type-product","3":"status-publish","4":"has-post-thumbnail","6":"product_cat-filtres-pour-aquariums","8":"first","9":"instock","10":"shipping-taxable","11":"purchasable","12":"product-type-simple"},"_links":{"self":[{"href":"https:\/\/www.myaquastore.com\/fr\/wp-json\/wp\/v2\/product\/36395","targetHints":{"allow":["GET"]}}],"collection":[{"href":"https:\/\/www.myaquastore.com\/fr\/wp-json\/wp\/v2\/product"}],"about":[{"href":"https:\/\/www.myaquastore.com\/fr\/wp-json\/wp\/v2\/types\/product"}],"replies":[{"embeddable":true,"href":"https:\/\/www.myaquastore.com\/fr\/wp-json\/wp\/v2\/comments?post=36395"}],"wp:featuredmedia":[{"embeddable":true,"href":"https:\/\/www.myaquastore.com\/fr\/wp-json\/wp\/v2\/media\/2880"}],"wp:attachment":[{"href":"https:\/\/www.myaquastore.com\/fr\/wp-json\/wp\/v2\/media?parent=36395"}],"wp:term":[{"taxonomy":"product_brand","embeddable":true,"href":"https:\/\/www.myaquastore.com\/fr\/wp-json\/wp\/v2\/product_brand?post=36395"},{"taxonomy":"product_cat","embeddable":true,"href":"https:\/\/www.myaquastore.com\/fr\/wp-json\/wp\/v2\/product_cat?post=36395"},{"taxonomy":"product_tag","embeddable":true,"href":"https:\/\/www.myaquastore.com\/fr\/wp-json\/wp\/v2\/product_tag?post=36395"}],"curies":[{"name":"wp","href":"https:\/\/api.w.org\/{rel}","templated":true}]}}