{"id":36418,"date":"2016-09-25T23:27:52","date_gmt":"2016-09-25T23:27:52","guid":{"rendered":"https:\/\/www.myaquastore.com\/product\/45-g-de-nourriture-pour-poissons-sera-guppy\/"},"modified":"2025-03-16T08:43:05","modified_gmt":"2025-03-16T08:43:05","slug":"45-g-de-nourriture-pour-poissons-sera-guppy","status":"publish","type":"product","link":"https:\/\/www.myaquastore.com\/fr\/product\/45-g-de-nourriture-pour-poissons-sera-guppy\/","title":{"rendered":"45 g de nourriture pour poissons sera guppy"},"content":{"rendered":"<article class=\"article richtext richtext-detail AE:disable\" id=\"richTextContainer\">\n<div style=\"clear:both\">\n<p><span style=\"font-family: 'times new roman', times;font-size: 24px\"> 45 g de nourriture pour poisson sera guppy bit<\/span><br \/><span style=\"font-family: 'times new roman', times\">1. excellente qualit\u00e9<\/span><br \/><span style=\"font-family: 'times new roman', times;font-size: 24px\">2. prix raisonnable<\/span><br \/><span style=\"font-family: 'times new roman', times;font-size: 24px\">3.le volume est de 45G\/100ML<\/span><\/p>\n<p><span style=\"font-family: 'times new roman', times;font-size: 24px\">4.sp\u00e9cialement d\u00e9velopp\u00e9 pour les guppys et autres vivipares avec de petits mois. Ces microgranules sp\u00e9ciaux offrent un digestibilit\u00e9 extraordinairement \u00e9lev\u00e9e pour ce groupe de poissons hautement reproducteurs et ses \u00e9normes besoins \u00e9nerg\u00e9tiques<\/span><\/p>\n<p><span style=\"font-family: 'times new roman', times;font-size: 24px\">5. l&#8217;emballage est de 36 barils\/carton <\/span><\/p>\n<div style=\"clear:both\"><\/article>\n","protected":false},"excerpt":{"rendered":"<p>45 g de nourriture pour poissons sera guppy<\/p>\n","protected":false},"featured_media":2926,"comment_status":"open","ping_status":"closed","template":"","meta":[],"product_brand":[],"product_cat":[1338],"product_tag":[],"class_list":{"0":"post-36418","1":"product","2":"type-product","3":"status-publish","4":"has-post-thumbnail","6":"product_cat-filtres-pour-aquariums","8":"first","9":"instock","10":"shipping-taxable","11":"purchasable","12":"product-type-simple"},"_links":{"self":[{"href":"https:\/\/www.myaquastore.com\/fr\/wp-json\/wp\/v2\/product\/36418","targetHints":{"allow":["GET"]}}],"collection":[{"href":"https:\/\/www.myaquastore.com\/fr\/wp-json\/wp\/v2\/product"}],"about":[{"href":"https:\/\/www.myaquastore.com\/fr\/wp-json\/wp\/v2\/types\/product"}],"replies":[{"embeddable":true,"href":"https:\/\/www.myaquastore.com\/fr\/wp-json\/wp\/v2\/comments?post=36418"}],"wp:featuredmedia":[{"embeddable":true,"href":"https:\/\/www.myaquastore.com\/fr\/wp-json\/wp\/v2\/media\/2926"}],"wp:attachment":[{"href":"https:\/\/www.myaquastore.com\/fr\/wp-json\/wp\/v2\/media?parent=36418"}],"wp:term":[{"taxonomy":"product_brand","embeddable":true,"href":"https:\/\/www.myaquastore.com\/fr\/wp-json\/wp\/v2\/product_brand?post=36418"},{"taxonomy":"product_cat","embeddable":true,"href":"https:\/\/www.myaquastore.com\/fr\/wp-json\/wp\/v2\/product_cat?post=36418"},{"taxonomy":"product_tag","embeddable":true,"href":"https:\/\/www.myaquastore.com\/fr\/wp-json\/wp\/v2\/product_tag?post=36418"}],"curies":[{"name":"wp","href":"https:\/\/api.w.org\/{rel}","templated":true}]}}