{"id":36429,"date":"2016-09-25T23:27:52","date_gmt":"2016-09-25T23:27:52","guid":{"rendered":"https:\/\/www.myaquastore.com\/product\/100g-250ml-sera-color-spiruline-nourriture-pour-poissons-pour-poissons-rouges\/"},"modified":"2025-03-16T08:43:07","modified_gmt":"2025-03-16T08:43:07","slug":"100g-250ml-sera-color-spiruline-nourriture-pour-poissons-pour-poissons-rouges","status":"publish","type":"product","link":"https:\/\/www.myaquastore.com\/fr\/product\/100g-250ml-sera-color-spiruline-nourriture-pour-poissons-pour-poissons-rouges\/","title":{"rendered":"100g 250ml sera color spiruline nourriture pour poissons pour poissons rouges"},"content":{"rendered":"<article class=\"article richtext richtext-detail AE:disable\" id=\"richTextContainer\">\n<div style=\"clear:both\">\n<p><span style=\"font-family: 'times new roman', times;font-size: 24px\"> 100g 250ml sera color spiruline nourriture pour poissons pour poissons rouges <\/span><\/p>\n<p><span style=\"font-family: 'times new roman', fois\u00a0\">1. excellente qualit\u00e9<\/span><br \/><span style=\"font-family: 'times new roman', times;font-size: 24px\">2. prix raisonnable<\/span><br \/><span style=\"font-family: 'times new roman', times;font-size: 24px\">3.le volume est de 100g\/250ml<\/span><\/p>\n<p><span style=\"font-family: 'times new roman', times;font-size: 24px\">4.contient des aliments nutritifs et faciles \u00e0 dig\u00e9rer pour toutes les eaux froides pr\u00e9c\u00e9dentes et raffin\u00e9es poisson.<\/span><\/p>\n<p><span style=\"font-family: 'times new roman', times;font-size: 24px\">5. L&#8217;emballage est de 24 pi\u00e8ces\/bo\u00eete<\/span><\/p>\n<\/p>\n<div style=\"clear:both\"><\/article>\n","protected":false},"excerpt":{"rendered":"<p>100g 250ml sera color spiruline nourriture pour poissons pour poissons rouges<\/p>\n","protected":false},"featured_media":2948,"comment_status":"open","ping_status":"closed","template":"","meta":[],"product_brand":[],"product_cat":[1338],"product_tag":[],"class_list":{"0":"post-36429","1":"product","2":"type-product","3":"status-publish","4":"has-post-thumbnail","6":"product_cat-filtres-pour-aquariums","8":"first","9":"instock","10":"shipping-taxable","11":"purchasable","12":"product-type-simple"},"_links":{"self":[{"href":"https:\/\/www.myaquastore.com\/fr\/wp-json\/wp\/v2\/product\/36429","targetHints":{"allow":["GET"]}}],"collection":[{"href":"https:\/\/www.myaquastore.com\/fr\/wp-json\/wp\/v2\/product"}],"about":[{"href":"https:\/\/www.myaquastore.com\/fr\/wp-json\/wp\/v2\/types\/product"}],"replies":[{"embeddable":true,"href":"https:\/\/www.myaquastore.com\/fr\/wp-json\/wp\/v2\/comments?post=36429"}],"wp:featuredmedia":[{"embeddable":true,"href":"https:\/\/www.myaquastore.com\/fr\/wp-json\/wp\/v2\/media\/2948"}],"wp:attachment":[{"href":"https:\/\/www.myaquastore.com\/fr\/wp-json\/wp\/v2\/media?parent=36429"}],"wp:term":[{"taxonomy":"product_brand","embeddable":true,"href":"https:\/\/www.myaquastore.com\/fr\/wp-json\/wp\/v2\/product_brand?post=36429"},{"taxonomy":"product_cat","embeddable":true,"href":"https:\/\/www.myaquastore.com\/fr\/wp-json\/wp\/v2\/product_cat?post=36429"},{"taxonomy":"product_tag","embeddable":true,"href":"https:\/\/www.myaquastore.com\/fr\/wp-json\/wp\/v2\/product_tag?post=36429"}],"curies":[{"name":"wp","href":"https:\/\/api.w.org\/{rel}","templated":true}]}}