{"id":36440,"date":"2016-09-25T23:27:54","date_gmt":"2016-09-25T23:27:54","guid":{"rendered":"https:\/\/www.myaquastore.com\/product\/430-g-de-nourriture-pour-poissons-sera-basic\/"},"modified":"2025-03-16T08:43:09","modified_gmt":"2025-03-16T08:43:09","slug":"430-g-de-nourriture-pour-poissons-sera-basic","status":"publish","type":"product","link":"https:\/\/www.myaquastore.com\/fr\/product\/430-g-de-nourriture-pour-poissons-sera-basic\/","title":{"rendered":"430 g de nourriture pour poissons sera basic"},"content":{"rendered":"<article class=\"article richtext richtext-detail AE:disable\" id=\"richTextContainer\">\n<div style=\"clear:both\">\n<p><span style=\"font-family: 'times new roman', times;font-size: 24px\"> 430 g de nourriture de base pour poisson sera <\/span><\/p>\n<p><span style=\"font-family: 'times new roman', times\">1 excellente qualit\u00e9<\/span><br \/><span style=\"font-family: 'times new roman', times;font-size: 24px\">2 prix raisonnable<\/span><br \/>&lt;span style=&quot;font-family: &#039;times new roman&#039;, times; le volume est de 430G\/1000ML<\/span><\/p>\n<p><span style=\"font-family: 'times new roman', times;font-size: 24px\">4. r\u00e9gime de base pour tous les poissons d&rsquo;ornement de la couche d&rsquo;eau interm\u00e9diaire. am\u00e9liore la croissance et la couleur, renforce le syst\u00e8me immunitaire et la fertilit\u00e9.<\/span><\/p>\n<div style=\"clear:both\"><\/article>\n","protected":false},"excerpt":{"rendered":"<p>430 g de nourriture pour poissons sera basic<\/p>\n","protected":false},"featured_media":2970,"comment_status":"open","ping_status":"closed","template":"","meta":[],"product_brand":[],"product_cat":[1338],"product_tag":[],"class_list":{"0":"post-36440","1":"product","2":"type-product","3":"status-publish","4":"has-post-thumbnail","6":"product_cat-filtres-pour-aquariums","8":"first","9":"instock","10":"shipping-taxable","11":"purchasable","12":"product-type-simple"},"_links":{"self":[{"href":"https:\/\/www.myaquastore.com\/fr\/wp-json\/wp\/v2\/product\/36440","targetHints":{"allow":["GET"]}}],"collection":[{"href":"https:\/\/www.myaquastore.com\/fr\/wp-json\/wp\/v2\/product"}],"about":[{"href":"https:\/\/www.myaquastore.com\/fr\/wp-json\/wp\/v2\/types\/product"}],"replies":[{"embeddable":true,"href":"https:\/\/www.myaquastore.com\/fr\/wp-json\/wp\/v2\/comments?post=36440"}],"wp:featuredmedia":[{"embeddable":true,"href":"https:\/\/www.myaquastore.com\/fr\/wp-json\/wp\/v2\/media\/2970"}],"wp:attachment":[{"href":"https:\/\/www.myaquastore.com\/fr\/wp-json\/wp\/v2\/media?parent=36440"}],"wp:term":[{"taxonomy":"product_brand","embeddable":true,"href":"https:\/\/www.myaquastore.com\/fr\/wp-json\/wp\/v2\/product_brand?post=36440"},{"taxonomy":"product_cat","embeddable":true,"href":"https:\/\/www.myaquastore.com\/fr\/wp-json\/wp\/v2\/product_cat?post=36440"},{"taxonomy":"product_tag","embeddable":true,"href":"https:\/\/www.myaquastore.com\/fr\/wp-json\/wp\/v2\/product_tag?post=36440"}],"curies":[{"name":"wp","href":"https:\/\/api.w.org\/{rel}","templated":true}]}}