{"id":36449,"date":"2016-09-25T23:27:54","date_gmt":"2016-09-25T23:27:54","guid":{"rendered":"https:\/\/www.myaquastore.com\/product\/1-kg-de-nourriture-pour-poissons-tropicaux-sera-mini-bit\/"},"modified":"2025-03-16T08:43:11","modified_gmt":"2025-03-16T08:43:11","slug":"1-kg-de-nourriture-pour-poissons-tropicaux-sera-mini-bit","status":"publish","type":"product","link":"https:\/\/www.myaquastore.com\/fr\/product\/1-kg-de-nourriture-pour-poissons-tropicaux-sera-mini-bit\/","title":{"rendered":"1 kg de nourriture pour poissons tropicaux sera mini bit"},"content":{"rendered":"<article class=\"article richtext richtext-detail AE:disable\" id=\"richTextContainer\">\n<div style=\"clear:both\">\n<p><span style=\"font-family: 'times new roman', times;font-size: 24px\"> 1kg sera mini bit de nourriture pour poissons tropicaux<\/span><br \/><span style=\"font-family: 'times new roman', times;font-size: 24px\">1. excellente qualit\u00e9<\/span><br \/><span style=\"font-family: 'times new roman', times;font-size: 24px\">2. prix raisonnable<\/span><br \/><span style=\"font-family: 'times new roman', times;font-size: 24px\">3. Le poids est de 1 kg<\/span><\/p>\n<p><span style=\"font-family: 'times new roman', times;font-size: 24px\">4. R\u00e9gime alimentaire de base \u00e9quilibr\u00e9 pour les petites couches d&rsquo;eau moyennes (inf\u00e9rieures \u00e0 40 mm) ornementales poisson<\/span><\/p>\n<p><span style=\"font-family: 'times new roman', times;font-size: 24px\">5.la nourriture contient tous les ingr\u00e9dients pour une croissance rapide, des couleurs splendides et une sant\u00e9 gr\u00e2ce \u00e0 l&rsquo;am\u00e9lioration des performances du syst\u00e8me immunitaire<\/span><\/p>\n<div style=\"clear:both\"><\/article>\n","protected":false},"excerpt":{"rendered":"<p>1 kg de nourriture pour poissons tropicaux sera mini bit<\/p>\n","protected":false},"featured_media":2988,"comment_status":"open","ping_status":"closed","template":"","meta":[],"product_brand":[],"product_cat":[1338],"product_tag":[],"class_list":{"0":"post-36449","1":"product","2":"type-product","3":"status-publish","4":"has-post-thumbnail","6":"product_cat-filtres-pour-aquariums","8":"first","9":"instock","10":"shipping-taxable","11":"purchasable","12":"product-type-simple"},"_links":{"self":[{"href":"https:\/\/www.myaquastore.com\/fr\/wp-json\/wp\/v2\/product\/36449","targetHints":{"allow":["GET"]}}],"collection":[{"href":"https:\/\/www.myaquastore.com\/fr\/wp-json\/wp\/v2\/product"}],"about":[{"href":"https:\/\/www.myaquastore.com\/fr\/wp-json\/wp\/v2\/types\/product"}],"replies":[{"embeddable":true,"href":"https:\/\/www.myaquastore.com\/fr\/wp-json\/wp\/v2\/comments?post=36449"}],"wp:featuredmedia":[{"embeddable":true,"href":"https:\/\/www.myaquastore.com\/fr\/wp-json\/wp\/v2\/media\/2988"}],"wp:attachment":[{"href":"https:\/\/www.myaquastore.com\/fr\/wp-json\/wp\/v2\/media?parent=36449"}],"wp:term":[{"taxonomy":"product_brand","embeddable":true,"href":"https:\/\/www.myaquastore.com\/fr\/wp-json\/wp\/v2\/product_brand?post=36449"},{"taxonomy":"product_cat","embeddable":true,"href":"https:\/\/www.myaquastore.com\/fr\/wp-json\/wp\/v2\/product_cat?post=36449"},{"taxonomy":"product_tag","embeddable":true,"href":"https:\/\/www.myaquastore.com\/fr\/wp-json\/wp\/v2\/product_tag?post=36449"}],"curies":[{"name":"wp","href":"https:\/\/api.w.org\/{rel}","templated":true}]}}