{"id":36460,"date":"2016-09-25T23:27:54","date_gmt":"2016-09-25T23:27:54","guid":{"rendered":"https:\/\/www.myaquastore.com\/product\/260-g-de-nourriture-pour-poissons-sera-koi-de-taille-moyenne\/"},"modified":"2025-03-16T08:43:13","modified_gmt":"2025-03-16T08:43:13","slug":"260-g-de-nourriture-pour-poissons-sera-koi-de-taille-moyenne","status":"publish","type":"product","link":"https:\/\/www.myaquastore.com\/fr\/product\/260-g-de-nourriture-pour-poissons-sera-koi-de-taille-moyenne\/","title":{"rendered":"260 g de nourriture pour poissons sera koi de taille moyenne"},"content":{"rendered":"<article class=\"article richtext richtext-detail AE:disable\" id=\"richTextContainer\">\n<div style=\"clear:both\">\n<p><span style=\"font-family: 'times new roman', times;font-size: 24px\"> 260g de nourriture pour poissons sera koi de taille moyenne <\/span><\/p>\n<p><span style=\"font-family: 'times new roman', times\">1. excellente qualit\u00e9<\/span><br \/><span style=\"font-family: 'times new roman', times;font-size: 24px\">2. prix raisonnable<\/span><br \/><span style=\"font-family: 'times new roman', times;font-size: 24px\">3.le volume est de 1000 ml<\/span><\/p>\n<p><span style=\"font-family: 'times new roman', times;font-size: 24px\">4.nourriture flottante en granul\u00e9s moyenne pour carpes ko\u00ef vitales moyennes et autres \u00e9tangs de taille moyenne poisson<\/span><\/p>\n<p><span style=\"font-family: 'times new roman', times;font-size: 24px\">5. des ingr\u00e9dients pr\u00e9cieux en bonne quantit\u00e9 permettent \u00e0 ces poissons de cro\u00eetre rapidement et de d\u00e9velopper une bonne sant\u00e9 et une bonne fertilit\u00e9 <\/span><\/p>\n<div style=\"clear:both\"><\/article>\n","protected":false},"excerpt":{"rendered":"<p>260 g de nourriture pour poissons sera koi de taille moyenne<\/p>\n","protected":false},"featured_media":3010,"comment_status":"open","ping_status":"closed","template":"","meta":[],"product_brand":[],"product_cat":[1338],"product_tag":[],"class_list":{"0":"post-36460","1":"product","2":"type-product","3":"status-publish","4":"has-post-thumbnail","6":"product_cat-filtres-pour-aquariums","8":"first","9":"instock","10":"shipping-taxable","11":"purchasable","12":"product-type-simple"},"_links":{"self":[{"href":"https:\/\/www.myaquastore.com\/fr\/wp-json\/wp\/v2\/product\/36460","targetHints":{"allow":["GET"]}}],"collection":[{"href":"https:\/\/www.myaquastore.com\/fr\/wp-json\/wp\/v2\/product"}],"about":[{"href":"https:\/\/www.myaquastore.com\/fr\/wp-json\/wp\/v2\/types\/product"}],"replies":[{"embeddable":true,"href":"https:\/\/www.myaquastore.com\/fr\/wp-json\/wp\/v2\/comments?post=36460"}],"wp:featuredmedia":[{"embeddable":true,"href":"https:\/\/www.myaquastore.com\/fr\/wp-json\/wp\/v2\/media\/3010"}],"wp:attachment":[{"href":"https:\/\/www.myaquastore.com\/fr\/wp-json\/wp\/v2\/media?parent=36460"}],"wp:term":[{"taxonomy":"product_brand","embeddable":true,"href":"https:\/\/www.myaquastore.com\/fr\/wp-json\/wp\/v2\/product_brand?post=36460"},{"taxonomy":"product_cat","embeddable":true,"href":"https:\/\/www.myaquastore.com\/fr\/wp-json\/wp\/v2\/product_cat?post=36460"},{"taxonomy":"product_tag","embeddable":true,"href":"https:\/\/www.myaquastore.com\/fr\/wp-json\/wp\/v2\/product_tag?post=36460"}],"curies":[{"name":"wp","href":"https:\/\/api.w.org\/{rel}","templated":true}]}}