{"id":36478,"date":"2016-09-25T23:27:54","date_gmt":"2016-09-25T23:27:54","guid":{"rendered":"https:\/\/www.myaquastore.com\/product\/pompe-a-filtre-submersible-amazon-ymx1200f\/"},"modified":"2025-03-16T08:43:17","modified_gmt":"2025-03-16T08:43:17","slug":"pompe-a-filtre-submersible-amazon-ymx1200f","status":"publish","type":"product","link":"https:\/\/www.myaquastore.com\/fr\/product\/pompe-a-filtre-submersible-amazon-ymx1200f\/","title":{"rendered":"Pompe \u00e0 filtre submersible Amazon YMX1200F"},"content":{"rendered":"<article class=\"article richtext richtext-detail AE:disable\" id=\"richTextContainer\">\n<h2 class=\"article-title\">Sp\u00e9cifications<\/h2>\n<div style=\"clear:both\"> Pompe \u00e0 filtre submersible Amazon YMX1200F <br \/>1 Silencieuse, s\u00fbre, \u00e9conome en \u00e9nergie et puissante <br \/>2 adapt\u00e9e \u00e0 l&rsquo;eau douce et marine <\/p>\n<div style=\"clear:both\">\n<p>Pompe \u00e0 filtre submersible Amazon YMX1200F<br \/>1 Silencieux, s\u00fbr, \u00e9conome en \u00e9nergie et puissant<br \/>2 combinaison pour eau douce et marine4 Param\u00e8tres (220-240 V 50 Hz)<\/p>\n<p>3 emballage\u00a0: 36 pi\u00e8ces\/carton<\/p>\n<\/p>\n<div style=\"clear:both\"><\/article>\n","protected":false},"excerpt":{"rendered":"<p>Pompe \u00e0 filtre submersible Amazon YMX1200F<\/p>\n","protected":false},"featured_media":3046,"comment_status":"open","ping_status":"closed","template":"","meta":[],"product_brand":[],"product_cat":[1338],"product_tag":[],"class_list":{"0":"post-36478","1":"product","2":"type-product","3":"status-publish","4":"has-post-thumbnail","6":"product_cat-filtres-pour-aquariums","8":"first","9":"instock","10":"shipping-taxable","11":"purchasable","12":"product-type-simple"},"_links":{"self":[{"href":"https:\/\/www.myaquastore.com\/fr\/wp-json\/wp\/v2\/product\/36478","targetHints":{"allow":["GET"]}}],"collection":[{"href":"https:\/\/www.myaquastore.com\/fr\/wp-json\/wp\/v2\/product"}],"about":[{"href":"https:\/\/www.myaquastore.com\/fr\/wp-json\/wp\/v2\/types\/product"}],"replies":[{"embeddable":true,"href":"https:\/\/www.myaquastore.com\/fr\/wp-json\/wp\/v2\/comments?post=36478"}],"wp:featuredmedia":[{"embeddable":true,"href":"https:\/\/www.myaquastore.com\/fr\/wp-json\/wp\/v2\/media\/3046"}],"wp:attachment":[{"href":"https:\/\/www.myaquastore.com\/fr\/wp-json\/wp\/v2\/media?parent=36478"}],"wp:term":[{"taxonomy":"product_brand","embeddable":true,"href":"https:\/\/www.myaquastore.com\/fr\/wp-json\/wp\/v2\/product_brand?post=36478"},{"taxonomy":"product_cat","embeddable":true,"href":"https:\/\/www.myaquastore.com\/fr\/wp-json\/wp\/v2\/product_cat?post=36478"},{"taxonomy":"product_tag","embeddable":true,"href":"https:\/\/www.myaquastore.com\/fr\/wp-json\/wp\/v2\/product_tag?post=36478"}],"curies":[{"name":"wp","href":"https:\/\/api.w.org\/{rel}","templated":true}]}}