{"id":36494,"date":"2016-09-25T23:27:55","date_gmt":"2016-09-25T23:27:55","guid":{"rendered":"https:\/\/www.myaquastore.com\/product\/nettoyant-magnetique-pour-vitres-daquarium-flottant-rs-12\/"},"modified":"2025-03-16T08:43:21","modified_gmt":"2025-03-16T08:43:21","slug":"nettoyant-magnetique-pour-vitres-daquarium-flottant-rs-12","status":"publish","type":"product","link":"https:\/\/www.myaquastore.com\/fr\/product\/nettoyant-magnetique-pour-vitres-daquarium-flottant-rs-12\/","title":{"rendered":"Nettoyant magn\u00e9tique pour vitres d&rsquo;aquarium flottant RS-12"},"content":{"rendered":"<article class=\"article richtext richtext-detail AE:disable\" id=\"richTextContainer\">\n<div style=\"clear:both\">\n<p><span style=\"font-family: 'times new roman', times;font-size: 24px\"> nettoyeur de vitres d&rsquo;aquarium flottant magn\u00e9tique RS-12 <\/span><\/p>\n<p><span style=\"font-family: 'times new roman', times\">1. Conception rationalis\u00e9e et dur\u00e9e de vie durable.<\/span><\/p>\n<p><span style=\"font-family: 'times new roman', times;font-size: 24px\">2. Facile et pratique \u00e0 utiliser, avec une bonne capacit\u00e9 d&rsquo;absorption et une puissante attraction magn\u00e9tique.<\/span><\/p>\n<p><span style=\"font-family: 'times new roman', times;font-size: 24px\">3. Nettoyez le lichen de l&rsquo;aquarium et inoffensif pour le verre<\/span><\/p>\n<p><span style=\"font-family: 'times new roman', times;font-size: 24px\">4. L&rsquo;aimant int\u00e9rieur se tient automatiquement vertical au fond de l&rsquo;aquarium et est facile \u00e0 r\u00e9cup\u00e9rer lorsque l&rsquo;aimant ext\u00e9rieur se d\u00e9tache.<\/span><\/p>\n<div style=\"clear:both\"><\/article>\n","protected":false},"excerpt":{"rendered":"<p>Nettoyant magn\u00e9tique pour vitres d&rsquo;aquarium flottant RS-12<\/p>\n","protected":false},"featured_media":3078,"comment_status":"open","ping_status":"closed","template":"","meta":[],"product_brand":[],"product_cat":[1338],"product_tag":[],"class_list":{"0":"post-36494","1":"product","2":"type-product","3":"status-publish","4":"has-post-thumbnail","6":"product_cat-filtres-pour-aquariums","8":"first","9":"instock","10":"shipping-taxable","11":"purchasable","12":"product-type-simple"},"_links":{"self":[{"href":"https:\/\/www.myaquastore.com\/fr\/wp-json\/wp\/v2\/product\/36494","targetHints":{"allow":["GET"]}}],"collection":[{"href":"https:\/\/www.myaquastore.com\/fr\/wp-json\/wp\/v2\/product"}],"about":[{"href":"https:\/\/www.myaquastore.com\/fr\/wp-json\/wp\/v2\/types\/product"}],"replies":[{"embeddable":true,"href":"https:\/\/www.myaquastore.com\/fr\/wp-json\/wp\/v2\/comments?post=36494"}],"wp:featuredmedia":[{"embeddable":true,"href":"https:\/\/www.myaquastore.com\/fr\/wp-json\/wp\/v2\/media\/3078"}],"wp:attachment":[{"href":"https:\/\/www.myaquastore.com\/fr\/wp-json\/wp\/v2\/media?parent=36494"}],"wp:term":[{"taxonomy":"product_brand","embeddable":true,"href":"https:\/\/www.myaquastore.com\/fr\/wp-json\/wp\/v2\/product_brand?post=36494"},{"taxonomy":"product_cat","embeddable":true,"href":"https:\/\/www.myaquastore.com\/fr\/wp-json\/wp\/v2\/product_cat?post=36494"},{"taxonomy":"product_tag","embeddable":true,"href":"https:\/\/www.myaquastore.com\/fr\/wp-json\/wp\/v2\/product_tag?post=36494"}],"curies":[{"name":"wp","href":"https:\/\/api.w.org\/{rel}","templated":true}]}}