{"id":36498,"date":"2016-09-25T23:27:55","date_gmt":"2016-09-25T23:27:55","guid":{"rendered":"https:\/\/www.myaquastore.com\/product\/chauffage-tube-de-verre-periha-200w-he200\/"},"modified":"2025-03-16T08:43:21","modified_gmt":"2025-03-16T08:43:21","slug":"chauffage-tube-de-verre-periha-200w-he200","status":"publish","type":"product","link":"https:\/\/www.myaquastore.com\/fr\/product\/chauffage-tube-de-verre-periha-200w-he200\/","title":{"rendered":"Chauffage tube de verre PERIHA 200W HE200"},"content":{"rendered":"<article class=\"article richtext richtext-detail AE:disable\" id=\"richTextContainer\">\n<h2 class=\"article-title\">Sp\u00e9cifications<\/h2>\n<div style=\"clear:both\"> Chauffage \u00e0 tube de verre PERIHA HE200 200W <br \/>1 Verre antid\u00e9flagrant <br \/>2 Double isolation <br \/>3 Conception compacte, haute r\u00e9sistance <\/p>\n<div style=\"clear:both\">\n<p>R\u00e9chauffeur \u00e0 tube de verre PERIHA HE200 200\u00a0W<\/p>\n<p>1 Verre antid\u00e9flagrant<br \/>2 Double isolation<br \/>3 Conception compacte, haute r\u00e9sistance<br \/>4 Pr\u00e9cision de temp\u00e9rature s\u00fbre et fiable<br \/>5 Convient \u00e0 l&rsquo;eau douce et sal\u00e9e<\/p>\n<p>6 Protection externe, s\u00e9curit\u00e9 renforc\u00e9e<\/p>\n<div style=\"clear:both\"><\/article>\n","protected":false},"excerpt":{"rendered":"<p>Chauffage tube de verre PERIHA 200W HE200<\/p>\n","protected":false},"featured_media":3086,"comment_status":"open","ping_status":"closed","template":"","meta":[],"product_brand":[],"product_cat":[1338],"product_tag":[],"class_list":{"0":"post-36498","1":"product","2":"type-product","3":"status-publish","4":"has-post-thumbnail","6":"product_cat-filtres-pour-aquariums","8":"first","9":"instock","10":"shipping-taxable","11":"purchasable","12":"product-type-simple"},"_links":{"self":[{"href":"https:\/\/www.myaquastore.com\/fr\/wp-json\/wp\/v2\/product\/36498","targetHints":{"allow":["GET"]}}],"collection":[{"href":"https:\/\/www.myaquastore.com\/fr\/wp-json\/wp\/v2\/product"}],"about":[{"href":"https:\/\/www.myaquastore.com\/fr\/wp-json\/wp\/v2\/types\/product"}],"replies":[{"embeddable":true,"href":"https:\/\/www.myaquastore.com\/fr\/wp-json\/wp\/v2\/comments?post=36498"}],"wp:featuredmedia":[{"embeddable":true,"href":"https:\/\/www.myaquastore.com\/fr\/wp-json\/wp\/v2\/media\/3086"}],"wp:attachment":[{"href":"https:\/\/www.myaquastore.com\/fr\/wp-json\/wp\/v2\/media?parent=36498"}],"wp:term":[{"taxonomy":"product_brand","embeddable":true,"href":"https:\/\/www.myaquastore.com\/fr\/wp-json\/wp\/v2\/product_brand?post=36498"},{"taxonomy":"product_cat","embeddable":true,"href":"https:\/\/www.myaquastore.com\/fr\/wp-json\/wp\/v2\/product_cat?post=36498"},{"taxonomy":"product_tag","embeddable":true,"href":"https:\/\/www.myaquastore.com\/fr\/wp-json\/wp\/v2\/product_tag?post=36498"}],"curies":[{"name":"wp","href":"https:\/\/api.w.org\/{rel}","templated":true}]}}