{"id":36536,"date":"2016-09-25T23:27:57","date_gmt":"2016-09-25T23:27:57","guid":{"rendered":"https:\/\/www.myaquastore.com\/product\/chauffage-daquarium-anti-fissure-50w-h386\/"},"modified":"2025-03-16T08:43:29","modified_gmt":"2025-03-16T08:43:29","slug":"chauffage-daquarium-anti-fissure-50w-h386","status":"publish","type":"product","link":"https:\/\/www.myaquastore.com\/fr\/product\/chauffage-daquarium-anti-fissure-50w-h386\/","title":{"rendered":"Chauffage d&rsquo;aquarium anti-fissure 50W H386"},"content":{"rendered":"<article class=\"article richtext richtext-detail AE:disable\" id=\"richTextContainer\">\n<h2 class=\"article-title\">Sp\u00e9cifications<\/h2>\n<div style=\"clear:both\"> Chauffage d&rsquo;aquarium anti-fissure 50W H386 <br \/>1 r\u00e9glage facile et pr\u00e9cis de la temp\u00e9rature souhait\u00e9e <br \/>2 indicateurs de temp\u00e9rature de style visibles <\/p>\n<div style=\"clear:both\">\n<p>50W Anti-fissure chauffage d&rsquo;aquarium H386<br \/>1 r\u00e9glage facile et pr\u00e9cis de la temp\u00e9rature souhait\u00e9e<br \/>2 indicateurs de temp\u00e9rature visibles <\/p>\n<p>3 thermostat sensible et rechargeable qui maintient une temp\u00e9rature uniforme<\/p>\n<p>4 l&rsquo;\u00e9l\u00e9ment chauffant est tr\u00e8s efficace et compact<\/p>\n<p>5 con\u00e7u pour une utilisation prolong\u00e9e et une s\u00e9curit\u00e9 totale<\/p>\n<p>6 explications d&rsquo;utilisation<\/p>\n<div style=\"clear:both\"><\/article>\n","protected":false},"excerpt":{"rendered":"<p>Chauffage d&rsquo;aquarium anti-fissure 50W H386<\/p>\n","protected":false},"featured_media":3162,"comment_status":"open","ping_status":"closed","template":"","meta":[],"product_brand":[],"product_cat":[1338],"product_tag":[],"class_list":{"0":"post-36536","1":"product","2":"type-product","3":"status-publish","4":"has-post-thumbnail","6":"product_cat-filtres-pour-aquariums","8":"first","9":"instock","10":"shipping-taxable","11":"purchasable","12":"product-type-simple"},"_links":{"self":[{"href":"https:\/\/www.myaquastore.com\/fr\/wp-json\/wp\/v2\/product\/36536","targetHints":{"allow":["GET"]}}],"collection":[{"href":"https:\/\/www.myaquastore.com\/fr\/wp-json\/wp\/v2\/product"}],"about":[{"href":"https:\/\/www.myaquastore.com\/fr\/wp-json\/wp\/v2\/types\/product"}],"replies":[{"embeddable":true,"href":"https:\/\/www.myaquastore.com\/fr\/wp-json\/wp\/v2\/comments?post=36536"}],"wp:featuredmedia":[{"embeddable":true,"href":"https:\/\/www.myaquastore.com\/fr\/wp-json\/wp\/v2\/media\/3162"}],"wp:attachment":[{"href":"https:\/\/www.myaquastore.com\/fr\/wp-json\/wp\/v2\/media?parent=36536"}],"wp:term":[{"taxonomy":"product_brand","embeddable":true,"href":"https:\/\/www.myaquastore.com\/fr\/wp-json\/wp\/v2\/product_brand?post=36536"},{"taxonomy":"product_cat","embeddable":true,"href":"https:\/\/www.myaquastore.com\/fr\/wp-json\/wp\/v2\/product_cat?post=36536"},{"taxonomy":"product_tag","embeddable":true,"href":"https:\/\/www.myaquastore.com\/fr\/wp-json\/wp\/v2\/product_tag?post=36536"}],"curies":[{"name":"wp","href":"https:\/\/api.w.org\/{rel}","templated":true}]}}