{"id":36551,"date":"2016-09-25T23:27:57","date_gmt":"2016-09-25T23:27:57","guid":{"rendered":"https:\/\/www.myaquastore.com\/product\/amazon-eleve-lesprit-de-la-tortue\/"},"modified":"2025-03-16T08:43:33","modified_gmt":"2025-03-16T08:43:33","slug":"amazon-eleve-lesprit-de-la-tortue","status":"publish","type":"product","link":"https:\/\/www.myaquastore.com\/fr\/product\/amazon-eleve-lesprit-de-la-tortue\/","title":{"rendered":"Amazon \u00e9l\u00e8ve l&rsquo;esprit de la tortue"},"content":{"rendered":"<article class=\"article richtext richtext-detail AE:disable\" id=\"richTextContainer\">\n<h2 class=\"article-title\">Sp\u00e9cifications<\/h2>\n<div style=\"clear:both\"> Amazon Raise Tortoise Spirit <br \/>1. sp\u00e9cialement pour la tortue br\u00e9silienne <br \/>2. traitement tr\u00e8s \u00e9vident et le r\u00f4le de protection de la sant\u00e9 <\/p>\n<div style=\"clear:both\">\n<div><span style=\"font-size: small\">Amazon Raise Tortoise Spirit<br \/>1 Raise tortise spirit est une sorte de liquide m\u00e9dical d\u00e9velopp\u00e9 sp\u00e9cialement pour la tortue br\u00e9silienne. r\u00f4le de protection de la sant\u00e9. <\/span><\/div>\n<p><span><span><span style=\"font-size: small\">2 si la tortue a un \u00e9tat de maille de cuir, peut utiliser des m\u00e9dicaments avec une \u00e9tiquette en coton, laver directement pour appliquer les probl\u00e8mes, placer. est tous les jours trois, usr 2-3 jours de m\u00e9decine en continu. si vous \u00eates d\u00e9go\u00fbt\u00e9 de manger, les yeux de Meng, etc. peuvent directement couler dans l&rsquo;eau, 15 minutes changent la nouvelle eau. tortue rapide millilitre.<\/span><\/span><\/span><\/p>\n<dl>\n<dt><span><span><span style=\"font-size: small\"> <\/span><\/span><\/span><\/dt>\n<\/dl>\n<div style=\"clear:both\"><\/article>\n","protected":false},"excerpt":{"rendered":"<p>Amazon \u00e9l\u00e8ve l&rsquo;esprit de la tortue<\/p>\n","protected":false},"featured_media":3192,"comment_status":"open","ping_status":"closed","template":"","meta":[],"product_brand":[],"product_cat":[1338],"product_tag":[],"class_list":{"0":"post-36551","1":"product","2":"type-product","3":"status-publish","4":"has-post-thumbnail","6":"product_cat-filtres-pour-aquariums","8":"first","9":"instock","10":"shipping-taxable","11":"purchasable","12":"product-type-simple"},"_links":{"self":[{"href":"https:\/\/www.myaquastore.com\/fr\/wp-json\/wp\/v2\/product\/36551","targetHints":{"allow":["GET"]}}],"collection":[{"href":"https:\/\/www.myaquastore.com\/fr\/wp-json\/wp\/v2\/product"}],"about":[{"href":"https:\/\/www.myaquastore.com\/fr\/wp-json\/wp\/v2\/types\/product"}],"replies":[{"embeddable":true,"href":"https:\/\/www.myaquastore.com\/fr\/wp-json\/wp\/v2\/comments?post=36551"}],"wp:featuredmedia":[{"embeddable":true,"href":"https:\/\/www.myaquastore.com\/fr\/wp-json\/wp\/v2\/media\/3192"}],"wp:attachment":[{"href":"https:\/\/www.myaquastore.com\/fr\/wp-json\/wp\/v2\/media?parent=36551"}],"wp:term":[{"taxonomy":"product_brand","embeddable":true,"href":"https:\/\/www.myaquastore.com\/fr\/wp-json\/wp\/v2\/product_brand?post=36551"},{"taxonomy":"product_cat","embeddable":true,"href":"https:\/\/www.myaquastore.com\/fr\/wp-json\/wp\/v2\/product_cat?post=36551"},{"taxonomy":"product_tag","embeddable":true,"href":"https:\/\/www.myaquastore.com\/fr\/wp-json\/wp\/v2\/product_tag?post=36551"}],"curies":[{"name":"wp","href":"https:\/\/api.w.org\/{rel}","templated":true}]}}