{"id":36552,"date":"2016-09-25T23:27:57","date_gmt":"2016-09-25T23:27:57","guid":{"rendered":"https:\/\/www.myaquastore.com\/product\/aquarium-amazonien-125-ml-arowana-treasure\/"},"modified":"2025-03-16T08:43:33","modified_gmt":"2025-03-16T08:43:33","slug":"aquarium-amazonien-125-ml-arowana-treasure","status":"publish","type":"product","link":"https:\/\/www.myaquastore.com\/fr\/product\/aquarium-amazonien-125-ml-arowana-treasure\/","title":{"rendered":"Aquarium amazonien 125 ml Arowana Treasure"},"content":{"rendered":"<article class=\"article richtext richtext-detail AE:disable\" id=\"richTextContainer\">\n<div style=\"clear:both\">\n<div><span style=\"font-family: 'times new roman', times;font-size: 24px\"> 125 ml d&rsquo;aquarium Amazon Arowana Treasure<br \/>1. il contient de nombreuses sortes de vitamines, de calcium, de magn\u00e9sium et d&rsquo;albumine, etc.<\/span><\/div>\n<div><span style=\"font-size: 24px;font-family: 'times new roman', times\">2. Utilisez-le de mani\u00e8re durable, peut jouer un r\u00f4le positif, il peut non seulement rendre l&rsquo;\u00e9tat du poisson-dragon puissant, belle couleur, augmenter l&rsquo;immunit\u00e9. C&rsquo;est un bon produit pour la croissance, l&rsquo;entretien et la protection des poissons.<\/span><\/p>\n<div><span style=\"font-size: 24px;font-family: 'times new roman', times\">3. MODE D&rsquo;EMPLOI\u00a0: veuillez ajouter 20 \u00e0 30 gouttes par 100 litres. Le jeune poisson doit en utiliser la moiti\u00e9. Si la couleur du corps du poisson sort, vous pouvez en r\u00e9duire environ 10 gouttes, si les poissons ne peuvent pas se conformer, veuillez r\u00e9utiliser<\/span><\/div>\n<div><span style=\"font-size: 24px;font-family: 'times new roman', times\">4. L&#8217;emballage est de 120 pi\u00e8ces\/bo\u00eete<\/span><\/div>\n<\/div>\n<div style=\"clear:both\"><\/article>\n","protected":false},"excerpt":{"rendered":"<p>Aquarium amazonien 125 ml Arowana Treasure<\/p>\n","protected":false},"featured_media":3194,"comment_status":"open","ping_status":"closed","template":"","meta":[],"product_brand":[],"product_cat":[1338],"product_tag":[],"class_list":{"0":"post-36552","1":"product","2":"type-product","3":"status-publish","4":"has-post-thumbnail","6":"product_cat-filtres-pour-aquariums","8":"first","9":"instock","10":"shipping-taxable","11":"purchasable","12":"product-type-simple"},"_links":{"self":[{"href":"https:\/\/www.myaquastore.com\/fr\/wp-json\/wp\/v2\/product\/36552","targetHints":{"allow":["GET"]}}],"collection":[{"href":"https:\/\/www.myaquastore.com\/fr\/wp-json\/wp\/v2\/product"}],"about":[{"href":"https:\/\/www.myaquastore.com\/fr\/wp-json\/wp\/v2\/types\/product"}],"replies":[{"embeddable":true,"href":"https:\/\/www.myaquastore.com\/fr\/wp-json\/wp\/v2\/comments?post=36552"}],"wp:featuredmedia":[{"embeddable":true,"href":"https:\/\/www.myaquastore.com\/fr\/wp-json\/wp\/v2\/media\/3194"}],"wp:attachment":[{"href":"https:\/\/www.myaquastore.com\/fr\/wp-json\/wp\/v2\/media?parent=36552"}],"wp:term":[{"taxonomy":"product_brand","embeddable":true,"href":"https:\/\/www.myaquastore.com\/fr\/wp-json\/wp\/v2\/product_brand?post=36552"},{"taxonomy":"product_cat","embeddable":true,"href":"https:\/\/www.myaquastore.com\/fr\/wp-json\/wp\/v2\/product_cat?post=36552"},{"taxonomy":"product_tag","embeddable":true,"href":"https:\/\/www.myaquastore.com\/fr\/wp-json\/wp\/v2\/product_tag?post=36552"}],"curies":[{"name":"wp","href":"https:\/\/api.w.org\/{rel}","templated":true}]}}