{"id":36557,"date":"2016-09-25T23:27:57","date_gmt":"2016-09-25T23:27:57","guid":{"rendered":"https:\/\/www.myaquastore.com\/product\/125-ml-de-medecine-daquarium-amazon-pour-tuer-les-escargots\/"},"modified":"2025-03-16T08:43:34","modified_gmt":"2025-03-16T08:43:34","slug":"125-ml-de-medecine-daquarium-amazon-pour-tuer-les-escargots","status":"publish","type":"product","link":"https:\/\/www.myaquastore.com\/fr\/product\/125-ml-de-medecine-daquarium-amazon-pour-tuer-les-escargots\/","title":{"rendered":"125 ml de m\u00e9decine d&rsquo;aquarium Amazon pour tuer les escargots"},"content":{"rendered":"<article class=\"article richtext richtext-detail AE:disable\" id=\"richTextContainer\">\n<div style=\"clear:both\">\n<p><span style=\"font-family: 'times new roman', times;font-size: 24px\"> 125 ml de m\u00e9decine d&rsquo;aquarium Amazon pour tuer les escargots<\/span><br \/><span style=\"font-family: 'times new roman', times\">1. L&rsquo;agent anti-escargots peut tuer compl\u00e8tement les escargots dans les aquariums et inhiber efficacement la croissance de ces \u00eatres vivants. Il peut \u00e9galement agir comme un traitement contre les nouvelles mauvaises herbes aquatiques pour \u00e9viter que cet agent soit utilis\u00e9 conform\u00e9ment aux instructions.<\/span><\/p>\n<p><span style=\"font-family: 'times new roman', times font-size: 24px\">2. \u00eatre utilis\u00e9 strictement conform\u00e9ment aux instructions.ajouter 10 ml d&rsquo;agent anti-escargots pour 100 L d&rsquo;eau (la bouteille contient 20 ml de liquide lorsqu&rsquo;elle est pleine).Faites le trement une fois par jour.versez l&rsquo;agent autour de l&rsquo;aquarium \u00e0 l&rsquo;int\u00e9rieur.apr\u00e8s 2 heures, retirez les escargots morts et remplacez 30 % d&rsquo;eau par de l&rsquo;eau neuve. le traitement doit se poursuivre pendant trois jours, pendant lesquels l&rsquo;apport d&rsquo;air doit \u00eatre am\u00e9lior\u00e9 et l&rsquo;alimentation arr\u00eat\u00e9e temporairement. &lsquo;times new roman&rsquo;, times\u00a0; taille de police\u00a0: 24px;\u00a0\u00bb&gt;3. L&#8217;emballage est de 120 bouteilles\/carton <\/span><\/p>\n<div style=\"clear:both\"><\/article>\n","protected":false},"excerpt":{"rendered":"<p>125 ml de m\u00e9decine d&rsquo;aquarium Amazon pour tuer les escargots<\/p>\n","protected":false},"featured_media":3204,"comment_status":"open","ping_status":"closed","template":"","meta":[],"product_brand":[],"product_cat":[1338],"product_tag":[],"class_list":{"0":"post-36557","1":"product","2":"type-product","3":"status-publish","4":"has-post-thumbnail","6":"product_cat-filtres-pour-aquariums","8":"first","9":"instock","10":"shipping-taxable","11":"purchasable","12":"product-type-simple"},"_links":{"self":[{"href":"https:\/\/www.myaquastore.com\/fr\/wp-json\/wp\/v2\/product\/36557","targetHints":{"allow":["GET"]}}],"collection":[{"href":"https:\/\/www.myaquastore.com\/fr\/wp-json\/wp\/v2\/product"}],"about":[{"href":"https:\/\/www.myaquastore.com\/fr\/wp-json\/wp\/v2\/types\/product"}],"replies":[{"embeddable":true,"href":"https:\/\/www.myaquastore.com\/fr\/wp-json\/wp\/v2\/comments?post=36557"}],"wp:featuredmedia":[{"embeddable":true,"href":"https:\/\/www.myaquastore.com\/fr\/wp-json\/wp\/v2\/media\/3204"}],"wp:attachment":[{"href":"https:\/\/www.myaquastore.com\/fr\/wp-json\/wp\/v2\/media?parent=36557"}],"wp:term":[{"taxonomy":"product_brand","embeddable":true,"href":"https:\/\/www.myaquastore.com\/fr\/wp-json\/wp\/v2\/product_brand?post=36557"},{"taxonomy":"product_cat","embeddable":true,"href":"https:\/\/www.myaquastore.com\/fr\/wp-json\/wp\/v2\/product_cat?post=36557"},{"taxonomy":"product_tag","embeddable":true,"href":"https:\/\/www.myaquastore.com\/fr\/wp-json\/wp\/v2\/product_tag?post=36557"}],"curies":[{"name":"wp","href":"https:\/\/api.w.org\/{rel}","templated":true}]}}