{"id":36558,"date":"2016-09-25T23:27:57","date_gmt":"2016-09-25T23:27:57","guid":{"rendered":"https:\/\/www.myaquastore.com\/product\/meilleure-vente-excellent-extrait-deau-noire-i-723\/"},"modified":"2025-03-16T08:43:34","modified_gmt":"2025-03-16T08:43:34","slug":"meilleure-vente-excellent-extrait-deau-noire-i-723","status":"publish","type":"product","link":"https:\/\/www.myaquastore.com\/fr\/product\/meilleure-vente-excellent-extrait-deau-noire-i-723\/","title":{"rendered":"Meilleure vente, excellent extrait d&rsquo;eau noire I-723"},"content":{"rendered":"<article class=\"article richtext richtext-detail AE:disable\" id=\"richTextContainer\">\n<div style=\"clear:both\">\n<p><span style=\"font-family: 'times new roman', times;font-size: 24px\"> excellent extrait d&rsquo;eau noire I-723 le plus vendu<\/span><br \/><span style=\"font-family: 'times new roman', times;font-size: 24px\">1 Contient des oligo-\u00e9l\u00e9ments essentiels, des vitamines et des extraits de tourbe, de racine tropicale, d&rsquo;\u00e9corce et de bois provenant de la for\u00eat tropicale. Il stimule l&rsquo;apparence de la couleur, le taux de frai et la r\u00e9sistance aux maladies.<\/span><\/p>\n<p><span style=\"font-family: 'times new roman', times;font-size: 24px\">2 R\u00e9duisez la valeur du pH et la duret\u00e9 pour cr\u00e9er une eau douce l\u00e9g\u00e8rement acide qui est parfaite pour garder les discus, les poissons-anges, les n\u00e9ons, les barbes et les gourami.<\/span><\/p>\n<p><span style=\"font-family: 'times new roman', times;font-size: 24px\">3 Il aide \u00e9galement \u00e0 favoriser la croissance des plantes aquatiques et \u00e0 ralentir la croissance des algues.<\/span><\/p>\n<p><span style=\"font-family: 'times new roman', times;font-size: 24px\">4. L&#8217;emballage est de 24 bouteilles par carton<\/span><\/p>\n<div style=\"clear:both\"><\/article>\n","protected":false},"excerpt":{"rendered":"<p>Meilleure vente, excellent extrait d&rsquo;eau noire I-723<\/p>\n","protected":false},"featured_media":3206,"comment_status":"open","ping_status":"closed","template":"","meta":[],"product_brand":[],"product_cat":[1338],"product_tag":[],"class_list":{"0":"post-36558","1":"product","2":"type-product","3":"status-publish","4":"has-post-thumbnail","6":"product_cat-filtres-pour-aquariums","8":"first","9":"instock","10":"shipping-taxable","11":"purchasable","12":"product-type-simple"},"_links":{"self":[{"href":"https:\/\/www.myaquastore.com\/fr\/wp-json\/wp\/v2\/product\/36558","targetHints":{"allow":["GET"]}}],"collection":[{"href":"https:\/\/www.myaquastore.com\/fr\/wp-json\/wp\/v2\/product"}],"about":[{"href":"https:\/\/www.myaquastore.com\/fr\/wp-json\/wp\/v2\/types\/product"}],"replies":[{"embeddable":true,"href":"https:\/\/www.myaquastore.com\/fr\/wp-json\/wp\/v2\/comments?post=36558"}],"wp:featuredmedia":[{"embeddable":true,"href":"https:\/\/www.myaquastore.com\/fr\/wp-json\/wp\/v2\/media\/3206"}],"wp:attachment":[{"href":"https:\/\/www.myaquastore.com\/fr\/wp-json\/wp\/v2\/media?parent=36558"}],"wp:term":[{"taxonomy":"product_brand","embeddable":true,"href":"https:\/\/www.myaquastore.com\/fr\/wp-json\/wp\/v2\/product_brand?post=36558"},{"taxonomy":"product_cat","embeddable":true,"href":"https:\/\/www.myaquastore.com\/fr\/wp-json\/wp\/v2\/product_cat?post=36558"},{"taxonomy":"product_tag","embeddable":true,"href":"https:\/\/www.myaquastore.com\/fr\/wp-json\/wp\/v2\/product_tag?post=36558"}],"curies":[{"name":"wp","href":"https:\/\/api.w.org\/{rel}","templated":true}]}}