{"id":36559,"date":"2016-09-25T23:27:57","date_gmt":"2016-09-25T23:27:57","guid":{"rendered":"https:\/\/www.myaquastore.com\/product\/bacteries-photo-synthetiques-les-plus-vendues-i-721\/"},"modified":"2025-03-16T08:43:34","modified_gmt":"2025-03-16T08:43:34","slug":"bacteries-photo-synthetiques-les-plus-vendues-i-721","status":"publish","type":"product","link":"https:\/\/www.myaquastore.com\/fr\/product\/bacteries-photo-synthetiques-les-plus-vendues-i-721\/","title":{"rendered":"BACT\u00c9RIES PHOTO SYNTH\u00c9TIQUES les plus vendues I-721"},"content":{"rendered":"<article class=\"article richtext richtext-detail AE:disable\" id=\"richTextContainer\">\n<div style=\"clear:both\">\n<p><span style=\"font-family: 'times new roman', times;font-size: 24px\"> best-seller PHOTO BACT\u00c9RIES SYNTH\u00c9TIQUES I-721<\/span><br \/><span style=\"font-family: 'times new roman', times;font-size: 24px\">1 D\u00e9veloppez rapidement et efficacement la colonie de bact\u00e9ries pour d\u00e9composer l&rsquo;ammoniac, le NO2, l&rsquo;hydrog\u00e8ne et d&rsquo;autres composants toxiques.<\/span><\/p>\n<p><span style=\"font-family: 'times new roman', times;font-size: 24px\">2 Cr\u00e9ez les conditions d&rsquo;eau les plus id\u00e9ales pour pr\u00e9venir les causes possibles de maladies. Doit \u00eatre utilis\u00e9 lors du d\u00e9marrage d\u2019un nouveau r\u00e9servoir ou \u00e0 chaque changement d\u2019eau. Un dosage hebdomadaire pourrait \u00e9galement \u00eatre appropri\u00e9.<\/span><\/p>\n<p><span style=\"font-family: 'times new roman', times;font-size: 24px\">3. L&#8217;emballage est de 24 bouteilles par bo\u00eete<\/span><\/p>\n<div style=\"clear:both\"><\/article>\n","protected":false},"excerpt":{"rendered":"<p>BACT\u00c9RIES PHOTO SYNTH\u00c9TIQUES les plus vendues I-721<\/p>\n","protected":false},"featured_media":3208,"comment_status":"open","ping_status":"closed","template":"","meta":[],"product_brand":[],"product_cat":[1338],"product_tag":[],"class_list":{"0":"post-36559","1":"product","2":"type-product","3":"status-publish","4":"has-post-thumbnail","6":"product_cat-filtres-pour-aquariums","8":"first","9":"instock","10":"shipping-taxable","11":"purchasable","12":"product-type-simple"},"_links":{"self":[{"href":"https:\/\/www.myaquastore.com\/fr\/wp-json\/wp\/v2\/product\/36559","targetHints":{"allow":["GET"]}}],"collection":[{"href":"https:\/\/www.myaquastore.com\/fr\/wp-json\/wp\/v2\/product"}],"about":[{"href":"https:\/\/www.myaquastore.com\/fr\/wp-json\/wp\/v2\/types\/product"}],"replies":[{"embeddable":true,"href":"https:\/\/www.myaquastore.com\/fr\/wp-json\/wp\/v2\/comments?post=36559"}],"wp:featuredmedia":[{"embeddable":true,"href":"https:\/\/www.myaquastore.com\/fr\/wp-json\/wp\/v2\/media\/3208"}],"wp:attachment":[{"href":"https:\/\/www.myaquastore.com\/fr\/wp-json\/wp\/v2\/media?parent=36559"}],"wp:term":[{"taxonomy":"product_brand","embeddable":true,"href":"https:\/\/www.myaquastore.com\/fr\/wp-json\/wp\/v2\/product_brand?post=36559"},{"taxonomy":"product_cat","embeddable":true,"href":"https:\/\/www.myaquastore.com\/fr\/wp-json\/wp\/v2\/product_cat?post=36559"},{"taxonomy":"product_tag","embeddable":true,"href":"https:\/\/www.myaquastore.com\/fr\/wp-json\/wp\/v2\/product_tag?post=36559"}],"curies":[{"name":"wp","href":"https:\/\/api.w.org\/{rel}","templated":true}]}}