{"id":36585,"date":"2016-09-25T23:27:58","date_gmt":"2016-09-25T23:27:58","guid":{"rendered":"https:\/\/www.myaquastore.com\/product\/promotion-taiwan-ista-co2-aluminium-co2-gaz-cylindre-i-591-pour-aquarium-de-plantes\/"},"modified":"2025-03-16T08:43:40","modified_gmt":"2025-03-16T08:43:40","slug":"promotion-taiwan-ista-co2-aluminium-co2-gaz-cylindre-i-591-pour-aquarium-de-plantes","status":"publish","type":"product","link":"https:\/\/www.myaquastore.com\/fr\/product\/promotion-taiwan-ista-co2-aluminium-co2-gaz-cylindre-i-591-pour-aquarium-de-plantes\/","title":{"rendered":"Promotion taiwan ISTA CO2 aluminium CO2 gaz cylindre I-591 pour aquarium de plantes"},"content":{"rendered":"<article class=\"article richtext richtext-detail AE:disable\" id=\"richTextContainer\">\n<div style=\"clear:both\">\n<p><span style=\"font-family: 'times new roman', times;font-size: 24px\"> promotion taiwan ISTA CO2 Aluminium CO2 gaz Cylindre I-591 pour aquarium v\u00e9g\u00e9tal<\/span><br \/><span style=\"font-family: 'times new roman', times;font-size: 24px\">1 L&rsquo;aluminium de qualit\u00e9 ajoute du professionnalisme et de l&rsquo;\u00e9l\u00e9gance \u00e0 votre r\u00e9servoir.<\/span><\/p>\n<p><span style=\"font-family: 'times new roman', times;font-size: 24px\">2 Diff\u00e9rentes options de taille disponibles, de la taille de volume 0,38 L \u00e0 3L.<\/span><\/p>\n<p><span style=\"font-family: 'times new roman', times;24px\"> I-591 238mm*54.0mm( 9oz \/ 0.38L)<\/span><br \/><span style=\"font-family: 'times new roman', times;font-size: 24px\">I-592 238mm*63.8mm(12oz \/ 0.50L)<\/span><br \/><span style=\"font-family: 'times new roman', times\u00a0\">I-593 238mm*81.5mm(20oz \/ 0.82L)<\/span><br \/><span style=\"font-family: 'times new roman', times\">I-594 280mm*81.5mm(24oz \/ 1.00L)<\/span><br \/><span style=\"font-family : 'times new roman', times\">I-595 330 mm*81 mm (1,2 L)<\/span><br \/><span style=\"font-family : 'times new roman', times\">I-596 252mm*115mm(1.6L)<\/span><br \/><span style=\"font-family : 'times new roman', times\">I-597 280mm*115mm(2.0L)<\/span><br \/><span style=\"font-family : 'times new roman', times\">I-604 405mm*115mm(3.0L)<\/span><\/p>\n<p><span style=\"font-family : 'times new roman', times\">3.fabriqu\u00e9 \u00e0 Ta\u00efwan<\/span><\/p>\n<p><span>4.excellente qualit\u00e9<\/span><\/p>\n<div style=\"clear:both\"><\/article>\n","protected":false},"excerpt":{"rendered":"<p>Promotion taiwan ISTA CO2 aluminium CO2 gaz cylindre I-591 pour aquarium de plantes<\/p>\n","protected":false},"featured_media":3257,"comment_status":"open","ping_status":"closed","template":"","meta":[],"product_brand":[],"product_cat":[1338],"product_tag":[],"class_list":{"0":"post-36585","1":"product","2":"type-product","3":"status-publish","4":"has-post-thumbnail","6":"product_cat-filtres-pour-aquariums","8":"first","9":"instock","10":"shipping-taxable","11":"purchasable","12":"product-type-simple"},"_links":{"self":[{"href":"https:\/\/www.myaquastore.com\/fr\/wp-json\/wp\/v2\/product\/36585","targetHints":{"allow":["GET"]}}],"collection":[{"href":"https:\/\/www.myaquastore.com\/fr\/wp-json\/wp\/v2\/product"}],"about":[{"href":"https:\/\/www.myaquastore.com\/fr\/wp-json\/wp\/v2\/types\/product"}],"replies":[{"embeddable":true,"href":"https:\/\/www.myaquastore.com\/fr\/wp-json\/wp\/v2\/comments?post=36585"}],"wp:featuredmedia":[{"embeddable":true,"href":"https:\/\/www.myaquastore.com\/fr\/wp-json\/wp\/v2\/media\/3257"}],"wp:attachment":[{"href":"https:\/\/www.myaquastore.com\/fr\/wp-json\/wp\/v2\/media?parent=36585"}],"wp:term":[{"taxonomy":"product_brand","embeddable":true,"href":"https:\/\/www.myaquastore.com\/fr\/wp-json\/wp\/v2\/product_brand?post=36585"},{"taxonomy":"product_cat","embeddable":true,"href":"https:\/\/www.myaquastore.com\/fr\/wp-json\/wp\/v2\/product_cat?post=36585"},{"taxonomy":"product_tag","embeddable":true,"href":"https:\/\/www.myaquastore.com\/fr\/wp-json\/wp\/v2\/product_tag?post=36585"}],"curies":[{"name":"wp","href":"https:\/\/api.w.org\/{rel}","templated":true}]}}