{"id":36590,"date":"2016-09-25T23:27:58","date_gmt":"2016-09-25T23:27:58","guid":{"rendered":"https:\/\/www.myaquastore.com\/product\/coffret-cadeau-diffuseur-co2-ista-i-519\/"},"modified":"2025-03-16T08:43:41","modified_gmt":"2025-03-16T08:43:41","slug":"coffret-cadeau-diffuseur-co2-ista-i-519","status":"publish","type":"product","link":"https:\/\/www.myaquastore.com\/fr\/product\/coffret-cadeau-diffuseur-co2-ista-i-519\/","title":{"rendered":"Coffret cadeau diffuseur CO2 ISTA I-519"},"content":{"rendered":"<article class=\"article richtext richtext-detail AE:disable\" id=\"richTextContainer\">\n<div style=\"clear:both\">\n<p><span style=\"font-family: 'times new roman', times;font-size: 24px\">Coffret cadeau diffuseur de CO2 ISTA I-519<\/span><\/p>\n<p><span style=\"font-family: 'times new roman', times;font-size: 24px\">1 Contient 95g de Co2 liquide sous pression. Poids total assur\u00e9 pour le meilleur achat par rapport \u00e0 d&rsquo;autres cartouches similaires existantes sur le march\u00e9.<\/span><br \/><span style=\"font-family: 'times new roman', times;font-size: 24px\">2 Avec un contr\u00f4le de qualit\u00e9 strict, qualit\u00e9 et s\u00e9curit\u00e9 assur\u00e9es.<\/span><br \/><span style=\"font-family: 'times new roman', times;font-size: 24px\">3 Cartouche jetable, sans probl\u00e8me de Co2 remplissage.<\/span><br \/><span style=\"font-family: 'times new roman', times;font-size: 24px\">4 Changement de cartouche simple et facile.<\/span><\/p>\n<div style=\"clear:both\"><\/article>\n","protected":false},"excerpt":{"rendered":"<p>Coffret cadeau diffuseur CO2 ISTA I-519<\/p>\n","protected":false},"featured_media":3267,"comment_status":"open","ping_status":"closed","template":"","meta":[],"product_brand":[],"product_cat":[1338],"product_tag":[],"class_list":{"0":"post-36590","1":"product","2":"type-product","3":"status-publish","4":"has-post-thumbnail","6":"product_cat-filtres-pour-aquariums","8":"first","9":"instock","10":"shipping-taxable","11":"purchasable","12":"product-type-simple"},"_links":{"self":[{"href":"https:\/\/www.myaquastore.com\/fr\/wp-json\/wp\/v2\/product\/36590","targetHints":{"allow":["GET"]}}],"collection":[{"href":"https:\/\/www.myaquastore.com\/fr\/wp-json\/wp\/v2\/product"}],"about":[{"href":"https:\/\/www.myaquastore.com\/fr\/wp-json\/wp\/v2\/types\/product"}],"replies":[{"embeddable":true,"href":"https:\/\/www.myaquastore.com\/fr\/wp-json\/wp\/v2\/comments?post=36590"}],"wp:featuredmedia":[{"embeddable":true,"href":"https:\/\/www.myaquastore.com\/fr\/wp-json\/wp\/v2\/media\/3267"}],"wp:attachment":[{"href":"https:\/\/www.myaquastore.com\/fr\/wp-json\/wp\/v2\/media?parent=36590"}],"wp:term":[{"taxonomy":"product_brand","embeddable":true,"href":"https:\/\/www.myaquastore.com\/fr\/wp-json\/wp\/v2\/product_brand?post=36590"},{"taxonomy":"product_cat","embeddable":true,"href":"https:\/\/www.myaquastore.com\/fr\/wp-json\/wp\/v2\/product_cat?post=36590"},{"taxonomy":"product_tag","embeddable":true,"href":"https:\/\/www.myaquastore.com\/fr\/wp-json\/wp\/v2\/product_tag?post=36590"}],"curies":[{"name":"wp","href":"https:\/\/api.w.org\/{rel}","templated":true}]}}