{"id":36591,"date":"2016-09-25T23:27:58","date_gmt":"2016-09-25T23:27:58","guid":{"rendered":"https:\/\/www.myaquastore.com\/product\/coffret-cadeau-diffuseur-co2-ista-i-518\/"},"modified":"2025-03-16T08:43:41","modified_gmt":"2025-03-16T08:43:41","slug":"coffret-cadeau-diffuseur-co2-ista-i-518","status":"publish","type":"product","link":"https:\/\/www.myaquastore.com\/fr\/product\/coffret-cadeau-diffuseur-co2-ista-i-518\/","title":{"rendered":"Coffret cadeau diffuseur CO2 ISTA I-518"},"content":{"rendered":"<article class=\"article richtext richtext-detail AE:disable\" id=\"richTextContainer\">\n<h2 class=\"article-title\">Sp\u00e9cifications<\/h2>\n<div style=\"clear:both\"> Coffret cadeau diffuseur de CO2 ISTA I-518 <br \/>1 Contient 95 g de Co2 liquide sous pression. Poids total assur\u00e9 pour le meilleur achat <br \/>2 s\u00e9curit\u00e9 <\/p>\n<div style=\"clear:both\">\n<p>Coffret cadeau diffuseur de CO2 ISTA I-518<\/p>\n<p>1 Contient 95 g de Co2 liquide sous pression. Poids total assur\u00e9 pour le meilleur achat par rapport aux autres cartouches similaires existantes sur le march\u00e9.<br \/>2 Avec un contr\u00f4le qualit\u00e9 strict, qualit\u00e9 et s\u00e9curit\u00e9 assur\u00e9es.<br \/>3 Cartouche jetable, sans probl\u00e8me de remplissage de Co2.<br \/>4 Changement de cartouche simple et facile.<\/p>\n<div style=\"clear:both\"><\/article>\n","protected":false},"excerpt":{"rendered":"<p>Coffret cadeau diffuseur CO2 ISTA I-518<\/p>\n","protected":false},"featured_media":3269,"comment_status":"open","ping_status":"closed","template":"","meta":[],"product_brand":[],"product_cat":[1338],"product_tag":[],"class_list":{"0":"post-36591","1":"product","2":"type-product","3":"status-publish","4":"has-post-thumbnail","6":"product_cat-filtres-pour-aquariums","8":"first","9":"instock","10":"shipping-taxable","11":"purchasable","12":"product-type-simple"},"_links":{"self":[{"href":"https:\/\/www.myaquastore.com\/fr\/wp-json\/wp\/v2\/product\/36591","targetHints":{"allow":["GET"]}}],"collection":[{"href":"https:\/\/www.myaquastore.com\/fr\/wp-json\/wp\/v2\/product"}],"about":[{"href":"https:\/\/www.myaquastore.com\/fr\/wp-json\/wp\/v2\/types\/product"}],"replies":[{"embeddable":true,"href":"https:\/\/www.myaquastore.com\/fr\/wp-json\/wp\/v2\/comments?post=36591"}],"wp:featuredmedia":[{"embeddable":true,"href":"https:\/\/www.myaquastore.com\/fr\/wp-json\/wp\/v2\/media\/3269"}],"wp:attachment":[{"href":"https:\/\/www.myaquastore.com\/fr\/wp-json\/wp\/v2\/media?parent=36591"}],"wp:term":[{"taxonomy":"product_brand","embeddable":true,"href":"https:\/\/www.myaquastore.com\/fr\/wp-json\/wp\/v2\/product_brand?post=36591"},{"taxonomy":"product_cat","embeddable":true,"href":"https:\/\/www.myaquastore.com\/fr\/wp-json\/wp\/v2\/product_cat?post=36591"},{"taxonomy":"product_tag","embeddable":true,"href":"https:\/\/www.myaquastore.com\/fr\/wp-json\/wp\/v2\/product_tag?post=36591"}],"curies":[{"name":"wp","href":"https:\/\/api.w.org\/{rel}","templated":true}]}}