{"id":36596,"date":"2016-09-25T23:27:58","date_gmt":"2016-09-25T23:27:58","guid":{"rendered":"https:\/\/www.myaquastore.com\/product\/coffret-cadeau-diffuseur-co2-ista-i-513\/"},"modified":"2025-03-16T08:43:42","modified_gmt":"2025-03-16T08:43:42","slug":"coffret-cadeau-diffuseur-co2-ista-i-513","status":"publish","type":"product","link":"https:\/\/www.myaquastore.com\/fr\/product\/coffret-cadeau-diffuseur-co2-ista-i-513\/","title":{"rendered":"Coffret cadeau diffuseur CO2 ISTA I-513"},"content":{"rendered":"<article class=\"article richtext richtext-detail AE:disable\" id=\"richTextContainer\">\n<h2 class=\"article-title\">Sp\u00e9cifications<\/h2>\n<div style=\"clear:both\"> Coffret cadeau diffuseur de CO2 ISTA I-513 <br \/>1 Pratique \u00e0 utiliser, facile \u00e0 installer et sans probl\u00e8me de remplissage de CO2. <\/p>\n<div style=\"clear:both\">\n<p>Coffret cadeau diffuseur de CO2 ISTA I-513<\/p>\n<ul>\n<li>Ensemble complet d&rsquo;approvisionnement en CO2 qui assure un approvisionnement en CO2 facile et fiable.<span> <\/span><\/li>\n<li>Cartouche de CO2 jetable incluse, sans probl\u00e8me de remplissage de CO2.<\/li>\n<li>R\u00e9gulateur de pression de CO2 inclus, permet un r\u00e9glage pr\u00e9cis du d\u00e9bit d&rsquo;alimentation en CO2.<\/li>\n<li>CO2 3 en 1 diffuseur inclus, meilleur taux de diffusion de CO2 promis.<\/li>\n<li>Support de support inclus, permet une installation pratique et facile.<\/li>\n<\/ul>\n<div style=\"clear:both\"><\/article>\n","protected":false},"excerpt":{"rendered":"<p>Coffret cadeau diffuseur CO2 ISTA I-513<\/p>\n","protected":false},"featured_media":3276,"comment_status":"open","ping_status":"closed","template":"","meta":[],"product_brand":[],"product_cat":[1338],"product_tag":[],"class_list":{"0":"post-36596","1":"product","2":"type-product","3":"status-publish","4":"has-post-thumbnail","6":"product_cat-filtres-pour-aquariums","8":"first","9":"instock","10":"shipping-taxable","11":"purchasable","12":"product-type-simple"},"_links":{"self":[{"href":"https:\/\/www.myaquastore.com\/fr\/wp-json\/wp\/v2\/product\/36596","targetHints":{"allow":["GET"]}}],"collection":[{"href":"https:\/\/www.myaquastore.com\/fr\/wp-json\/wp\/v2\/product"}],"about":[{"href":"https:\/\/www.myaquastore.com\/fr\/wp-json\/wp\/v2\/types\/product"}],"replies":[{"embeddable":true,"href":"https:\/\/www.myaquastore.com\/fr\/wp-json\/wp\/v2\/comments?post=36596"}],"wp:featuredmedia":[{"embeddable":true,"href":"https:\/\/www.myaquastore.com\/fr\/wp-json\/wp\/v2\/media\/3276"}],"wp:attachment":[{"href":"https:\/\/www.myaquastore.com\/fr\/wp-json\/wp\/v2\/media?parent=36596"}],"wp:term":[{"taxonomy":"product_brand","embeddable":true,"href":"https:\/\/www.myaquastore.com\/fr\/wp-json\/wp\/v2\/product_brand?post=36596"},{"taxonomy":"product_cat","embeddable":true,"href":"https:\/\/www.myaquastore.com\/fr\/wp-json\/wp\/v2\/product_cat?post=36596"},{"taxonomy":"product_tag","embeddable":true,"href":"https:\/\/www.myaquastore.com\/fr\/wp-json\/wp\/v2\/product_tag?post=36596"}],"curies":[{"name":"wp","href":"https:\/\/api.w.org\/{rel}","templated":true}]}}