{"id":36604,"date":"2016-09-25T23:27:58","date_gmt":"2016-09-25T23:27:58","guid":{"rendered":"https:\/\/www.myaquastore.com\/product\/filtre-externe-ista-115w-06m-i-151\/"},"modified":"2025-03-16T08:43:43","modified_gmt":"2025-03-16T08:43:43","slug":"filtre-externe-ista-115w-06m-i-151","status":"publish","type":"product","link":"https:\/\/www.myaquastore.com\/fr\/product\/filtre-externe-ista-115w-06m-i-151\/","title":{"rendered":"Filtre externe ISTA 11,5W 0,6m I-151"},"content":{"rendered":"<article class=\"article richtext richtext-detail AE:disable\" id=\"richTextContainer\">\n<h2 class=\"article-title\">Sp\u00e9cifications<\/h2>\n<div style=\"clear:both\"> Filtre externe ISTA 11,5 W 0,6 m I-151 <br \/>1Performance s\u00fbre et fiable <br \/>2Puissance de sortie entra\u00een\u00e9e par une pompe de haute qualit\u00e9 <\/p>\n<div style=\"clear:both\">\n<p>Filtre externe ISTA 11,5 W 0,6 m I-151<\/p>\n<p>1Performances s\u00fbres et fiables<br \/>2Puissance de sortie entra\u00een\u00e9e par une pompe de haute qualit\u00e9<br \/>3Convient \u00e0 l&rsquo;eau douce et \u00e0 l&rsquo;eau marine jusqu&rsquo;\u00e0 un r\u00e9servoir de 80 L<br \/>4Plusieurs types de m\u00e9dias filtrants sont inclus pour garantir la meilleure qualit\u00e9 de l&rsquo;eau<\/p>\n<p>5 la lev\u00e9e maximale est de 0,6 m<\/p>\n<p>6 le poids net est 1,8 kg <\/p>\n<div style=\"clear:both\"><\/article>\n","protected":false},"excerpt":{"rendered":"<p>Filtre externe ISTA 11,5W 0,6m I-151<\/p>\n","protected":false},"featured_media":3287,"comment_status":"open","ping_status":"closed","template":"","meta":[],"product_brand":[],"product_cat":[1338],"product_tag":[],"class_list":{"0":"post-36604","1":"product","2":"type-product","3":"status-publish","4":"has-post-thumbnail","6":"product_cat-filtres-pour-aquariums","8":"first","9":"instock","10":"shipping-taxable","11":"purchasable","12":"product-type-simple"},"_links":{"self":[{"href":"https:\/\/www.myaquastore.com\/fr\/wp-json\/wp\/v2\/product\/36604","targetHints":{"allow":["GET"]}}],"collection":[{"href":"https:\/\/www.myaquastore.com\/fr\/wp-json\/wp\/v2\/product"}],"about":[{"href":"https:\/\/www.myaquastore.com\/fr\/wp-json\/wp\/v2\/types\/product"}],"replies":[{"embeddable":true,"href":"https:\/\/www.myaquastore.com\/fr\/wp-json\/wp\/v2\/comments?post=36604"}],"wp:featuredmedia":[{"embeddable":true,"href":"https:\/\/www.myaquastore.com\/fr\/wp-json\/wp\/v2\/media\/3287"}],"wp:attachment":[{"href":"https:\/\/www.myaquastore.com\/fr\/wp-json\/wp\/v2\/media?parent=36604"}],"wp:term":[{"taxonomy":"product_brand","embeddable":true,"href":"https:\/\/www.myaquastore.com\/fr\/wp-json\/wp\/v2\/product_brand?post=36604"},{"taxonomy":"product_cat","embeddable":true,"href":"https:\/\/www.myaquastore.com\/fr\/wp-json\/wp\/v2\/product_cat?post=36604"},{"taxonomy":"product_tag","embeddable":true,"href":"https:\/\/www.myaquastore.com\/fr\/wp-json\/wp\/v2\/product_tag?post=36604"}],"curies":[{"name":"wp","href":"https:\/\/api.w.org\/{rel}","templated":true}]}}