{"id":36607,"date":"2016-09-25T23:27:58","date_gmt":"2016-09-25T23:27:58","guid":{"rendered":"https:\/\/www.myaquastore.com\/product\/petite-pompe-a-air-pour-aquarium-silencieux-rs-meilleure-vente-rs-410\/"},"modified":"2025-03-16T08:43:44","modified_gmt":"2025-03-16T08:43:44","slug":"petite-pompe-a-air-pour-aquarium-silencieux-rs-meilleure-vente-rs-410","status":"publish","type":"product","link":"https:\/\/www.myaquastore.com\/fr\/product\/petite-pompe-a-air-pour-aquarium-silencieux-rs-meilleure-vente-rs-410\/","title":{"rendered":"Petite pompe \u00e0 air pour aquarium silencieux rs, meilleure vente, RS-410"},"content":{"rendered":"<article class=\"article richtext richtext-detail AE:disable\" id=\"richTextContainer\">\n<div style=\"clear:both\">\n<p><span style=\"font-family: 'times new roman', times;font-size: 24px\">meilleure vente rs silencieuse aquarium petite pompe \u00e0 air RS-410<\/span><br \/><span style=\"font-family: 'times new roman', times\">1. poss\u00e8de un syst\u00e8me de compression d&rsquo;air avanc\u00e9, un syst\u00e8me d&rsquo;amortissement et un silencieux \u00e0 plusieurs niveaux extr\u00eamement silencieux.<\/span><\/p>\n<p><span style=\"font-family: 'times new roman', times;font-size: 24px\">2. Adoptez un caoutchouc artificiel sp\u00e9cial pour maintenir un d\u00e9bit d&rsquo;air et une pression stables.<\/span><\/p>\n<p><span style=\"font-family: 'times new roman', times\">3. La structure est raisonnable et compacte, elle a une longue dur\u00e9e de vie et acquiert le meilleur effet avec la consommation d&rsquo;\u00e9nergie la plus faible<\/span><\/p>\n<p><span style=\"font-family: 'times new roman', times;font-size: 24px\">4. Taille : 141*84*54mm<\/span><\/p>\n<div style=\"clear:both\"><\/article>\n","protected":false},"excerpt":{"rendered":"<p>Petite pompe \u00e0 air pour aquarium silencieux rs, meilleure vente, RS-410<\/p>\n","protected":false},"featured_media":3293,"comment_status":"open","ping_status":"closed","template":"","meta":[],"product_brand":[],"product_cat":[1338],"product_tag":[],"class_list":{"0":"post-36607","1":"product","2":"type-product","3":"status-publish","4":"has-post-thumbnail","6":"product_cat-filtres-pour-aquariums","8":"first","9":"instock","10":"shipping-taxable","11":"purchasable","12":"product-type-simple"},"_links":{"self":[{"href":"https:\/\/www.myaquastore.com\/fr\/wp-json\/wp\/v2\/product\/36607","targetHints":{"allow":["GET"]}}],"collection":[{"href":"https:\/\/www.myaquastore.com\/fr\/wp-json\/wp\/v2\/product"}],"about":[{"href":"https:\/\/www.myaquastore.com\/fr\/wp-json\/wp\/v2\/types\/product"}],"replies":[{"embeddable":true,"href":"https:\/\/www.myaquastore.com\/fr\/wp-json\/wp\/v2\/comments?post=36607"}],"wp:featuredmedia":[{"embeddable":true,"href":"https:\/\/www.myaquastore.com\/fr\/wp-json\/wp\/v2\/media\/3293"}],"wp:attachment":[{"href":"https:\/\/www.myaquastore.com\/fr\/wp-json\/wp\/v2\/media?parent=36607"}],"wp:term":[{"taxonomy":"product_brand","embeddable":true,"href":"https:\/\/www.myaquastore.com\/fr\/wp-json\/wp\/v2\/product_brand?post=36607"},{"taxonomy":"product_cat","embeddable":true,"href":"https:\/\/www.myaquastore.com\/fr\/wp-json\/wp\/v2\/product_cat?post=36607"},{"taxonomy":"product_tag","embeddable":true,"href":"https:\/\/www.myaquastore.com\/fr\/wp-json\/wp\/v2\/product_tag?post=36607"}],"curies":[{"name":"wp","href":"https:\/\/api.w.org\/{rel}","templated":true}]}}